{"id":1019,"date":"2025-11-28T15:36:53","date_gmt":"2025-11-28T14:36:53","guid":{"rendered":"https:\/\/protestants-haguenau.fr\/?page_id=1019"},"modified":"2025-12-01T09:17:15","modified_gmt":"2025-12-01T08:17:15","slug":"actualites","status":"publish","type":"page","link":"https:\/\/protestants-haguenau.fr\/index.php\/actualites\/","title":{"rendered":"Actualit\u00e9s"},"content":{"rendered":"\n<p>Retrouvez sur cette page toutes les actualit\u00e9s de notre paroisse. Nous y partageons des nouvelles, racontons des \u00e9v\u00e8nements v\u00e9cus ensemble et annon\u00e7ons ceux \u00e0 venir. Vous pouvez donc y revenir r\u00e9guli\u00e8rement! <\/p>\n\n\n\n<hr class=\"wp-block-separator has-alpha-channel-opacity is-style-wide\"\/>\n\n\n<ul class=\"wp-block-latest-posts__list wp-block-latest-posts\"><li><div class=\"wp-block-latest-posts__featured-image\"><a href=\"https:\/\/protestants-haguenau.fr\/index.php\/2026\/03\/06\/assemblee-de-paroisse\/\" aria-label=\"Assembl\u00e9e de paroisse\"><img loading=\"lazy\" decoding=\"async\" width=\"300\" height=\"200\" src=\"https:\/\/protestants-haguenau.fr\/wp-content\/uploads\/2026\/03\/Sans-titre-300x200.jpg\" class=\"attachment-medium size-medium wp-post-image\" alt=\"\" style=\"\" srcset=\"https:\/\/protestants-haguenau.fr\/wp-content\/uploads\/2026\/03\/Sans-titre-300x200.jpg 300w, https:\/\/protestants-haguenau.fr\/wp-content\/uploads\/2026\/03\/Sans-titre-e1772806907769.jpg 469w\" sizes=\"auto, (max-width: 300px) 100vw, 300px\" \/><\/a><\/div><a class=\"wp-block-latest-posts__post-title\" href=\"https:\/\/protestants-haguenau.fr\/index.php\/2026\/03\/06\/assemblee-de-paroisse\/\">Assembl\u00e9e de paroisse<\/a><div class=\"wp-block-latest-posts__post-excerpt\">Assembl\u00e9e de paroisse R\u00eaver l\u2019avenir de notre paroisse, ensemble C\u2019est une premi\u00e8re dans notre paroisse : une assembl\u00e9e largement ouverte, pens\u00e9e comme un temps de discernement collectif et communautaire. Cette matin\u00e9e sera l\u2019occasion de r\u00e9fl\u00e9chir ensemble \u00e0 la vie de notre paroisse : faire un \u00e9tat des lieux de ce qui existe d\u00e9j\u00e0, de ce <a class=\"more-link\" href=\"https:\/\/protestants-haguenau.fr\/index.php\/2026\/03\/06\/assemblee-de-paroisse\/\">En savoir plus&#8230;<\/a><\/div><\/li>\n<li><div class=\"wp-block-latest-posts__featured-image\"><a href=\"https:\/\/protestants-haguenau.fr\/index.php\/2026\/01\/26\/des-projets-ambitieux-pour-lavenir-de-notre-paroisse\/\" aria-label=\"Des projets ambitieux pour l\u2019avenir de notre paroisse\"><img loading=\"lazy\" decoding=\"async\" width=\"200\" height=\"200\" src=\"https:\/\/protestants-haguenau.fr\/wp-content\/uploads\/2026\/01\/Projets-et-travaux-2026.png\" class=\"attachment-medium size-medium wp-post-image\" alt=\"Travaux 2026\" style=\"\" srcset=\"https:\/\/protestants-haguenau.fr\/wp-content\/uploads\/2026\/01\/Projets-et-travaux-2026.png 200w, https:\/\/protestants-haguenau.fr\/wp-content\/uploads\/2026\/01\/Projets-et-travaux-2026-150x150.png 150w, https:\/\/protestants-haguenau.fr\/wp-content\/uploads\/2026\/01\/Projets-et-travaux-2026-100x100.png 100w, https:\/\/protestants-haguenau.fr\/wp-content\/uploads\/2026\/01\/Projets-et-travaux-2026-40x40.png 40w\" sizes=\"auto, (max-width: 200px) 100vw, 200px\" \/><\/a><\/div><a class=\"wp-block-latest-posts__post-title\" href=\"https:\/\/protestants-haguenau.fr\/index.php\/2026\/01\/26\/des-projets-ambitieux-pour-lavenir-de-notre-paroisse\/\">Des projets ambitieux pour l\u2019avenir de notre paroisse<\/a><div class=\"wp-block-latest-posts__post-excerpt\">La paroisse protestante de Haguenau s\u2019engage dans une nouvelle \u00e9tape de son histoire, marqu\u00e9e par des choix forts en faveur de la transition \u00e9cologique et de la responsabilit\u00e9 \u00e9nerg\u00e9tique. Parmi les projets \u00e0 venir, la r\u00e9habilitation du presbyt\u00e8re de la Redoute occupe une place centrale. Ce b\u00e2timent sera profond\u00e9ment repens\u00e9 afin de devenir beaucoup moins <a class=\"more-link\" href=\"https:\/\/protestants-haguenau.fr\/index.php\/2026\/01\/26\/des-projets-ambitieux-pour-lavenir-de-notre-paroisse\/\">En savoir plus&#8230;<\/a><\/div><\/li>\n<li><div class=\"wp-block-latest-posts__featured-image\"><a href=\"https:\/\/protestants-haguenau.fr\/index.php\/2025\/12\/16\/appel-a-don\/\" aria-label=\"Appel \u00e0 don\"><img loading=\"lazy\" decoding=\"async\" width=\"300\" height=\"300\" src=\"https:\/\/protestants-haguenau.fr\/wp-content\/uploads\/2025\/12\/Appel-a-don.png\" class=\"attachment-medium size-medium wp-post-image\" alt=\"Appel \u00e0 don\" style=\"\" srcset=\"https:\/\/protestants-haguenau.fr\/wp-content\/uploads\/2025\/12\/Appel-a-don.png 300w, https:\/\/protestants-haguenau.fr\/wp-content\/uploads\/2025\/12\/Appel-a-don-150x150.png 150w, https:\/\/protestants-haguenau.fr\/wp-content\/uploads\/2025\/12\/Appel-a-don-200x200.png 200w, https:\/\/protestants-haguenau.fr\/wp-content\/uploads\/2025\/12\/Appel-a-don-100x100.png 100w, https:\/\/protestants-haguenau.fr\/wp-content\/uploads\/2025\/12\/Appel-a-don-40x40.png 40w\" sizes=\"auto, (max-width: 300px) 100vw, 300px\" \/><\/a><\/div><a class=\"wp-block-latest-posts__post-title\" href=\"https:\/\/protestants-haguenau.fr\/index.php\/2025\/12\/16\/appel-a-don\/\">Appel \u00e0 don<\/a><div class=\"wp-block-latest-posts__post-excerpt\">Chers amis de la paroisse protestante de Haguenau, Nous esp\u00e9rons que vous allez bien et que vous avancez sereinement vers la fin de cette ann\u00e9e 2025. Nous sommes reconnaissants pour toutes les belles choses que nous avons v\u00e9cues ensemble ces derniers mois, et pour l\u2019engagement fid\u00e8le de tant de personnes au service de notre paroisse. <a class=\"more-link\" href=\"https:\/\/protestants-haguenau.fr\/index.php\/2025\/12\/16\/appel-a-don\/\">En savoir plus&#8230;<\/a><\/div><\/li>\n<li><div class=\"wp-block-latest-posts__featured-image\"><a href=\"https:\/\/protestants-haguenau.fr\/index.php\/2025\/12\/01\/journee-de-fabrication-des-couronnes-de-lavent\/\" aria-label=\"Journ\u00e9e de fabrication des couronnes de l&rsquo;Avent\"><img loading=\"lazy\" decoding=\"async\" width=\"200\" height=\"200\" src=\"https:\/\/protestants-haguenau.fr\/wp-content\/uploads\/2025\/12\/Journee-couronnes.png\" class=\"attachment-medium size-medium wp-post-image\" alt=\"\" style=\"\" srcset=\"https:\/\/protestants-haguenau.fr\/wp-content\/uploads\/2025\/12\/Journee-couronnes.png 200w, https:\/\/protestants-haguenau.fr\/wp-content\/uploads\/2025\/12\/Journee-couronnes-150x150.png 150w, https:\/\/protestants-haguenau.fr\/wp-content\/uploads\/2025\/12\/Journee-couronnes-100x100.png 100w, https:\/\/protestants-haguenau.fr\/wp-content\/uploads\/2025\/12\/Journee-couronnes-40x40.png 40w\" sizes=\"auto, (max-width: 200px) 100vw, 200px\" \/><\/a><\/div><a class=\"wp-block-latest-posts__post-title\" href=\"https:\/\/protestants-haguenau.fr\/index.php\/2025\/12\/01\/journee-de-fabrication-des-couronnes-de-lavent\/\">Journ\u00e9e de fabrication des couronnes de l&rsquo;Avent<\/a><div class=\"wp-block-latest-posts__post-excerpt\">Ce samedi 29 novembre, le foyer Capito ressemblait \u00e0 une fourmili\u00e8re. C\u2019\u00e9tait notre traditionnelle journ\u00e9e de fabrication des couronnes de l\u2019Avent. Nous \u00e9tions nombreux \u00e0 nous retrouver pour ce temps de cr\u00e9ativit\u00e9 et de partage. Le matin, nous avons commenc\u00e9 par un temps de chant et de pri\u00e8re. Puis Hubert nous a montr\u00e9 comment tresser <a class=\"more-link\" href=\"https:\/\/protestants-haguenau.fr\/index.php\/2025\/12\/01\/journee-de-fabrication-des-couronnes-de-lavent\/\">En savoir plus&#8230;<\/a><\/div><\/li>\n<li><div class=\"wp-block-latest-posts__featured-image\"><a href=\"https:\/\/protestants-haguenau.fr\/index.php\/2025\/11\/28\/test-article\/\" aria-label=\"Un nouveau site internet\"><img loading=\"lazy\" decoding=\"async\" width=\"200\" height=\"200\" src=\"https:\/\/protestants-haguenau.fr\/wp-content\/uploads\/2025\/11\/Design-sans-titre.png\" class=\"attachment-medium size-medium wp-post-image\" alt=\"\" style=\"\" srcset=\"https:\/\/protestants-haguenau.fr\/wp-content\/uploads\/2025\/11\/Design-sans-titre.png 200w, https:\/\/protestants-haguenau.fr\/wp-content\/uploads\/2025\/11\/Design-sans-titre-150x150.png 150w, https:\/\/protestants-haguenau.fr\/wp-content\/uploads\/2025\/11\/Design-sans-titre-100x100.png 100w, https:\/\/protestants-haguenau.fr\/wp-content\/uploads\/2025\/11\/Design-sans-titre-40x40.png 40w\" sizes=\"auto, (max-width: 200px) 100vw, 200px\" \/><\/a><\/div><a class=\"wp-block-latest-posts__post-title\" href=\"https:\/\/protestants-haguenau.fr\/index.php\/2025\/11\/28\/test-article\/\">Un nouveau site internet<\/a><div class=\"wp-block-latest-posts__post-excerpt\">Voil\u00e0 longtemps que notre paroisse ne b\u00e9n\u00e9ficiait plus d&rsquo;un site internet fonctionnel. C&rsquo;est d\u00e9sormais du pass\u00e9! En ce d\u00e9but d&rsquo;Avent, nous avons la joie de vous accueillir sur notre site tout neuf. Il est encore en construction mais vous y trouverez d\u00e9j\u00e0 les informations utiles. Bonne navigation !<\/div><\/li>\n<\/ul>\n\n\n<p><\/p>\n","protected":false},"excerpt":{"rendered":"<p>Retrouvez sur cette page toutes les actualit\u00e9s de notre paroisse. Nous y partageons des nouvelles, racontons des \u00e9v\u00e8nements v\u00e9cus ensemble et annon\u00e7ons ceux \u00e0 venir. Vous pouvez donc y revenir <a class=\"more-link\" href=\"https:\/\/protestants-haguenau.fr\/index.php\/actualites\/\">En savoir plus&#8230;<\/a><\/p>\n","protected":false},"author":1,"featured_media":0,"parent":0,"menu_order":0,"comment_status":"closed","ping_status":"closed","template":"","meta":{"footnotes":""},"class_list":["post-1019","page","type-page","status-publish","hentry"],"yoast_head":"<!-- This site is optimized with the Yoast SEO plugin v27.1.1 - https:\/\/yoast.com\/product\/yoast-seo-wordpress\/ -->\n<title>Actualit\u00e9s - Paroisse Protestante de Haguenau<\/title>\n<meta name=\"robots\" content=\"index, follow, max-snippet:-1, max-image-preview:large, max-video-preview:-1\" \/>\n<link rel=\"canonical\" href=\"https:\/\/protestants-haguenau.fr\/index.php\/actualites\/\" \/>\n<meta property=\"og:locale\" content=\"fr_FR\" \/>\n<meta property=\"og:type\" content=\"article\" \/>\n<meta property=\"og:title\" content=\"Actualit\u00e9s - Paroisse Protestante de Haguenau\" \/>\n<meta property=\"og:description\" content=\"Retrouvez sur cette page toutes les actualit\u00e9s de notre paroisse. Nous y partageons des nouvelles, racontons des \u00e9v\u00e8nements v\u00e9cus ensemble et annon\u00e7ons ceux \u00e0 venir. Vous pouvez donc y revenir En savoir plus...\" \/>\n<meta property=\"og:url\" content=\"https:\/\/protestants-haguenau.fr\/index.php\/actualites\/\" \/>\n<meta property=\"og:site_name\" content=\"Paroisse Protestante de Haguenau\" \/>\n<meta property=\"article:publisher\" content=\"https:\/\/www.facebook.com\/paroisseprotestantehaguenau\/?locale=fr_FR\" \/>\n<meta property=\"article:modified_time\" content=\"2025-12-01T08:17:15+00:00\" \/>\n<meta property=\"og:image\" content=\"https:\/\/protestants-haguenau.fr\/wp-content\/uploads\/2026\/03\/Images-banniere-site.png\" \/>\n\t<meta property=\"og:image:width\" content=\"1200\" \/>\n\t<meta property=\"og:image:height\" content=\"514\" \/>\n\t<meta property=\"og:image:type\" content=\"image\/png\" \/>\n<meta name=\"twitter:card\" content=\"summary_large_image\" \/>\n<script type=\"application\/ld+json\" class=\"yoast-schema-graph\">{\"@context\":\"https:\/\/schema.org\",\"@graph\":[{\"@type\":\"WebPage\",\"@id\":\"https:\/\/protestants-haguenau.fr\/index.php\/actualites\/\",\"url\":\"https:\/\/protestants-haguenau.fr\/index.php\/actualites\/\",\"name\":\"Actualit\u00e9s - Paroisse Protestante de Haguenau\",\"isPartOf\":{\"@id\":\"https:\/\/protestants-haguenau.fr\/#website\"},\"datePublished\":\"2025-11-28T14:36:53+00:00\",\"dateModified\":\"2025-12-01T08:17:15+00:00\",\"breadcrumb\":{\"@id\":\"https:\/\/protestants-haguenau.fr\/index.php\/actualites\/#breadcrumb\"},\"inLanguage\":\"fr-FR\",\"potentialAction\":[{\"@type\":\"ReadAction\",\"target\":[\"https:\/\/protestants-haguenau.fr\/index.php\/actualites\/\"]}]},{\"@type\":\"BreadcrumbList\",\"@id\":\"https:\/\/protestants-haguenau.fr\/index.php\/actualites\/#breadcrumb\",\"itemListElement\":[{\"@type\":\"ListItem\",\"position\":1,\"name\":\"Accueil\",\"item\":\"https:\/\/protestants-haguenau.fr\/\"},{\"@type\":\"ListItem\",\"position\":2,\"name\":\"Actualit\u00e9s\"}]},{\"@type\":\"WebSite\",\"@id\":\"https:\/\/protestants-haguenau.fr\/#website\",\"url\":\"https:\/\/protestants-haguenau.fr\/\",\"name\":\"Paroisse Protestante de Haguenau\",\"description\":\"Actualit\u00e9s et informations\",\"publisher\":{\"@id\":\"https:\/\/protestants-haguenau.fr\/#organization\"},\"potentialAction\":[{\"@type\":\"SearchAction\",\"target\":{\"@type\":\"EntryPoint\",\"urlTemplate\":\"https:\/\/protestants-haguenau.fr\/?s={search_term_string}\"},\"query-input\":{\"@type\":\"PropertyValueSpecification\",\"valueRequired\":true,\"valueName\":\"search_term_string\"}}],\"inLanguage\":\"fr-FR\"},{\"@type\":\"Organization\",\"@id\":\"https:\/\/protestants-haguenau.fr\/#organization\",\"name\":\"Paroisse Protestante de Haguenau\",\"url\":\"https:\/\/protestants-haguenau.fr\/\",\"logo\":{\"@type\":\"ImageObject\",\"inLanguage\":\"fr-FR\",\"@id\":\"https:\/\/protestants-haguenau.fr\/#\/schema\/logo\/image\/\",\"url\":\"https:\/\/protestants-haguenau.fr\/wp-content\/uploads\/2025\/11\/cropped-Plan-de-travail-5.png\",\"contentUrl\":\"https:\/\/protestants-haguenau.fr\/wp-content\/uploads\/2025\/11\/cropped-Plan-de-travail-5.png\",\"width\":300,\"height\":138,\"caption\":\"Paroisse Protestante de Haguenau\"},\"image\":{\"@id\":\"https:\/\/protestants-haguenau.fr\/#\/schema\/logo\/image\/\"},\"sameAs\":[\"https:\/\/www.facebook.com\/paroisseprotestantehaguenau\/?locale=fr_FR\",\"https:\/\/www.instagram.com\/paroisseprotestantehaguenau\/\"]}]}<\/script>\n<!-- \/ Yoast SEO plugin. -->","yoast_head_json":{"title":"Actualit\u00e9s - Paroisse Protestante de Haguenau","robots":{"index":"index","follow":"follow","max-snippet":"max-snippet:-1","max-image-preview":"max-image-preview:large","max-video-preview":"max-video-preview:-1"},"canonical":"https:\/\/protestants-haguenau.fr\/index.php\/actualites\/","og_locale":"fr_FR","og_type":"article","og_title":"Actualit\u00e9s - Paroisse Protestante de Haguenau","og_description":"Retrouvez sur cette page toutes les actualit\u00e9s de notre paroisse. Nous y partageons des nouvelles, racontons des \u00e9v\u00e8nements v\u00e9cus ensemble et annon\u00e7ons ceux \u00e0 venir. Vous pouvez donc y revenir En savoir plus...","og_url":"https:\/\/protestants-haguenau.fr\/index.php\/actualites\/","og_site_name":"Paroisse Protestante de Haguenau","article_publisher":"https:\/\/www.facebook.com\/paroisseprotestantehaguenau\/?locale=fr_FR","article_modified_time":"2025-12-01T08:17:15+00:00","og_image":[{"width":1200,"height":514,"url":"https:\/\/protestants-haguenau.fr\/wp-content\/uploads\/2026\/03\/Images-banniere-site.png","type":"image\/png"}],"twitter_card":"summary_large_image","schema":{"@context":"https:\/\/schema.org","@graph":[{"@type":"WebPage","@id":"https:\/\/protestants-haguenau.fr\/index.php\/actualites\/","url":"https:\/\/protestants-haguenau.fr\/index.php\/actualites\/","name":"Actualit\u00e9s - Paroisse Protestante de Haguenau","isPartOf":{"@id":"https:\/\/protestants-haguenau.fr\/#website"},"datePublished":"2025-11-28T14:36:53+00:00","dateModified":"2025-12-01T08:17:15+00:00","breadcrumb":{"@id":"https:\/\/protestants-haguenau.fr\/index.php\/actualites\/#breadcrumb"},"inLanguage":"fr-FR","potentialAction":[{"@type":"ReadAction","target":["https:\/\/protestants-haguenau.fr\/index.php\/actualites\/"]}]},{"@type":"BreadcrumbList","@id":"https:\/\/protestants-haguenau.fr\/index.php\/actualites\/#breadcrumb","itemListElement":[{"@type":"ListItem","position":1,"name":"Accueil","item":"https:\/\/protestants-haguenau.fr\/"},{"@type":"ListItem","position":2,"name":"Actualit\u00e9s"}]},{"@type":"WebSite","@id":"https:\/\/protestants-haguenau.fr\/#website","url":"https:\/\/protestants-haguenau.fr\/","name":"Paroisse Protestante de Haguenau","description":"Actualit\u00e9s et informations","publisher":{"@id":"https:\/\/protestants-haguenau.fr\/#organization"},"potentialAction":[{"@type":"SearchAction","target":{"@type":"EntryPoint","urlTemplate":"https:\/\/protestants-haguenau.fr\/?s={search_term_string}"},"query-input":{"@type":"PropertyValueSpecification","valueRequired":true,"valueName":"search_term_string"}}],"inLanguage":"fr-FR"},{"@type":"Organization","@id":"https:\/\/protestants-haguenau.fr\/#organization","name":"Paroisse Protestante de Haguenau","url":"https:\/\/protestants-haguenau.fr\/","logo":{"@type":"ImageObject","inLanguage":"fr-FR","@id":"https:\/\/protestants-haguenau.fr\/#\/schema\/logo\/image\/","url":"https:\/\/protestants-haguenau.fr\/wp-content\/uploads\/2025\/11\/cropped-Plan-de-travail-5.png","contentUrl":"https:\/\/protestants-haguenau.fr\/wp-content\/uploads\/2025\/11\/cropped-Plan-de-travail-5.png","width":300,"height":138,"caption":"Paroisse Protestante de Haguenau"},"image":{"@id":"https:\/\/protestants-haguenau.fr\/#\/schema\/logo\/image\/"},"sameAs":["https:\/\/www.facebook.com\/paroisseprotestantehaguenau\/?locale=fr_FR","https:\/\/www.instagram.com\/paroisseprotestantehaguenau\/"]}]}},"_links":{"self":[{"href":"https:\/\/protestants-haguenau.fr\/index.php\/wp-json\/wp\/v2\/pages\/1019","targetHints":{"allow":["GET"]}}],"collection":[{"href":"https:\/\/protestants-haguenau.fr\/index.php\/wp-json\/wp\/v2\/pages"}],"about":[{"href":"https:\/\/protestants-haguenau.fr\/index.php\/wp-json\/wp\/v2\/types\/page"}],"author":[{"embeddable":true,"href":"https:\/\/protestants-haguenau.fr\/index.php\/wp-json\/wp\/v2\/users\/1"}],"replies":[{"embeddable":true,"href":"https:\/\/protestants-haguenau.fr\/index.php\/wp-json\/wp\/v2\/comments?post=1019"}],"version-history":[{"count":2,"href":"https:\/\/protestants-haguenau.fr\/index.php\/wp-json\/wp\/v2\/pages\/1019\/revisions"}],"predecessor-version":[{"id":1096,"href":"https:\/\/protestants-haguenau.fr\/index.php\/wp-json\/wp\/v2\/pages\/1019\/revisions\/1096"}],"wp:attachment":[{"href":"https:\/\/protestants-haguenau.fr\/index.php\/wp-json\/wp\/v2\/media?parent=1019"}],"curies":[{"name":"wp","href":"https:\/\/api.w.org\/{rel}","templated":true}]}}