{"id":130,"date":"2025-06-12T22:47:02","date_gmt":"2025-06-12T20:47:02","guid":{"rendered":"https:\/\/protestants-haguenau.fr\/?page_id=130"},"modified":"2026-03-12T16:00:32","modified_gmt":"2026-03-12T15:00:32","slug":"agenda-culture","status":"publish","type":"page","link":"https:\/\/protestants-haguenau.fr\/index.php\/agenda-culture\/","title":{"rendered":"Concerts"},"content":{"rendered":"\n<p><\/p>\n\n\n\n<p><\/p>\n\n\n\n<p><\/p>\n\n\n\n<h2 class=\"wp-block-heading\">Vendredi Saint 3 avril 2026 \u00e0 17h <\/h2>\n\n\n\n<h2 class=\"wp-block-heading\"><strong>Concert du Vendredi Saint<\/strong> &#8211; <strong>Requiem de Gabriel FAUR\u1e16<\/strong><\/h2>\n\n\n\n<p>Pour son traditionnel concert du vendredi Saint, la paroisse protestante de Haguenau propose le Requiem de Gabriel Faur\u00e9. <\/p>\n\n\n\n<p>Le \u00ab&nbsp;groupe vocal Interlude&nbsp;\u00bb de Haguenau et le \u00ab&nbsp;Ch\u0153ur des quatre saisons&nbsp;\u00bb de Strasbourg seront plac\u00e9s avec Jean Moissonnier Baryton-basse, sous la direction de Damien Schubert, et accompagn\u00e9s au grand orgue par Roselyne Koeniguer, titulaire des orgues de l\u2019\u00e9glise protestante Saint-Pierre le Jeune protestant \u00e0 Strasbourg.<\/p>\n\n\n<div class=\"wp-block-image\">\n<figure class=\"alignright size-large is-resized\"><img loading=\"lazy\" decoding=\"async\" width=\"1024\" height=\"683\" src=\"https:\/\/protestants-haguenau.fr\/wp-content\/uploads\/2026\/02\/TMTPHOTO_VOYAGE-EN-POLYPHONIE-011-1024x683.jpg\" alt=\"\" class=\"wp-image-1338\" style=\"aspect-ratio:1.4992791926958193;width:436px;height:auto\" srcset=\"https:\/\/protestants-haguenau.fr\/wp-content\/uploads\/2026\/02\/TMTPHOTO_VOYAGE-EN-POLYPHONIE-011-1024x683.jpg 1024w, https:\/\/protestants-haguenau.fr\/wp-content\/uploads\/2026\/02\/TMTPHOTO_VOYAGE-EN-POLYPHONIE-011-300x200.jpg 300w, https:\/\/protestants-haguenau.fr\/wp-content\/uploads\/2026\/02\/TMTPHOTO_VOYAGE-EN-POLYPHONIE-011-768x512.jpg 768w, https:\/\/protestants-haguenau.fr\/wp-content\/uploads\/2026\/02\/TMTPHOTO_VOYAGE-EN-POLYPHONIE-011-1536x1024.jpg 1536w, https:\/\/protestants-haguenau.fr\/wp-content\/uploads\/2026\/02\/TMTPHOTO_VOYAGE-EN-POLYPHONIE-011-2048x1365.jpg 2048w\" sizes=\"auto, (max-width: 1024px) 100vw, 1024px\" \/><\/figure>\n<\/div>\n\n\n<p>Au programme : <\/p>\n\n\n\n<ul class=\"wp-block-list\">\n<li>\u00ab&nbsp;Tu es Petrus&nbsp;\u00bb, <\/li>\n\n\n\n<li>\u00ab&nbsp;Cantique de Jean Racine&nbsp;\u00bb, <\/li>\n\n\n\n<li> \u00ab&nbsp;Pavane&nbsp;\u00bb, <\/li>\n\n\n\n<li>\u00ab&nbsp;Maria&nbsp;\u00bb  <\/li>\n\n\n\n<li>\u00ab&nbsp;Maria gratiae&nbsp;\u00bb <\/li>\n<\/ul>\n\n\n\n<p><\/p>\n\n\n\n<h6 class=\"wp-block-heading\">Tarif unique 16 \u20ac en ligne <a href=\"https:\/\/tinyurl.com\/FaureHaguenau\">https:\/\/tinyurl.com\/FaureHaguena<\/a><br>et chez Boutique Alexandre, 11 rue du G\u00e9n\u00e9ral G\u00e9rard \u00e0 Haguenau<br>Tarif 18 \u20ac caisse du soir, r\u00e9duit 12 \u20ac, gratuit moins de 16 ans.<\/h6>\n\n\n\n<hr class=\"wp-block-separator has-alpha-channel-opacity\"\/>\n\n\n\n<details class=\"wp-block-details is-layout-flow wp-block-details-is-layout-flow\"><summary><\/summary>\n<p><\/p>\n<\/details>\n\n\n\n<p><\/p>\n","protected":false},"excerpt":{"rendered":"<p>Vendredi Saint 3 avril 2026 \u00e0 17h Concert du Vendredi Saint &#8211; Requiem de Gabriel FAUR\u1e16 Pour son traditionnel concert du vendredi Saint, la paroisse protestante de Haguenau propose le <a class=\"more-link\" href=\"https:\/\/protestants-haguenau.fr\/index.php\/agenda-culture\/\">En savoir plus&#8230;<\/a><\/p>\n","protected":false},"author":1,"featured_media":0,"parent":0,"menu_order":0,"comment_status":"closed","ping_status":"closed","template":"","meta":{"footnotes":""},"class_list":["post-130","page","type-page","status-publish","hentry"],"yoast_head":"<!-- This site is optimized with the Yoast SEO plugin v27.1.1 - https:\/\/yoast.com\/product\/yoast-seo-wordpress\/ -->\n<title>Concerts - Paroisse Protestante de Haguenau<\/title>\n<meta name=\"robots\" content=\"index, follow, max-snippet:-1, max-image-preview:large, max-video-preview:-1\" \/>\n<link rel=\"canonical\" href=\"https:\/\/protestants-haguenau.fr\/index.php\/agenda-culture\/\" \/>\n<meta property=\"og:locale\" content=\"fr_FR\" \/>\n<meta property=\"og:type\" content=\"article\" \/>\n<meta property=\"og:title\" content=\"Concerts - Paroisse Protestante de Haguenau\" \/>\n<meta property=\"og:description\" content=\"Vendredi Saint 3 avril 2026 \u00e0 17h Concert du Vendredi Saint &#8211; Requiem de Gabriel FAUR\u1e16 Pour son traditionnel concert du vendredi Saint, la paroisse protestante de Haguenau propose le En savoir plus...\" \/>\n<meta property=\"og:url\" content=\"https:\/\/protestants-haguenau.fr\/index.php\/agenda-culture\/\" \/>\n<meta property=\"og:site_name\" content=\"Paroisse Protestante de Haguenau\" \/>\n<meta property=\"article:publisher\" content=\"https:\/\/www.facebook.com\/paroisseprotestantehaguenau\/?locale=fr_FR\" \/>\n<meta property=\"article:modified_time\" content=\"2026-03-12T15:00:32+00:00\" \/>\n<meta property=\"og:image\" content=\"https:\/\/protestants-haguenau.fr\/wp-content\/uploads\/2026\/02\/TMTPHOTO_VOYAGE-EN-POLYPHONIE-011-scaled.jpg\" \/>\n\t<meta property=\"og:image:width\" content=\"2560\" \/>\n\t<meta property=\"og:image:height\" content=\"1707\" \/>\n\t<meta property=\"og:image:type\" content=\"image\/jpeg\" \/>\n<meta name=\"twitter:card\" content=\"summary_large_image\" \/>\n<meta name=\"twitter:label1\" content=\"Dur\u00e9e de lecture estim\u00e9e\" \/>\n\t<meta name=\"twitter:data1\" content=\"1 minute\" \/>\n<script type=\"application\/ld+json\" class=\"yoast-schema-graph\">{\"@context\":\"https:\/\/schema.org\",\"@graph\":[{\"@type\":\"WebPage\",\"@id\":\"https:\/\/protestants-haguenau.fr\/index.php\/agenda-culture\/\",\"url\":\"https:\/\/protestants-haguenau.fr\/index.php\/agenda-culture\/\",\"name\":\"Concerts - Paroisse Protestante de Haguenau\",\"isPartOf\":{\"@id\":\"https:\/\/protestants-haguenau.fr\/#website\"},\"primaryImageOfPage\":{\"@id\":\"https:\/\/protestants-haguenau.fr\/index.php\/agenda-culture\/#primaryimage\"},\"image\":{\"@id\":\"https:\/\/protestants-haguenau.fr\/index.php\/agenda-culture\/#primaryimage\"},\"thumbnailUrl\":\"https:\/\/protestants-haguenau.fr\/wp-content\/uploads\/2026\/02\/TMTPHOTO_VOYAGE-EN-POLYPHONIE-011-1024x683.jpg\",\"datePublished\":\"2025-06-12T20:47:02+00:00\",\"dateModified\":\"2026-03-12T15:00:32+00:00\",\"breadcrumb\":{\"@id\":\"https:\/\/protestants-haguenau.fr\/index.php\/agenda-culture\/#breadcrumb\"},\"inLanguage\":\"fr-FR\",\"potentialAction\":[{\"@type\":\"ReadAction\",\"target\":[\"https:\/\/protestants-haguenau.fr\/index.php\/agenda-culture\/\"]}]},{\"@type\":\"ImageObject\",\"inLanguage\":\"fr-FR\",\"@id\":\"https:\/\/protestants-haguenau.fr\/index.php\/agenda-culture\/#primaryimage\",\"url\":\"https:\/\/protestants-haguenau.fr\/wp-content\/uploads\/2026\/02\/TMTPHOTO_VOYAGE-EN-POLYPHONIE-011-scaled.jpg\",\"contentUrl\":\"https:\/\/protestants-haguenau.fr\/wp-content\/uploads\/2026\/02\/TMTPHOTO_VOYAGE-EN-POLYPHONIE-011-scaled.jpg\",\"width\":2560,\"height\":1707},{\"@type\":\"BreadcrumbList\",\"@id\":\"https:\/\/protestants-haguenau.fr\/index.php\/agenda-culture\/#breadcrumb\",\"itemListElement\":[{\"@type\":\"ListItem\",\"position\":1,\"name\":\"Accueil\",\"item\":\"https:\/\/protestants-haguenau.fr\/\"},{\"@type\":\"ListItem\",\"position\":2,\"name\":\"Concerts\"}]},{\"@type\":\"WebSite\",\"@id\":\"https:\/\/protestants-haguenau.fr\/#website\",\"url\":\"https:\/\/protestants-haguenau.fr\/\",\"name\":\"Paroisse Protestante de Haguenau\",\"description\":\"Actualit\u00e9s et informations\",\"publisher\":{\"@id\":\"https:\/\/protestants-haguenau.fr\/#organization\"},\"potentialAction\":[{\"@type\":\"SearchAction\",\"target\":{\"@type\":\"EntryPoint\",\"urlTemplate\":\"https:\/\/protestants-haguenau.fr\/?s={search_term_string}\"},\"query-input\":{\"@type\":\"PropertyValueSpecification\",\"valueRequired\":true,\"valueName\":\"search_term_string\"}}],\"inLanguage\":\"fr-FR\"},{\"@type\":\"Organization\",\"@id\":\"https:\/\/protestants-haguenau.fr\/#organization\",\"name\":\"Paroisse Protestante de Haguenau\",\"url\":\"https:\/\/protestants-haguenau.fr\/\",\"logo\":{\"@type\":\"ImageObject\",\"inLanguage\":\"fr-FR\",\"@id\":\"https:\/\/protestants-haguenau.fr\/#\/schema\/logo\/image\/\",\"url\":\"https:\/\/protestants-haguenau.fr\/wp-content\/uploads\/2025\/11\/cropped-Plan-de-travail-5.png\",\"contentUrl\":\"https:\/\/protestants-haguenau.fr\/wp-content\/uploads\/2025\/11\/cropped-Plan-de-travail-5.png\",\"width\":300,\"height\":138,\"caption\":\"Paroisse Protestante de Haguenau\"},\"image\":{\"@id\":\"https:\/\/protestants-haguenau.fr\/#\/schema\/logo\/image\/\"},\"sameAs\":[\"https:\/\/www.facebook.com\/paroisseprotestantehaguenau\/?locale=fr_FR\",\"https:\/\/www.instagram.com\/paroisseprotestantehaguenau\/\"]}]}<\/script>\n<!-- \/ Yoast SEO plugin. -->","yoast_head_json":{"title":"Concerts - Paroisse Protestante de Haguenau","robots":{"index":"index","follow":"follow","max-snippet":"max-snippet:-1","max-image-preview":"max-image-preview:large","max-video-preview":"max-video-preview:-1"},"canonical":"https:\/\/protestants-haguenau.fr\/index.php\/agenda-culture\/","og_locale":"fr_FR","og_type":"article","og_title":"Concerts - Paroisse Protestante de Haguenau","og_description":"Vendredi Saint 3 avril 2026 \u00e0 17h Concert du Vendredi Saint &#8211; Requiem de Gabriel FAUR\u1e16 Pour son traditionnel concert du vendredi Saint, la paroisse protestante de Haguenau propose le En savoir plus...","og_url":"https:\/\/protestants-haguenau.fr\/index.php\/agenda-culture\/","og_site_name":"Paroisse Protestante de Haguenau","article_publisher":"https:\/\/www.facebook.com\/paroisseprotestantehaguenau\/?locale=fr_FR","article_modified_time":"2026-03-12T15:00:32+00:00","og_image":[{"width":2560,"height":1707,"url":"https:\/\/protestants-haguenau.fr\/wp-content\/uploads\/2026\/02\/TMTPHOTO_VOYAGE-EN-POLYPHONIE-011-scaled.jpg","type":"image\/jpeg"}],"twitter_card":"summary_large_image","twitter_misc":{"Dur\u00e9e de lecture estim\u00e9e":"1 minute"},"schema":{"@context":"https:\/\/schema.org","@graph":[{"@type":"WebPage","@id":"https:\/\/protestants-haguenau.fr\/index.php\/agenda-culture\/","url":"https:\/\/protestants-haguenau.fr\/index.php\/agenda-culture\/","name":"Concerts - Paroisse Protestante de Haguenau","isPartOf":{"@id":"https:\/\/protestants-haguenau.fr\/#website"},"primaryImageOfPage":{"@id":"https:\/\/protestants-haguenau.fr\/index.php\/agenda-culture\/#primaryimage"},"image":{"@id":"https:\/\/protestants-haguenau.fr\/index.php\/agenda-culture\/#primaryimage"},"thumbnailUrl":"https:\/\/protestants-haguenau.fr\/wp-content\/uploads\/2026\/02\/TMTPHOTO_VOYAGE-EN-POLYPHONIE-011-1024x683.jpg","datePublished":"2025-06-12T20:47:02+00:00","dateModified":"2026-03-12T15:00:32+00:00","breadcrumb":{"@id":"https:\/\/protestants-haguenau.fr\/index.php\/agenda-culture\/#breadcrumb"},"inLanguage":"fr-FR","potentialAction":[{"@type":"ReadAction","target":["https:\/\/protestants-haguenau.fr\/index.php\/agenda-culture\/"]}]},{"@type":"ImageObject","inLanguage":"fr-FR","@id":"https:\/\/protestants-haguenau.fr\/index.php\/agenda-culture\/#primaryimage","url":"https:\/\/protestants-haguenau.fr\/wp-content\/uploads\/2026\/02\/TMTPHOTO_VOYAGE-EN-POLYPHONIE-011-scaled.jpg","contentUrl":"https:\/\/protestants-haguenau.fr\/wp-content\/uploads\/2026\/02\/TMTPHOTO_VOYAGE-EN-POLYPHONIE-011-scaled.jpg","width":2560,"height":1707},{"@type":"BreadcrumbList","@id":"https:\/\/protestants-haguenau.fr\/index.php\/agenda-culture\/#breadcrumb","itemListElement":[{"@type":"ListItem","position":1,"name":"Accueil","item":"https:\/\/protestants-haguenau.fr\/"},{"@type":"ListItem","position":2,"name":"Concerts"}]},{"@type":"WebSite","@id":"https:\/\/protestants-haguenau.fr\/#website","url":"https:\/\/protestants-haguenau.fr\/","name":"Paroisse Protestante de Haguenau","description":"Actualit\u00e9s et informations","publisher":{"@id":"https:\/\/protestants-haguenau.fr\/#organization"},"potentialAction":[{"@type":"SearchAction","target":{"@type":"EntryPoint","urlTemplate":"https:\/\/protestants-haguenau.fr\/?s={search_term_string}"},"query-input":{"@type":"PropertyValueSpecification","valueRequired":true,"valueName":"search_term_string"}}],"inLanguage":"fr-FR"},{"@type":"Organization","@id":"https:\/\/protestants-haguenau.fr\/#organization","name":"Paroisse Protestante de Haguenau","url":"https:\/\/protestants-haguenau.fr\/","logo":{"@type":"ImageObject","inLanguage":"fr-FR","@id":"https:\/\/protestants-haguenau.fr\/#\/schema\/logo\/image\/","url":"https:\/\/protestants-haguenau.fr\/wp-content\/uploads\/2025\/11\/cropped-Plan-de-travail-5.png","contentUrl":"https:\/\/protestants-haguenau.fr\/wp-content\/uploads\/2025\/11\/cropped-Plan-de-travail-5.png","width":300,"height":138,"caption":"Paroisse Protestante de Haguenau"},"image":{"@id":"https:\/\/protestants-haguenau.fr\/#\/schema\/logo\/image\/"},"sameAs":["https:\/\/www.facebook.com\/paroisseprotestantehaguenau\/?locale=fr_FR","https:\/\/www.instagram.com\/paroisseprotestantehaguenau\/"]}]}},"_links":{"self":[{"href":"https:\/\/protestants-haguenau.fr\/index.php\/wp-json\/wp\/v2\/pages\/130","targetHints":{"allow":["GET"]}}],"collection":[{"href":"https:\/\/protestants-haguenau.fr\/index.php\/wp-json\/wp\/v2\/pages"}],"about":[{"href":"https:\/\/protestants-haguenau.fr\/index.php\/wp-json\/wp\/v2\/types\/page"}],"author":[{"embeddable":true,"href":"https:\/\/protestants-haguenau.fr\/index.php\/wp-json\/wp\/v2\/users\/1"}],"replies":[{"embeddable":true,"href":"https:\/\/protestants-haguenau.fr\/index.php\/wp-json\/wp\/v2\/comments?post=130"}],"version-history":[{"count":46,"href":"https:\/\/protestants-haguenau.fr\/index.php\/wp-json\/wp\/v2\/pages\/130\/revisions"}],"predecessor-version":[{"id":1479,"href":"https:\/\/protestants-haguenau.fr\/index.php\/wp-json\/wp\/v2\/pages\/130\/revisions\/1479"}],"wp:attachment":[{"href":"https:\/\/protestants-haguenau.fr\/index.php\/wp-json\/wp\/v2\/media?parent=130"}],"curies":[{"name":"wp","href":"https:\/\/api.w.org\/{rel}","templated":true}]}}