{"id":158,"date":"2025-06-16T12:43:35","date_gmt":"2025-06-16T10:43:35","guid":{"rendered":"https:\/\/protestants-haguenau.fr\/?page_id=158"},"modified":"2025-11-27T16:48:55","modified_gmt":"2025-11-27T15:48:55","slug":"chorale-paroissial","status":"publish","type":"page","link":"https:\/\/protestants-haguenau.fr\/index.php\/chorale-paroissial\/","title":{"rendered":"Chorale paroissiale"},"content":{"rendered":"<div class=\"wp-block-image\">\n<figure class=\"aligncenter size-large is-resized\"><img loading=\"lazy\" decoding=\"async\" width=\"1024\" height=\"768\" src=\"https:\/\/protestants-haguenau.fr\/wp-content\/uploads\/2025\/08\/PHOTO-2025-06-27-09-00-48-1024x768.jpg\" alt=\"Chorale paroissiale\" class=\"wp-image-496\" style=\"width:598px;height:auto\" srcset=\"https:\/\/protestants-haguenau.fr\/wp-content\/uploads\/2025\/08\/PHOTO-2025-06-27-09-00-48-1024x768.jpg 1024w, https:\/\/protestants-haguenau.fr\/wp-content\/uploads\/2025\/08\/PHOTO-2025-06-27-09-00-48-300x225.jpg 300w, https:\/\/protestants-haguenau.fr\/wp-content\/uploads\/2025\/08\/PHOTO-2025-06-27-09-00-48-768x576.jpg 768w, https:\/\/protestants-haguenau.fr\/wp-content\/uploads\/2025\/08\/PHOTO-2025-06-27-09-00-48-1536x1152.jpg 1536w, https:\/\/protestants-haguenau.fr\/wp-content\/uploads\/2025\/08\/PHOTO-2025-06-27-09-00-48.jpg 2048w\" sizes=\"auto, (max-width: 1024px) 100vw, 1024px\" \/><figcaption class=\"wp-element-caption\">La chorale paroissiale lors de sa sortie annuelle de fin d&rsquo;ann\u00e9e, juin 2025.<\/figcaption><\/figure>\n<\/div>\n\n\n<p class=\"has-text-align-center\"><strong>Psaume 150,6<\/strong><br>\u00ab Que tout ce qui respire loue le Seigneur ! \u00bb<\/p>\n\n\n\n<h2 class=\"wp-block-heading\">La chorale paroissiale<\/h2>\n\n\n\n<p><\/p>\n\n\n\n<h6 class=\"wp-block-heading\">La chorale de la paroisse est un groupe chaleureux et convivial, qui rassemble des personnes aimant chanter et partager la joie de la musique.<br>Elle se r\u00e9unit en principe le mardi soir, de 20h15 \u00e0 22h, au foyer Capito, lors des semaines qui pr\u00e9c\u00e8dent une c\u00e9l\u00e9bration o\u00f9 elle chante.<\/h6>\n\n\n\n<p>La chorale participe aux temps forts de la paroisse : f\u00eates liturgiques, grandes c\u00e9l\u00e9brations, et occasions sp\u00e9ciales de la vie communautaire.<br>Elle apporte une belle dimension musicale \u00e0 nos cultes, avec un r\u00e9pertoire vari\u00e9, parfois simple, parfois plus ambitieux \u2014 toujours interpr\u00e9t\u00e9 avec enthousiasme et s\u00e9rieux.<\/p>\n\n\n\n<p>Chacune et chacun est bienvenu :<br>que vous chantiez depuis longtemps ou que vous ayez simplement envie d\u2019essayer.<br>Il est tout \u00e0 fait possible de venir \u00e0 une r\u00e9p\u00e9tition pour d\u00e9couvrir l\u2019ambiance du groupe.<br>Participer ensuite \u00e0 la chorale demande un petit engagement r\u00e9gulier, au moins jusqu\u2019\u00e0 la prochaine occasion de chanter ensemble \u2014 afin de pr\u00e9parer ces moments musicaux dans de bonnes conditions.<\/p>\n\n\n\n<p>La chorale r\u00e9unit des personnes qui chantent parfois depuis plusieurs d\u00e9cennies, et d\u2019autres qui viennent de rejoindre le groupe.<br>C\u2019est un lieu o\u00f9 les voix se rencontrent\u2026 et o\u00f9 les liens se tissent.<\/p>\n\n\n\n<p>Si vous aimez chanter, si vous cherchez un groupe accueillant ou si vous avez envie d\u2019essayer quelque chose de nouveau : la chorale vous attend.<\/p>\n\n\n\n<p><\/p>\n\n\n\n<h6 class=\"wp-block-heading\"><strong>Que faut-il pour participer&nbsp;?<\/strong><\/h6>\n\n\n\n<h6 class=\"wp-block-heading\">Si vous aimer chanter et si vous \u00eates pr\u00eats \u00e0 participer r\u00e9guli\u00e8rement aux r\u00e9p\u00e9titions et \u00e0 participer aux cultes, n&rsquo;h\u00e9sitez pas \u00e0 vous manifester en premier lieu aupr\u00e8s du secr\u00e9tariat paroissial :                                                     03 88 93 87 17 ou pph@protestants-haguenau.fr<\/h6>\n\n\n\n<h6 class=\"wp-block-heading\"><\/h6>\n","protected":false},"excerpt":{"rendered":"<p>Psaume 150,6\u00ab Que tout ce qui respire loue le Seigneur ! \u00bb La chorale paroissiale La chorale de la paroisse est un groupe chaleureux et convivial, qui rassemble des personnes <a class=\"more-link\" href=\"https:\/\/protestants-haguenau.fr\/index.php\/chorale-paroissial\/\">En savoir plus&#8230;<\/a><\/p>\n","protected":false},"author":1,"featured_media":123,"parent":0,"menu_order":0,"comment_status":"closed","ping_status":"closed","template":"","meta":{"footnotes":""},"class_list":["post-158","page","type-page","status-publish","has-post-thumbnail","hentry"],"yoast_head":"<!-- This site is optimized with the Yoast SEO plugin v27.1.1 - https:\/\/yoast.com\/product\/yoast-seo-wordpress\/ -->\n<title>Chorale paroissiale - Paroisse Protestante de Haguenau<\/title>\n<meta name=\"robots\" content=\"index, follow, max-snippet:-1, max-image-preview:large, max-video-preview:-1\" \/>\n<link rel=\"canonical\" href=\"https:\/\/protestants-haguenau.fr\/index.php\/chorale-paroissial\/\" \/>\n<meta property=\"og:locale\" content=\"fr_FR\" \/>\n<meta property=\"og:type\" content=\"article\" \/>\n<meta property=\"og:title\" content=\"Chorale paroissiale - Paroisse Protestante de Haguenau\" \/>\n<meta property=\"og:description\" content=\"Psaume 150,6\u00ab Que tout ce qui respire loue le Seigneur ! \u00bb La chorale paroissiale La chorale de la paroisse est un groupe chaleureux et convivial, qui rassemble des personnes En savoir plus...\" \/>\n<meta property=\"og:url\" content=\"https:\/\/protestants-haguenau.fr\/index.php\/chorale-paroissial\/\" \/>\n<meta property=\"og:site_name\" content=\"Paroisse Protestante de Haguenau\" \/>\n<meta property=\"article:publisher\" content=\"https:\/\/www.facebook.com\/paroisseprotestantehaguenau\/?locale=fr_FR\" \/>\n<meta property=\"article:modified_time\" content=\"2025-11-27T15:48:55+00:00\" \/>\n<meta property=\"og:image\" content=\"https:\/\/protestants-haguenau.fr\/wp-content\/uploads\/2025\/06\/Sans-titre-1.png\" \/>\n\t<meta property=\"og:image:width\" content=\"1200\" \/>\n\t<meta property=\"og:image:height\" content=\"514\" \/>\n\t<meta property=\"og:image:type\" content=\"image\/png\" \/>\n<meta name=\"twitter:card\" content=\"summary_large_image\" \/>\n<meta name=\"twitter:label1\" content=\"Dur\u00e9e de lecture estim\u00e9e\" \/>\n\t<meta name=\"twitter:data1\" content=\"2 minutes\" \/>\n<script type=\"application\/ld+json\" class=\"yoast-schema-graph\">{\"@context\":\"https:\/\/schema.org\",\"@graph\":[{\"@type\":\"WebPage\",\"@id\":\"https:\/\/protestants-haguenau.fr\/index.php\/chorale-paroissial\/\",\"url\":\"https:\/\/protestants-haguenau.fr\/index.php\/chorale-paroissial\/\",\"name\":\"Chorale paroissiale - Paroisse Protestante de Haguenau\",\"isPartOf\":{\"@id\":\"https:\/\/protestants-haguenau.fr\/#website\"},\"primaryImageOfPage\":{\"@id\":\"https:\/\/protestants-haguenau.fr\/index.php\/chorale-paroissial\/#primaryimage\"},\"image\":{\"@id\":\"https:\/\/protestants-haguenau.fr\/index.php\/chorale-paroissial\/#primaryimage\"},\"thumbnailUrl\":\"https:\/\/protestants-haguenau.fr\/wp-content\/uploads\/2025\/06\/Sans-titre-1.png\",\"datePublished\":\"2025-06-16T10:43:35+00:00\",\"dateModified\":\"2025-11-27T15:48:55+00:00\",\"breadcrumb\":{\"@id\":\"https:\/\/protestants-haguenau.fr\/index.php\/chorale-paroissial\/#breadcrumb\"},\"inLanguage\":\"fr-FR\",\"potentialAction\":[{\"@type\":\"ReadAction\",\"target\":[\"https:\/\/protestants-haguenau.fr\/index.php\/chorale-paroissial\/\"]}]},{\"@type\":\"ImageObject\",\"inLanguage\":\"fr-FR\",\"@id\":\"https:\/\/protestants-haguenau.fr\/index.php\/chorale-paroissial\/#primaryimage\",\"url\":\"https:\/\/protestants-haguenau.fr\/wp-content\/uploads\/2025\/06\/Sans-titre-1.png\",\"contentUrl\":\"https:\/\/protestants-haguenau.fr\/wp-content\/uploads\/2025\/06\/Sans-titre-1.png\",\"width\":1200,\"height\":514,\"caption\":\"Croix\"},{\"@type\":\"BreadcrumbList\",\"@id\":\"https:\/\/protestants-haguenau.fr\/index.php\/chorale-paroissial\/#breadcrumb\",\"itemListElement\":[{\"@type\":\"ListItem\",\"position\":1,\"name\":\"Accueil\",\"item\":\"https:\/\/protestants-haguenau.fr\/\"},{\"@type\":\"ListItem\",\"position\":2,\"name\":\"Chorale paroissiale\"}]},{\"@type\":\"WebSite\",\"@id\":\"https:\/\/protestants-haguenau.fr\/#website\",\"url\":\"https:\/\/protestants-haguenau.fr\/\",\"name\":\"Paroisse Protestante de Haguenau\",\"description\":\"Actualit\u00e9s et informations\",\"publisher\":{\"@id\":\"https:\/\/protestants-haguenau.fr\/#organization\"},\"potentialAction\":[{\"@type\":\"SearchAction\",\"target\":{\"@type\":\"EntryPoint\",\"urlTemplate\":\"https:\/\/protestants-haguenau.fr\/?s={search_term_string}\"},\"query-input\":{\"@type\":\"PropertyValueSpecification\",\"valueRequired\":true,\"valueName\":\"search_term_string\"}}],\"inLanguage\":\"fr-FR\"},{\"@type\":\"Organization\",\"@id\":\"https:\/\/protestants-haguenau.fr\/#organization\",\"name\":\"Paroisse Protestante de Haguenau\",\"url\":\"https:\/\/protestants-haguenau.fr\/\",\"logo\":{\"@type\":\"ImageObject\",\"inLanguage\":\"fr-FR\",\"@id\":\"https:\/\/protestants-haguenau.fr\/#\/schema\/logo\/image\/\",\"url\":\"https:\/\/protestants-haguenau.fr\/wp-content\/uploads\/2025\/11\/cropped-Plan-de-travail-5.png\",\"contentUrl\":\"https:\/\/protestants-haguenau.fr\/wp-content\/uploads\/2025\/11\/cropped-Plan-de-travail-5.png\",\"width\":300,\"height\":138,\"caption\":\"Paroisse Protestante de Haguenau\"},\"image\":{\"@id\":\"https:\/\/protestants-haguenau.fr\/#\/schema\/logo\/image\/\"},\"sameAs\":[\"https:\/\/www.facebook.com\/paroisseprotestantehaguenau\/?locale=fr_FR\",\"https:\/\/www.instagram.com\/paroisseprotestantehaguenau\/\"]}]}<\/script>\n<!-- \/ Yoast SEO plugin. -->","yoast_head_json":{"title":"Chorale paroissiale - Paroisse Protestante de Haguenau","robots":{"index":"index","follow":"follow","max-snippet":"max-snippet:-1","max-image-preview":"max-image-preview:large","max-video-preview":"max-video-preview:-1"},"canonical":"https:\/\/protestants-haguenau.fr\/index.php\/chorale-paroissial\/","og_locale":"fr_FR","og_type":"article","og_title":"Chorale paroissiale - Paroisse Protestante de Haguenau","og_description":"Psaume 150,6\u00ab Que tout ce qui respire loue le Seigneur ! \u00bb La chorale paroissiale La chorale de la paroisse est un groupe chaleureux et convivial, qui rassemble des personnes En savoir plus...","og_url":"https:\/\/protestants-haguenau.fr\/index.php\/chorale-paroissial\/","og_site_name":"Paroisse Protestante de Haguenau","article_publisher":"https:\/\/www.facebook.com\/paroisseprotestantehaguenau\/?locale=fr_FR","article_modified_time":"2025-11-27T15:48:55+00:00","og_image":[{"width":1200,"height":514,"url":"https:\/\/protestants-haguenau.fr\/wp-content\/uploads\/2025\/06\/Sans-titre-1.png","type":"image\/png"}],"twitter_card":"summary_large_image","twitter_misc":{"Dur\u00e9e de lecture estim\u00e9e":"2 minutes"},"schema":{"@context":"https:\/\/schema.org","@graph":[{"@type":"WebPage","@id":"https:\/\/protestants-haguenau.fr\/index.php\/chorale-paroissial\/","url":"https:\/\/protestants-haguenau.fr\/index.php\/chorale-paroissial\/","name":"Chorale paroissiale - Paroisse Protestante de Haguenau","isPartOf":{"@id":"https:\/\/protestants-haguenau.fr\/#website"},"primaryImageOfPage":{"@id":"https:\/\/protestants-haguenau.fr\/index.php\/chorale-paroissial\/#primaryimage"},"image":{"@id":"https:\/\/protestants-haguenau.fr\/index.php\/chorale-paroissial\/#primaryimage"},"thumbnailUrl":"https:\/\/protestants-haguenau.fr\/wp-content\/uploads\/2025\/06\/Sans-titre-1.png","datePublished":"2025-06-16T10:43:35+00:00","dateModified":"2025-11-27T15:48:55+00:00","breadcrumb":{"@id":"https:\/\/protestants-haguenau.fr\/index.php\/chorale-paroissial\/#breadcrumb"},"inLanguage":"fr-FR","potentialAction":[{"@type":"ReadAction","target":["https:\/\/protestants-haguenau.fr\/index.php\/chorale-paroissial\/"]}]},{"@type":"ImageObject","inLanguage":"fr-FR","@id":"https:\/\/protestants-haguenau.fr\/index.php\/chorale-paroissial\/#primaryimage","url":"https:\/\/protestants-haguenau.fr\/wp-content\/uploads\/2025\/06\/Sans-titre-1.png","contentUrl":"https:\/\/protestants-haguenau.fr\/wp-content\/uploads\/2025\/06\/Sans-titre-1.png","width":1200,"height":514,"caption":"Croix"},{"@type":"BreadcrumbList","@id":"https:\/\/protestants-haguenau.fr\/index.php\/chorale-paroissial\/#breadcrumb","itemListElement":[{"@type":"ListItem","position":1,"name":"Accueil","item":"https:\/\/protestants-haguenau.fr\/"},{"@type":"ListItem","position":2,"name":"Chorale paroissiale"}]},{"@type":"WebSite","@id":"https:\/\/protestants-haguenau.fr\/#website","url":"https:\/\/protestants-haguenau.fr\/","name":"Paroisse Protestante de Haguenau","description":"Actualit\u00e9s et informations","publisher":{"@id":"https:\/\/protestants-haguenau.fr\/#organization"},"potentialAction":[{"@type":"SearchAction","target":{"@type":"EntryPoint","urlTemplate":"https:\/\/protestants-haguenau.fr\/?s={search_term_string}"},"query-input":{"@type":"PropertyValueSpecification","valueRequired":true,"valueName":"search_term_string"}}],"inLanguage":"fr-FR"},{"@type":"Organization","@id":"https:\/\/protestants-haguenau.fr\/#organization","name":"Paroisse Protestante de Haguenau","url":"https:\/\/protestants-haguenau.fr\/","logo":{"@type":"ImageObject","inLanguage":"fr-FR","@id":"https:\/\/protestants-haguenau.fr\/#\/schema\/logo\/image\/","url":"https:\/\/protestants-haguenau.fr\/wp-content\/uploads\/2025\/11\/cropped-Plan-de-travail-5.png","contentUrl":"https:\/\/protestants-haguenau.fr\/wp-content\/uploads\/2025\/11\/cropped-Plan-de-travail-5.png","width":300,"height":138,"caption":"Paroisse Protestante de Haguenau"},"image":{"@id":"https:\/\/protestants-haguenau.fr\/#\/schema\/logo\/image\/"},"sameAs":["https:\/\/www.facebook.com\/paroisseprotestantehaguenau\/?locale=fr_FR","https:\/\/www.instagram.com\/paroisseprotestantehaguenau\/"]}]}},"_links":{"self":[{"href":"https:\/\/protestants-haguenau.fr\/index.php\/wp-json\/wp\/v2\/pages\/158","targetHints":{"allow":["GET"]}}],"collection":[{"href":"https:\/\/protestants-haguenau.fr\/index.php\/wp-json\/wp\/v2\/pages"}],"about":[{"href":"https:\/\/protestants-haguenau.fr\/index.php\/wp-json\/wp\/v2\/types\/page"}],"author":[{"embeddable":true,"href":"https:\/\/protestants-haguenau.fr\/index.php\/wp-json\/wp\/v2\/users\/1"}],"replies":[{"embeddable":true,"href":"https:\/\/protestants-haguenau.fr\/index.php\/wp-json\/wp\/v2\/comments?post=158"}],"version-history":[{"count":6,"href":"https:\/\/protestants-haguenau.fr\/index.php\/wp-json\/wp\/v2\/pages\/158\/revisions"}],"predecessor-version":[{"id":963,"href":"https:\/\/protestants-haguenau.fr\/index.php\/wp-json\/wp\/v2\/pages\/158\/revisions\/963"}],"wp:featuredmedia":[{"embeddable":true,"href":"https:\/\/protestants-haguenau.fr\/index.php\/wp-json\/wp\/v2\/media\/123"}],"wp:attachment":[{"href":"https:\/\/protestants-haguenau.fr\/index.php\/wp-json\/wp\/v2\/media?parent=158"}],"curies":[{"name":"wp","href":"https:\/\/api.w.org\/{rel}","templated":true}]}}