{"id":164,"date":"2025-06-16T13:49:07","date_gmt":"2025-06-16T11:49:07","guid":{"rendered":"https:\/\/protestants-haguenau.fr\/?page_id=164"},"modified":"2025-12-03T10:39:19","modified_gmt":"2025-12-03T09:39:19","slug":"confirmation","status":"publish","type":"page","link":"https:\/\/protestants-haguenau.fr\/index.php\/confirmation\/","title":{"rendered":"Confirmation"},"content":{"rendered":"\n<div class=\"wp-block-columns is-layout-flex wp-container-core-columns-is-layout-9d6595d7 wp-block-columns-is-layout-flex\">\n<div class=\"wp-block-column is-layout-flow wp-block-column-is-layout-flow\">\n<p>La confirmation est un moment solennel o\u00f9 une personne affirme publiquement sa foi et son d\u00e9sir de vivre en lien avec le Christ.<\/p>\n\n\n\n<p>Dans la tradition protestante, elle n\u2019est pas un sacrement, mais une prise de parole personnelle qui r\u00e9pond au bapt\u00eame re\u00e7u, le plus souvent, lorsqu\u2019on \u00e9tait enfant.<\/p>\n\n\n\n<p>Traditionnellement, la confirmation a lieu autour de 14 ans.<\/p>\n\n\n\n<p>C\u2019est alors que de nombreux jeunes choisissent d\u2019exprimer eux-m\u00eames la foi dans laquelle ils ont \u00e9t\u00e9 baptis\u00e9s, une foi qu\u2019ils n\u2019avaient pas pu comprendre au moment de leur bapt\u00eame.<\/p>\n\n\n\n<p>Mais il est tout \u00e0 fait possible de confirmer sa foi \u00e0 un autre \u00e2ge : adolescent, jeune adulte ou adulte.<\/p>\n\n\n\n<p>Ce choix de la foi peut se vivre de mani\u00e8re publique, dans la c\u00e9l\u00e9bration de la confirmation, ou de mani\u00e8re plus intime, dans le secret de la pri\u00e8re et du c\u0153ur ; car la rencontre avec Dieu ne se laisse enfermer dans aucun cadre.<\/p>\n\n\n\n<p><\/p>\n<\/div>\n\n\n\n<div class=\"wp-block-column is-layout-flow wp-block-column-is-layout-flow\"><div class=\"wp-block-image\">\n<figure class=\"aligncenter size-large is-resized\"><img loading=\"lazy\" decoding=\"async\" width=\"836\" height=\"1024\" src=\"https:\/\/protestants-haguenau.fr\/wp-content\/uploads\/2025\/11\/Colombe-836x1024.png\" alt=\"Confirmation\" class=\"wp-image-757\" style=\"width:226px;height:auto\" srcset=\"https:\/\/protestants-haguenau.fr\/wp-content\/uploads\/2025\/11\/Colombe-836x1024.png 836w, https:\/\/protestants-haguenau.fr\/wp-content\/uploads\/2025\/11\/Colombe-245x300.png 245w, https:\/\/protestants-haguenau.fr\/wp-content\/uploads\/2025\/11\/Colombe-768x941.png 768w, https:\/\/protestants-haguenau.fr\/wp-content\/uploads\/2025\/11\/Colombe.png 900w\" sizes=\"auto, (max-width: 836px) 100vw, 836px\" \/><\/figure>\n<\/div><\/div>\n<\/div>\n\n\n\n<div class=\"wp-block-columns is-layout-flex wp-container-core-columns-is-layout-9d6595d7 wp-block-columns-is-layout-flex\">\n<div class=\"wp-block-column is-layout-flow wp-block-column-is-layout-flow\">\n<p>Dans notre paroisse, la confirmation est pr\u00e9c\u00e9d\u00e9e d\u2019un cheminement cat\u00e9ch\u00e9tique de trois ans. Les jeunes se retrouvent r\u00e9guli\u00e8rement, vivent des temps forts (dont des retraites), posent leurs questions, d\u00e9couvrent la Bible, la foi chr\u00e9tienne et la vie de l\u2019\u00c9glise. Ce parcours est un chemin de croissance, guid\u00e9 par les pasteurs, mais aussi par la dynamique de groupe qui se cr\u00e9e entre les jeunes.<\/p>\n\n\n\n<p>Il est important de le rappeler : aller au cat\u00e9chisme ne signifie pas forc\u00e9ment faire sa confirmation. Au terme du parcours, chacun est libre de dire oui\u2026 ou de poursuivre son chemin autrement.<\/p>\n\n\n\n<p>La confirmation n\u2019est pas une obligation, mais un choix sinc\u00e8re et \u00e9clair\u00e9.<\/p>\n\n\n\n<p>Pour les informations pratiques (dates, rencontres, modalit\u00e9s d\u2019inscription), vous pouvez consulter notre page d\u00e9di\u00e9e\u00a0: <a href=\"https:\/\/protestants-haguenau.fr\/index.php\/kt\/\">Cat\u00e9chisme <\/a><\/p>\n\n\n\n<p>La c\u00e9l\u00e9bration de confirmation a lieu au cours d\u2019un culte dominical, entour\u00e9e par la communaut\u00e9, qui prie pour les confirmands et les accompagne dans ce pas important de leur vie.<\/p>\n\n\n\n<p>Pour en savoir plus\u00a0: <a href=\"https:\/\/www.uepal.fr\/temps-forts-dune-vie\/la-confirmation\/\">La confirmation dans l&rsquo;UEPAL<\/a><\/p>\n<\/div>\n<\/div>\n\n\n\n<p><\/p>\n","protected":false},"excerpt":{"rendered":"<p>La confirmation est un moment solennel o\u00f9 une personne affirme publiquement sa foi et son d\u00e9sir de vivre en lien avec le Christ. Dans la tradition protestante, elle n\u2019est pas <a class=\"more-link\" href=\"https:\/\/protestants-haguenau.fr\/index.php\/confirmation\/\">En savoir plus&#8230;<\/a><\/p>\n","protected":false},"author":1,"featured_media":0,"parent":0,"menu_order":0,"comment_status":"closed","ping_status":"closed","template":"","meta":{"footnotes":""},"class_list":["post-164","page","type-page","status-publish","hentry"],"yoast_head":"<!-- This site is optimized with the Yoast SEO plugin v27.1.1 - https:\/\/yoast.com\/product\/yoast-seo-wordpress\/ -->\n<title>Confirmation - Paroisse Protestante de Haguenau<\/title>\n<meta name=\"robots\" content=\"index, follow, max-snippet:-1, max-image-preview:large, max-video-preview:-1\" \/>\n<link rel=\"canonical\" href=\"https:\/\/protestants-haguenau.fr\/index.php\/confirmation\/\" \/>\n<meta property=\"og:locale\" content=\"fr_FR\" \/>\n<meta property=\"og:type\" content=\"article\" \/>\n<meta property=\"og:title\" content=\"Confirmation - Paroisse Protestante de Haguenau\" \/>\n<meta property=\"og:description\" content=\"La confirmation est un moment solennel o\u00f9 une personne affirme publiquement sa foi et son d\u00e9sir de vivre en lien avec le Christ. Dans la tradition protestante, elle n\u2019est pas En savoir plus...\" \/>\n<meta property=\"og:url\" content=\"https:\/\/protestants-haguenau.fr\/index.php\/confirmation\/\" \/>\n<meta property=\"og:site_name\" content=\"Paroisse Protestante de Haguenau\" \/>\n<meta property=\"article:publisher\" content=\"https:\/\/www.facebook.com\/paroisseprotestantehaguenau\/?locale=fr_FR\" \/>\n<meta property=\"article:modified_time\" content=\"2025-12-03T09:39:19+00:00\" \/>\n<meta property=\"og:image\" content=\"https:\/\/protestants-haguenau.fr\/wp-content\/uploads\/2025\/11\/Colombe.png\" \/>\n\t<meta property=\"og:image:width\" content=\"900\" \/>\n\t<meta property=\"og:image:height\" content=\"1103\" \/>\n\t<meta property=\"og:image:type\" content=\"image\/png\" \/>\n<meta name=\"twitter:card\" content=\"summary_large_image\" \/>\n<meta name=\"twitter:label1\" content=\"Dur\u00e9e de lecture estim\u00e9e\" \/>\n\t<meta name=\"twitter:data1\" content=\"2 minutes\" \/>\n<script type=\"application\/ld+json\" class=\"yoast-schema-graph\">{\"@context\":\"https:\/\/schema.org\",\"@graph\":[{\"@type\":\"WebPage\",\"@id\":\"https:\/\/protestants-haguenau.fr\/index.php\/confirmation\/\",\"url\":\"https:\/\/protestants-haguenau.fr\/index.php\/confirmation\/\",\"name\":\"Confirmation - Paroisse Protestante de Haguenau\",\"isPartOf\":{\"@id\":\"https:\/\/protestants-haguenau.fr\/#website\"},\"primaryImageOfPage\":{\"@id\":\"https:\/\/protestants-haguenau.fr\/index.php\/confirmation\/#primaryimage\"},\"image\":{\"@id\":\"https:\/\/protestants-haguenau.fr\/index.php\/confirmation\/#primaryimage\"},\"thumbnailUrl\":\"https:\/\/protestants-haguenau.fr\/wp-content\/uploads\/2025\/11\/Colombe-836x1024.png\",\"datePublished\":\"2025-06-16T11:49:07+00:00\",\"dateModified\":\"2025-12-03T09:39:19+00:00\",\"breadcrumb\":{\"@id\":\"https:\/\/protestants-haguenau.fr\/index.php\/confirmation\/#breadcrumb\"},\"inLanguage\":\"fr-FR\",\"potentialAction\":[{\"@type\":\"ReadAction\",\"target\":[\"https:\/\/protestants-haguenau.fr\/index.php\/confirmation\/\"]}]},{\"@type\":\"ImageObject\",\"inLanguage\":\"fr-FR\",\"@id\":\"https:\/\/protestants-haguenau.fr\/index.php\/confirmation\/#primaryimage\",\"url\":\"https:\/\/protestants-haguenau.fr\/wp-content\/uploads\/2025\/11\/Colombe.png\",\"contentUrl\":\"https:\/\/protestants-haguenau.fr\/wp-content\/uploads\/2025\/11\/Colombe.png\",\"width\":900,\"height\":1103,\"caption\":\"Confirmation\"},{\"@type\":\"BreadcrumbList\",\"@id\":\"https:\/\/protestants-haguenau.fr\/index.php\/confirmation\/#breadcrumb\",\"itemListElement\":[{\"@type\":\"ListItem\",\"position\":1,\"name\":\"Accueil\",\"item\":\"https:\/\/protestants-haguenau.fr\/\"},{\"@type\":\"ListItem\",\"position\":2,\"name\":\"Confirmation\"}]},{\"@type\":\"WebSite\",\"@id\":\"https:\/\/protestants-haguenau.fr\/#website\",\"url\":\"https:\/\/protestants-haguenau.fr\/\",\"name\":\"Paroisse Protestante de Haguenau\",\"description\":\"Actualit\u00e9s et informations\",\"publisher\":{\"@id\":\"https:\/\/protestants-haguenau.fr\/#organization\"},\"potentialAction\":[{\"@type\":\"SearchAction\",\"target\":{\"@type\":\"EntryPoint\",\"urlTemplate\":\"https:\/\/protestants-haguenau.fr\/?s={search_term_string}\"},\"query-input\":{\"@type\":\"PropertyValueSpecification\",\"valueRequired\":true,\"valueName\":\"search_term_string\"}}],\"inLanguage\":\"fr-FR\"},{\"@type\":\"Organization\",\"@id\":\"https:\/\/protestants-haguenau.fr\/#organization\",\"name\":\"Paroisse Protestante de Haguenau\",\"url\":\"https:\/\/protestants-haguenau.fr\/\",\"logo\":{\"@type\":\"ImageObject\",\"inLanguage\":\"fr-FR\",\"@id\":\"https:\/\/protestants-haguenau.fr\/#\/schema\/logo\/image\/\",\"url\":\"https:\/\/protestants-haguenau.fr\/wp-content\/uploads\/2025\/11\/cropped-Plan-de-travail-5.png\",\"contentUrl\":\"https:\/\/protestants-haguenau.fr\/wp-content\/uploads\/2025\/11\/cropped-Plan-de-travail-5.png\",\"width\":300,\"height\":138,\"caption\":\"Paroisse Protestante de Haguenau\"},\"image\":{\"@id\":\"https:\/\/protestants-haguenau.fr\/#\/schema\/logo\/image\/\"},\"sameAs\":[\"https:\/\/www.facebook.com\/paroisseprotestantehaguenau\/?locale=fr_FR\",\"https:\/\/www.instagram.com\/paroisseprotestantehaguenau\/\"]}]}<\/script>\n<!-- \/ Yoast SEO plugin. -->","yoast_head_json":{"title":"Confirmation - Paroisse Protestante de Haguenau","robots":{"index":"index","follow":"follow","max-snippet":"max-snippet:-1","max-image-preview":"max-image-preview:large","max-video-preview":"max-video-preview:-1"},"canonical":"https:\/\/protestants-haguenau.fr\/index.php\/confirmation\/","og_locale":"fr_FR","og_type":"article","og_title":"Confirmation - Paroisse Protestante de Haguenau","og_description":"La confirmation est un moment solennel o\u00f9 une personne affirme publiquement sa foi et son d\u00e9sir de vivre en lien avec le Christ. Dans la tradition protestante, elle n\u2019est pas En savoir plus...","og_url":"https:\/\/protestants-haguenau.fr\/index.php\/confirmation\/","og_site_name":"Paroisse Protestante de Haguenau","article_publisher":"https:\/\/www.facebook.com\/paroisseprotestantehaguenau\/?locale=fr_FR","article_modified_time":"2025-12-03T09:39:19+00:00","og_image":[{"width":900,"height":1103,"url":"https:\/\/protestants-haguenau.fr\/wp-content\/uploads\/2025\/11\/Colombe.png","type":"image\/png"}],"twitter_card":"summary_large_image","twitter_misc":{"Dur\u00e9e de lecture estim\u00e9e":"2 minutes"},"schema":{"@context":"https:\/\/schema.org","@graph":[{"@type":"WebPage","@id":"https:\/\/protestants-haguenau.fr\/index.php\/confirmation\/","url":"https:\/\/protestants-haguenau.fr\/index.php\/confirmation\/","name":"Confirmation - Paroisse Protestante de Haguenau","isPartOf":{"@id":"https:\/\/protestants-haguenau.fr\/#website"},"primaryImageOfPage":{"@id":"https:\/\/protestants-haguenau.fr\/index.php\/confirmation\/#primaryimage"},"image":{"@id":"https:\/\/protestants-haguenau.fr\/index.php\/confirmation\/#primaryimage"},"thumbnailUrl":"https:\/\/protestants-haguenau.fr\/wp-content\/uploads\/2025\/11\/Colombe-836x1024.png","datePublished":"2025-06-16T11:49:07+00:00","dateModified":"2025-12-03T09:39:19+00:00","breadcrumb":{"@id":"https:\/\/protestants-haguenau.fr\/index.php\/confirmation\/#breadcrumb"},"inLanguage":"fr-FR","potentialAction":[{"@type":"ReadAction","target":["https:\/\/protestants-haguenau.fr\/index.php\/confirmation\/"]}]},{"@type":"ImageObject","inLanguage":"fr-FR","@id":"https:\/\/protestants-haguenau.fr\/index.php\/confirmation\/#primaryimage","url":"https:\/\/protestants-haguenau.fr\/wp-content\/uploads\/2025\/11\/Colombe.png","contentUrl":"https:\/\/protestants-haguenau.fr\/wp-content\/uploads\/2025\/11\/Colombe.png","width":900,"height":1103,"caption":"Confirmation"},{"@type":"BreadcrumbList","@id":"https:\/\/protestants-haguenau.fr\/index.php\/confirmation\/#breadcrumb","itemListElement":[{"@type":"ListItem","position":1,"name":"Accueil","item":"https:\/\/protestants-haguenau.fr\/"},{"@type":"ListItem","position":2,"name":"Confirmation"}]},{"@type":"WebSite","@id":"https:\/\/protestants-haguenau.fr\/#website","url":"https:\/\/protestants-haguenau.fr\/","name":"Paroisse Protestante de Haguenau","description":"Actualit\u00e9s et informations","publisher":{"@id":"https:\/\/protestants-haguenau.fr\/#organization"},"potentialAction":[{"@type":"SearchAction","target":{"@type":"EntryPoint","urlTemplate":"https:\/\/protestants-haguenau.fr\/?s={search_term_string}"},"query-input":{"@type":"PropertyValueSpecification","valueRequired":true,"valueName":"search_term_string"}}],"inLanguage":"fr-FR"},{"@type":"Organization","@id":"https:\/\/protestants-haguenau.fr\/#organization","name":"Paroisse Protestante de Haguenau","url":"https:\/\/protestants-haguenau.fr\/","logo":{"@type":"ImageObject","inLanguage":"fr-FR","@id":"https:\/\/protestants-haguenau.fr\/#\/schema\/logo\/image\/","url":"https:\/\/protestants-haguenau.fr\/wp-content\/uploads\/2025\/11\/cropped-Plan-de-travail-5.png","contentUrl":"https:\/\/protestants-haguenau.fr\/wp-content\/uploads\/2025\/11\/cropped-Plan-de-travail-5.png","width":300,"height":138,"caption":"Paroisse Protestante de Haguenau"},"image":{"@id":"https:\/\/protestants-haguenau.fr\/#\/schema\/logo\/image\/"},"sameAs":["https:\/\/www.facebook.com\/paroisseprotestantehaguenau\/?locale=fr_FR","https:\/\/www.instagram.com\/paroisseprotestantehaguenau\/"]}]}},"_links":{"self":[{"href":"https:\/\/protestants-haguenau.fr\/index.php\/wp-json\/wp\/v2\/pages\/164","targetHints":{"allow":["GET"]}}],"collection":[{"href":"https:\/\/protestants-haguenau.fr\/index.php\/wp-json\/wp\/v2\/pages"}],"about":[{"href":"https:\/\/protestants-haguenau.fr\/index.php\/wp-json\/wp\/v2\/types\/page"}],"author":[{"embeddable":true,"href":"https:\/\/protestants-haguenau.fr\/index.php\/wp-json\/wp\/v2\/users\/1"}],"replies":[{"embeddable":true,"href":"https:\/\/protestants-haguenau.fr\/index.php\/wp-json\/wp\/v2\/comments?post=164"}],"version-history":[{"count":5,"href":"https:\/\/protestants-haguenau.fr\/index.php\/wp-json\/wp\/v2\/pages\/164\/revisions"}],"predecessor-version":[{"id":1169,"href":"https:\/\/protestants-haguenau.fr\/index.php\/wp-json\/wp\/v2\/pages\/164\/revisions\/1169"}],"wp:attachment":[{"href":"https:\/\/protestants-haguenau.fr\/index.php\/wp-json\/wp\/v2\/media?parent=164"}],"curies":[{"name":"wp","href":"https:\/\/api.w.org\/{rel}","templated":true}]}}