{"id":176,"date":"2025-06-16T13:57:28","date_gmt":"2025-06-16T11:57:28","guid":{"rendered":"https:\/\/protestants-haguenau.fr\/?page_id=176"},"modified":"2025-11-27T11:21:48","modified_gmt":"2025-11-27T10:21:48","slug":"groupe-de-prieres","status":"publish","type":"page","link":"https:\/\/protestants-haguenau.fr\/index.php\/groupe-de-prieres\/","title":{"rendered":"Groupe de pri\u00e8re"},"content":{"rendered":"\n<h2 class=\"wp-block-heading\">Groupe de pri\u00e8re<\/h2>\n\n\n\n<p><\/p>\n\n\n\n<div class=\"wp-block-columns is-layout-flex wp-container-core-columns-is-layout-9d6595d7 wp-block-columns-is-layout-flex\">\n<div class=\"wp-block-column is-layout-flow wp-block-column-is-layout-flow\">\n<p><\/p>\n\n\n\n<p class=\"has-text-align-center\"><em>\u00ab Ne vous inqui\u00e9tez de rien, mais en toute chose faites conna\u00eetre vos besoins \u00e0 Dieu par des pri\u00e8res et des supplications, dans une attitude de reconnaissance. Et la paix de Dieu qui d\u00e9passe tout ce que l\u2019on peut comprendre, gardera votre c\u0153ur <\/em><em>et vos pens\u00e9es en J\u00e9sus Christ. \u00bb<\/em> <em>Phil 4. 6<\/em>-7<\/p>\n<\/div>\n\n\n\n<div class=\"wp-block-column is-layout-flow wp-block-column-is-layout-flow\">\n<figure class=\"wp-block-image size-full is-resized\"><img loading=\"lazy\" decoding=\"async\" width=\"350\" height=\"197\" src=\"https:\/\/protestants-haguenau.fr\/wp-content\/uploads\/2025\/06\/priere.jpg\" alt=\"Prier\" class=\"wp-image-148\" style=\"width:374px;height:auto\" srcset=\"https:\/\/protestants-haguenau.fr\/wp-content\/uploads\/2025\/06\/priere.jpg 350w, https:\/\/protestants-haguenau.fr\/wp-content\/uploads\/2025\/06\/priere-300x169.jpg 300w\" sizes=\"auto, (max-width: 350px) 100vw, 350px\" \/><\/figure>\n<\/div>\n<\/div>\n\n\n\n<p>Le groupe de pri\u00e8re se r\u00e9unit un vendredi par mois, de 16h \u00e0 17h, dans la salle de l&rsquo;Ouvroir.<br>C\u2019est un temps simple et profond, o\u00f9 nous prenons le temps de nous retrouver, de partager ce que chacun vit, et d\u2019ouvrir ensemble la Bible pour m\u00e9diter un passage et \u00e9changer librement.<\/p>\n\n\n\n<p>Apr\u00e8s ce moment de partage et d\u2019\u00e9coute, nous prenons un temps de pri\u00e8re.<br>Chacun peut apporter des intentions, des personnes \u00e0 soutenir, des situations \u00e0 confier \u00e0 Dieu. Nous portons ces sujets ensemble, dans la confiance et la bienveillance, dans un esprit de discr\u00e9tion et de confidentialit\u00e9 : ce qui est partag\u00e9 dans le groupe reste dans le groupe.<\/p>\n\n\n\n<p>Le groupe anime \u00e9galement une cha\u00eene de pri\u00e8re : chaque jour, une personne diff\u00e9rente de la paroisse s\u2019engage \u00e0 prier pour la communaut\u00e9. C\u2019est un beau fil invisible qui nous relie et qui soutient la vie de l\u2019\u00c9glise au quotidien.<\/p>\n\n\n\n<p>Que vous veniez r\u00e9guli\u00e8rement, occasionnellement, ou simplement pour confier une intention : vous avez toute votre place parmi nous.<\/p>\n","protected":false},"excerpt":{"rendered":"<p>Groupe de pri\u00e8re \u00ab Ne vous inqui\u00e9tez de rien, mais en toute chose faites conna\u00eetre vos besoins \u00e0 Dieu par des pri\u00e8res et des supplications, dans une attitude de reconnaissance. <a class=\"more-link\" href=\"https:\/\/protestants-haguenau.fr\/index.php\/groupe-de-prieres\/\">En savoir plus&#8230;<\/a><\/p>\n","protected":false},"author":1,"featured_media":0,"parent":0,"menu_order":0,"comment_status":"closed","ping_status":"closed","template":"","meta":{"footnotes":""},"class_list":["post-176","page","type-page","status-publish","hentry"],"yoast_head":"<!-- This site is optimized with the Yoast SEO plugin v27.1.1 - https:\/\/yoast.com\/product\/yoast-seo-wordpress\/ -->\n<title>Groupe de pri\u00e8re - Paroisse Protestante de Haguenau<\/title>\n<meta name=\"robots\" content=\"index, follow, max-snippet:-1, max-image-preview:large, max-video-preview:-1\" \/>\n<link rel=\"canonical\" href=\"https:\/\/protestants-haguenau.fr\/index.php\/groupe-de-prieres\/\" \/>\n<meta property=\"og:locale\" content=\"fr_FR\" \/>\n<meta property=\"og:type\" content=\"article\" \/>\n<meta property=\"og:title\" content=\"Groupe de pri\u00e8re - Paroisse Protestante de Haguenau\" \/>\n<meta property=\"og:description\" content=\"Groupe de pri\u00e8re \u00ab Ne vous inqui\u00e9tez de rien, mais en toute chose faites conna\u00eetre vos besoins \u00e0 Dieu par des pri\u00e8res et des supplications, dans une attitude de reconnaissance. En savoir plus...\" \/>\n<meta property=\"og:url\" content=\"https:\/\/protestants-haguenau.fr\/index.php\/groupe-de-prieres\/\" \/>\n<meta property=\"og:site_name\" content=\"Paroisse Protestante de Haguenau\" \/>\n<meta property=\"article:publisher\" content=\"https:\/\/www.facebook.com\/paroisseprotestantehaguenau\/?locale=fr_FR\" \/>\n<meta property=\"article:modified_time\" content=\"2025-11-27T10:21:48+00:00\" \/>\n<meta property=\"og:image\" content=\"https:\/\/protestants-haguenau.fr\/wp-content\/uploads\/2025\/06\/priere.jpg\" \/>\n\t<meta property=\"og:image:width\" content=\"350\" \/>\n\t<meta property=\"og:image:height\" content=\"197\" \/>\n\t<meta property=\"og:image:type\" content=\"image\/jpeg\" \/>\n<meta name=\"twitter:card\" content=\"summary_large_image\" \/>\n<meta name=\"twitter:label1\" content=\"Dur\u00e9e de lecture estim\u00e9e\" \/>\n\t<meta name=\"twitter:data1\" content=\"1 minute\" \/>\n<script type=\"application\/ld+json\" class=\"yoast-schema-graph\">{\"@context\":\"https:\/\/schema.org\",\"@graph\":[{\"@type\":\"WebPage\",\"@id\":\"https:\/\/protestants-haguenau.fr\/index.php\/groupe-de-prieres\/\",\"url\":\"https:\/\/protestants-haguenau.fr\/index.php\/groupe-de-prieres\/\",\"name\":\"Groupe de pri\u00e8re - Paroisse Protestante de Haguenau\",\"isPartOf\":{\"@id\":\"https:\/\/protestants-haguenau.fr\/#website\"},\"primaryImageOfPage\":{\"@id\":\"https:\/\/protestants-haguenau.fr\/index.php\/groupe-de-prieres\/#primaryimage\"},\"image\":{\"@id\":\"https:\/\/protestants-haguenau.fr\/index.php\/groupe-de-prieres\/#primaryimage\"},\"thumbnailUrl\":\"https:\/\/protestants-haguenau.fr\/wp-content\/uploads\/2025\/06\/priere.jpg\",\"datePublished\":\"2025-06-16T11:57:28+00:00\",\"dateModified\":\"2025-11-27T10:21:48+00:00\",\"breadcrumb\":{\"@id\":\"https:\/\/protestants-haguenau.fr\/index.php\/groupe-de-prieres\/#breadcrumb\"},\"inLanguage\":\"fr-FR\",\"potentialAction\":[{\"@type\":\"ReadAction\",\"target\":[\"https:\/\/protestants-haguenau.fr\/index.php\/groupe-de-prieres\/\"]}]},{\"@type\":\"ImageObject\",\"inLanguage\":\"fr-FR\",\"@id\":\"https:\/\/protestants-haguenau.fr\/index.php\/groupe-de-prieres\/#primaryimage\",\"url\":\"https:\/\/protestants-haguenau.fr\/wp-content\/uploads\/2025\/06\/priere.jpg\",\"contentUrl\":\"https:\/\/protestants-haguenau.fr\/wp-content\/uploads\/2025\/06\/priere.jpg\",\"width\":350,\"height\":197,\"caption\":\"Prier\"},{\"@type\":\"BreadcrumbList\",\"@id\":\"https:\/\/protestants-haguenau.fr\/index.php\/groupe-de-prieres\/#breadcrumb\",\"itemListElement\":[{\"@type\":\"ListItem\",\"position\":1,\"name\":\"Accueil\",\"item\":\"https:\/\/protestants-haguenau.fr\/\"},{\"@type\":\"ListItem\",\"position\":2,\"name\":\"Groupe de pri\u00e8re\"}]},{\"@type\":\"WebSite\",\"@id\":\"https:\/\/protestants-haguenau.fr\/#website\",\"url\":\"https:\/\/protestants-haguenau.fr\/\",\"name\":\"Paroisse Protestante de Haguenau\",\"description\":\"Actualit\u00e9s et informations\",\"publisher\":{\"@id\":\"https:\/\/protestants-haguenau.fr\/#organization\"},\"potentialAction\":[{\"@type\":\"SearchAction\",\"target\":{\"@type\":\"EntryPoint\",\"urlTemplate\":\"https:\/\/protestants-haguenau.fr\/?s={search_term_string}\"},\"query-input\":{\"@type\":\"PropertyValueSpecification\",\"valueRequired\":true,\"valueName\":\"search_term_string\"}}],\"inLanguage\":\"fr-FR\"},{\"@type\":\"Organization\",\"@id\":\"https:\/\/protestants-haguenau.fr\/#organization\",\"name\":\"Paroisse Protestante de Haguenau\",\"url\":\"https:\/\/protestants-haguenau.fr\/\",\"logo\":{\"@type\":\"ImageObject\",\"inLanguage\":\"fr-FR\",\"@id\":\"https:\/\/protestants-haguenau.fr\/#\/schema\/logo\/image\/\",\"url\":\"https:\/\/protestants-haguenau.fr\/wp-content\/uploads\/2025\/11\/cropped-Plan-de-travail-5.png\",\"contentUrl\":\"https:\/\/protestants-haguenau.fr\/wp-content\/uploads\/2025\/11\/cropped-Plan-de-travail-5.png\",\"width\":300,\"height\":138,\"caption\":\"Paroisse Protestante de Haguenau\"},\"image\":{\"@id\":\"https:\/\/protestants-haguenau.fr\/#\/schema\/logo\/image\/\"},\"sameAs\":[\"https:\/\/www.facebook.com\/paroisseprotestantehaguenau\/?locale=fr_FR\",\"https:\/\/www.instagram.com\/paroisseprotestantehaguenau\/\"]}]}<\/script>\n<!-- \/ Yoast SEO plugin. -->","yoast_head_json":{"title":"Groupe de pri\u00e8re - Paroisse Protestante de Haguenau","robots":{"index":"index","follow":"follow","max-snippet":"max-snippet:-1","max-image-preview":"max-image-preview:large","max-video-preview":"max-video-preview:-1"},"canonical":"https:\/\/protestants-haguenau.fr\/index.php\/groupe-de-prieres\/","og_locale":"fr_FR","og_type":"article","og_title":"Groupe de pri\u00e8re - Paroisse Protestante de Haguenau","og_description":"Groupe de pri\u00e8re \u00ab Ne vous inqui\u00e9tez de rien, mais en toute chose faites conna\u00eetre vos besoins \u00e0 Dieu par des pri\u00e8res et des supplications, dans une attitude de reconnaissance. En savoir plus...","og_url":"https:\/\/protestants-haguenau.fr\/index.php\/groupe-de-prieres\/","og_site_name":"Paroisse Protestante de Haguenau","article_publisher":"https:\/\/www.facebook.com\/paroisseprotestantehaguenau\/?locale=fr_FR","article_modified_time":"2025-11-27T10:21:48+00:00","og_image":[{"width":350,"height":197,"url":"https:\/\/protestants-haguenau.fr\/wp-content\/uploads\/2025\/06\/priere.jpg","type":"image\/jpeg"}],"twitter_card":"summary_large_image","twitter_misc":{"Dur\u00e9e de lecture estim\u00e9e":"1 minute"},"schema":{"@context":"https:\/\/schema.org","@graph":[{"@type":"WebPage","@id":"https:\/\/protestants-haguenau.fr\/index.php\/groupe-de-prieres\/","url":"https:\/\/protestants-haguenau.fr\/index.php\/groupe-de-prieres\/","name":"Groupe de pri\u00e8re - Paroisse Protestante de Haguenau","isPartOf":{"@id":"https:\/\/protestants-haguenau.fr\/#website"},"primaryImageOfPage":{"@id":"https:\/\/protestants-haguenau.fr\/index.php\/groupe-de-prieres\/#primaryimage"},"image":{"@id":"https:\/\/protestants-haguenau.fr\/index.php\/groupe-de-prieres\/#primaryimage"},"thumbnailUrl":"https:\/\/protestants-haguenau.fr\/wp-content\/uploads\/2025\/06\/priere.jpg","datePublished":"2025-06-16T11:57:28+00:00","dateModified":"2025-11-27T10:21:48+00:00","breadcrumb":{"@id":"https:\/\/protestants-haguenau.fr\/index.php\/groupe-de-prieres\/#breadcrumb"},"inLanguage":"fr-FR","potentialAction":[{"@type":"ReadAction","target":["https:\/\/protestants-haguenau.fr\/index.php\/groupe-de-prieres\/"]}]},{"@type":"ImageObject","inLanguage":"fr-FR","@id":"https:\/\/protestants-haguenau.fr\/index.php\/groupe-de-prieres\/#primaryimage","url":"https:\/\/protestants-haguenau.fr\/wp-content\/uploads\/2025\/06\/priere.jpg","contentUrl":"https:\/\/protestants-haguenau.fr\/wp-content\/uploads\/2025\/06\/priere.jpg","width":350,"height":197,"caption":"Prier"},{"@type":"BreadcrumbList","@id":"https:\/\/protestants-haguenau.fr\/index.php\/groupe-de-prieres\/#breadcrumb","itemListElement":[{"@type":"ListItem","position":1,"name":"Accueil","item":"https:\/\/protestants-haguenau.fr\/"},{"@type":"ListItem","position":2,"name":"Groupe de pri\u00e8re"}]},{"@type":"WebSite","@id":"https:\/\/protestants-haguenau.fr\/#website","url":"https:\/\/protestants-haguenau.fr\/","name":"Paroisse Protestante de Haguenau","description":"Actualit\u00e9s et informations","publisher":{"@id":"https:\/\/protestants-haguenau.fr\/#organization"},"potentialAction":[{"@type":"SearchAction","target":{"@type":"EntryPoint","urlTemplate":"https:\/\/protestants-haguenau.fr\/?s={search_term_string}"},"query-input":{"@type":"PropertyValueSpecification","valueRequired":true,"valueName":"search_term_string"}}],"inLanguage":"fr-FR"},{"@type":"Organization","@id":"https:\/\/protestants-haguenau.fr\/#organization","name":"Paroisse Protestante de Haguenau","url":"https:\/\/protestants-haguenau.fr\/","logo":{"@type":"ImageObject","inLanguage":"fr-FR","@id":"https:\/\/protestants-haguenau.fr\/#\/schema\/logo\/image\/","url":"https:\/\/protestants-haguenau.fr\/wp-content\/uploads\/2025\/11\/cropped-Plan-de-travail-5.png","contentUrl":"https:\/\/protestants-haguenau.fr\/wp-content\/uploads\/2025\/11\/cropped-Plan-de-travail-5.png","width":300,"height":138,"caption":"Paroisse Protestante de Haguenau"},"image":{"@id":"https:\/\/protestants-haguenau.fr\/#\/schema\/logo\/image\/"},"sameAs":["https:\/\/www.facebook.com\/paroisseprotestantehaguenau\/?locale=fr_FR","https:\/\/www.instagram.com\/paroisseprotestantehaguenau\/"]}]}},"_links":{"self":[{"href":"https:\/\/protestants-haguenau.fr\/index.php\/wp-json\/wp\/v2\/pages\/176","targetHints":{"allow":["GET"]}}],"collection":[{"href":"https:\/\/protestants-haguenau.fr\/index.php\/wp-json\/wp\/v2\/pages"}],"about":[{"href":"https:\/\/protestants-haguenau.fr\/index.php\/wp-json\/wp\/v2\/types\/page"}],"author":[{"embeddable":true,"href":"https:\/\/protestants-haguenau.fr\/index.php\/wp-json\/wp\/v2\/users\/1"}],"replies":[{"embeddable":true,"href":"https:\/\/protestants-haguenau.fr\/index.php\/wp-json\/wp\/v2\/comments?post=176"}],"version-history":[{"count":6,"href":"https:\/\/protestants-haguenau.fr\/index.php\/wp-json\/wp\/v2\/pages\/176\/revisions"}],"predecessor-version":[{"id":928,"href":"https:\/\/protestants-haguenau.fr\/index.php\/wp-json\/wp\/v2\/pages\/176\/revisions\/928"}],"wp:attachment":[{"href":"https:\/\/protestants-haguenau.fr\/index.php\/wp-json\/wp\/v2\/media?parent=176"}],"curies":[{"name":"wp","href":"https:\/\/api.w.org\/{rel}","templated":true}]}}