{"id":178,"date":"2025-06-16T13:57:48","date_gmt":"2025-06-16T11:57:48","guid":{"rendered":"https:\/\/protestants-haguenau.fr\/?page_id=178"},"modified":"2025-11-27T16:51:17","modified_gmt":"2025-11-27T15:51:17","slug":"partageons-nos-talents","status":"publish","type":"page","link":"https:\/\/protestants-haguenau.fr\/index.php\/partageons-nos-talents\/","title":{"rendered":"Partageons nos talents"},"content":{"rendered":"\n<h2 class=\"wp-block-heading\"><\/h2>\n\n\n<div class=\"wp-block-image\">\n<figure class=\"aligncenter size-large is-resized\"><img loading=\"lazy\" decoding=\"async\" width=\"768\" height=\"1024\" src=\"https:\/\/protestants-haguenau.fr\/wp-content\/uploads\/2025\/08\/5_Partageons-nos-Talents-768x1024.jpeg\" alt=\"Bouquet du Gr. Partageons nos Talents\" class=\"wp-image-530\" style=\"width:278px;height:auto\" srcset=\"https:\/\/protestants-haguenau.fr\/wp-content\/uploads\/2025\/08\/5_Partageons-nos-Talents-768x1024.jpeg 768w, https:\/\/protestants-haguenau.fr\/wp-content\/uploads\/2025\/08\/5_Partageons-nos-Talents-225x300.jpeg 225w, https:\/\/protestants-haguenau.fr\/wp-content\/uploads\/2025\/08\/5_Partageons-nos-Talents-1152x1536.jpeg 1152w, https:\/\/protestants-haguenau.fr\/wp-content\/uploads\/2025\/08\/5_Partageons-nos-Talents-rotated.jpeg 1512w\" sizes=\"auto, (max-width: 768px) 100vw, 768px\" \/><\/figure>\n<\/div>\n\n\n<p class=\"has-text-align-center\"><strong>1 Corinthiens 12,4<\/strong><br>\u00ab Il y a diversit\u00e9 de dons, mais le m\u00eame Esprit. \u00bb<\/p>\n\n\n\n<p>Un vendredi par mois, la paroisse propose une soir\u00e9e conviviale et cr\u00e9ative : Partageons nos talents.<br>C\u2019est un moment pour bricoler ensemble, d\u00e9couvrir de nouvelles id\u00e9es, apprendre les unes des autres, et simplement partager un beau temps fraternel.<\/p>\n\n\n\n<p>La rencontre a lieu en principe le deuxi\u00e8me vendredi du mois, de 19h30 \u00e0 21h, au foyer Capito.<\/p>\n\n\n\n<p>Nous commen\u00e7ons toujours la soir\u00e9e par un temps de chant et de pri\u00e8re, pour nous recentrer et entrer dans la rencontre en douceur.<\/p>\n\n\n\n<p>Chaque mois, un nouveau bricolage est propos\u00e9.<br>Les r\u00e9alisations sont toujours accessibles \u00e0 toutes et \u00e0 tous : pas besoin d\u2019\u00eatre expert\u00b7e, ni particuli\u00e8rement habile de ses mains !<br>L\u2019objectif est de cr\u00e9er ensemble quelque chose de beau\u2026 et de repartir avec sa r\u00e9alisation du jour.<\/p>\n\n\n\n<p>Le th\u00e8me du bricolage et la liste du mat\u00e9riel \u00e0 apporter sont annonc\u00e9s dans la rubrique \u00c9v\u00e9nements du site et dans l\u2019agenda de la paroisse.<br>Mais m\u00eame si vous n\u2019avez pas le mat\u00e9riel demand\u00e9, vous pouvez tout \u00e0 fait venir : nous pr\u00eatons volontiers ce qu\u2019il faut.<\/p>\n\n\n\n<p>Lorsque l\u2019activit\u00e9 n\u00e9cessite l\u2019achat de mat\u00e9riel sp\u00e9cifique, une petite participation financi\u00e8re peut \u00eatre propos\u00e9e, en fonction des besoins du mois.<\/p>\n\n\n\n<p>Ce temps se veut surtout simple, convivial, ouvert \u00e0 tou\u00b7te\u00b7s, et porteur de joie cr\u00e9ative.<br>Vous \u00eates les bienvenus pour un soir\u2026 ou tous les mois !<\/p>\n\n\n<div class=\"wp-block-image\">\n<figure class=\"aligncenter size-large is-resized\"><img loading=\"lazy\" decoding=\"async\" width=\"1024\" height=\"461\" src=\"https:\/\/protestants-haguenau.fr\/wp-content\/uploads\/2025\/08\/5_PnT-Verres-1024x461.jpg\" alt=\"Verres_Partageons nos Talents\" class=\"wp-image-532\" style=\"width:684px;height:auto\" srcset=\"https:\/\/protestants-haguenau.fr\/wp-content\/uploads\/2025\/08\/5_PnT-Verres-1024x461.jpg 1024w, https:\/\/protestants-haguenau.fr\/wp-content\/uploads\/2025\/08\/5_PnT-Verres-300x135.jpg 300w, https:\/\/protestants-haguenau.fr\/wp-content\/uploads\/2025\/08\/5_PnT-Verres-768x346.jpg 768w, https:\/\/protestants-haguenau.fr\/wp-content\/uploads\/2025\/08\/5_PnT-Verres-1536x692.jpg 1536w, https:\/\/protestants-haguenau.fr\/wp-content\/uploads\/2025\/08\/5_PnT-Verres.jpg 2048w\" sizes=\"auto, (max-width: 1024px) 100vw, 1024px\" \/><figcaption class=\"wp-element-caption\">Divers bricolages et d\u00e9corations r\u00e9alis\u00e9s par le groupe Partageons nos Talents<\/figcaption><\/figure>\n<\/div>\n\n\n<div class=\"wp-block-columns is-layout-flex wp-container-core-columns-is-layout-9d6595d7 wp-block-columns-is-layout-flex\">\n<div class=\"wp-block-column is-layout-flow wp-block-column-is-layout-flow\"><div class=\"wp-block-image\">\n<figure class=\"aligncenter size-full is-resized\"><img loading=\"lazy\" decoding=\"async\" width=\"2560\" height=\"1821\" src=\"https:\/\/protestants-haguenau.fr\/wp-content\/uploads\/2025\/08\/5_Couronnes.2-scaled.jpg\" alt=\"\" class=\"wp-image-535\" style=\"object-fit:cover;width:430px;height:170px\" srcset=\"https:\/\/protestants-haguenau.fr\/wp-content\/uploads\/2025\/08\/5_Couronnes.2-scaled.jpg 2560w, https:\/\/protestants-haguenau.fr\/wp-content\/uploads\/2025\/08\/5_Couronnes.2-300x213.jpg 300w, https:\/\/protestants-haguenau.fr\/wp-content\/uploads\/2025\/08\/5_Couronnes.2-1024x728.jpg 1024w, https:\/\/protestants-haguenau.fr\/wp-content\/uploads\/2025\/08\/5_Couronnes.2-768x546.jpg 768w, https:\/\/protestants-haguenau.fr\/wp-content\/uploads\/2025\/08\/5_Couronnes.2-1536x1093.jpg 1536w, https:\/\/protestants-haguenau.fr\/wp-content\/uploads\/2025\/08\/5_Couronnes.2-2048x1457.jpg 2048w\" sizes=\"auto, (max-width: 2560px) 100vw, 2560px\" \/><\/figure>\n<\/div><\/div>\n\n\n\n<div class=\"wp-block-column is-vertically-aligned-center is-layout-flow wp-block-column-is-layout-flow\"><div class=\"wp-block-image\">\n<figure class=\"aligncenter size-full is-resized\"><img loading=\"lazy\" decoding=\"async\" width=\"542\" height=\"723\" src=\"https:\/\/protestants-haguenau.fr\/wp-content\/uploads\/2025\/08\/6_Partageons-2.jpg\" alt=\"D\u00e9coupages_Partageons nos Talents\" class=\"wp-image-531\" style=\"object-fit:cover;width:430px;height:170px\" srcset=\"https:\/\/protestants-haguenau.fr\/wp-content\/uploads\/2025\/08\/6_Partageons-2.jpg 542w, https:\/\/protestants-haguenau.fr\/wp-content\/uploads\/2025\/08\/6_Partageons-2-225x300.jpg 225w\" sizes=\"auto, (max-width: 542px) 100vw, 542px\" \/><\/figure>\n<\/div><\/div>\n<\/div>\n\n\n\n<p><\/p>\n","protected":false},"excerpt":{"rendered":"<p>1 Corinthiens 12,4\u00ab Il y a diversit\u00e9 de dons, mais le m\u00eame Esprit. \u00bb Un vendredi par mois, la paroisse propose une soir\u00e9e conviviale et cr\u00e9ative : Partageons nos talents.C\u2019est <a class=\"more-link\" href=\"https:\/\/protestants-haguenau.fr\/index.php\/partageons-nos-talents\/\">En savoir plus&#8230;<\/a><\/p>\n","protected":false},"author":1,"featured_media":530,"parent":0,"menu_order":0,"comment_status":"closed","ping_status":"closed","template":"","meta":{"footnotes":""},"class_list":["post-178","page","type-page","status-publish","has-post-thumbnail","hentry"],"yoast_head":"<!-- This site is optimized with the Yoast SEO plugin v27.1.1 - https:\/\/yoast.com\/product\/yoast-seo-wordpress\/ -->\n<title>Partageons nos talents - Paroisse Protestante de Haguenau<\/title>\n<meta name=\"robots\" content=\"index, follow, max-snippet:-1, max-image-preview:large, max-video-preview:-1\" \/>\n<link rel=\"canonical\" href=\"https:\/\/protestants-haguenau.fr\/index.php\/partageons-nos-talents\/\" \/>\n<meta property=\"og:locale\" content=\"fr_FR\" \/>\n<meta property=\"og:type\" content=\"article\" \/>\n<meta property=\"og:title\" content=\"Partageons nos talents - Paroisse Protestante de Haguenau\" \/>\n<meta property=\"og:description\" content=\"1 Corinthiens 12,4\u00ab Il y a diversit\u00e9 de dons, mais le m\u00eame Esprit. \u00bb Un vendredi par mois, la paroisse propose une soir\u00e9e conviviale et cr\u00e9ative : Partageons nos talents.C\u2019est En savoir plus...\" \/>\n<meta property=\"og:url\" content=\"https:\/\/protestants-haguenau.fr\/index.php\/partageons-nos-talents\/\" \/>\n<meta property=\"og:site_name\" content=\"Paroisse Protestante de Haguenau\" \/>\n<meta property=\"article:publisher\" content=\"https:\/\/www.facebook.com\/paroisseprotestantehaguenau\/?locale=fr_FR\" \/>\n<meta property=\"article:modified_time\" content=\"2025-11-27T15:51:17+00:00\" \/>\n<meta property=\"og:image\" content=\"https:\/\/protestants-haguenau.fr\/wp-content\/uploads\/2025\/08\/5_Partageons-nos-Talents-rotated.jpeg\" \/>\n\t<meta property=\"og:image:width\" content=\"1512\" \/>\n\t<meta property=\"og:image:height\" content=\"2016\" \/>\n\t<meta property=\"og:image:type\" content=\"image\/jpeg\" \/>\n<meta name=\"twitter:card\" content=\"summary_large_image\" \/>\n<meta name=\"twitter:label1\" content=\"Dur\u00e9e de lecture estim\u00e9e\" \/>\n\t<meta name=\"twitter:data1\" content=\"1 minute\" \/>\n<script type=\"application\/ld+json\" class=\"yoast-schema-graph\">{\"@context\":\"https:\/\/schema.org\",\"@graph\":[{\"@type\":\"WebPage\",\"@id\":\"https:\/\/protestants-haguenau.fr\/index.php\/partageons-nos-talents\/\",\"url\":\"https:\/\/protestants-haguenau.fr\/index.php\/partageons-nos-talents\/\",\"name\":\"Partageons nos talents - Paroisse Protestante de Haguenau\",\"isPartOf\":{\"@id\":\"https:\/\/protestants-haguenau.fr\/#website\"},\"primaryImageOfPage\":{\"@id\":\"https:\/\/protestants-haguenau.fr\/index.php\/partageons-nos-talents\/#primaryimage\"},\"image\":{\"@id\":\"https:\/\/protestants-haguenau.fr\/index.php\/partageons-nos-talents\/#primaryimage\"},\"thumbnailUrl\":\"https:\/\/protestants-haguenau.fr\/wp-content\/uploads\/2025\/08\/5_Partageons-nos-Talents-rotated.jpeg\",\"datePublished\":\"2025-06-16T11:57:48+00:00\",\"dateModified\":\"2025-11-27T15:51:17+00:00\",\"breadcrumb\":{\"@id\":\"https:\/\/protestants-haguenau.fr\/index.php\/partageons-nos-talents\/#breadcrumb\"},\"inLanguage\":\"fr-FR\",\"potentialAction\":[{\"@type\":\"ReadAction\",\"target\":[\"https:\/\/protestants-haguenau.fr\/index.php\/partageons-nos-talents\/\"]}]},{\"@type\":\"ImageObject\",\"inLanguage\":\"fr-FR\",\"@id\":\"https:\/\/protestants-haguenau.fr\/index.php\/partageons-nos-talents\/#primaryimage\",\"url\":\"https:\/\/protestants-haguenau.fr\/wp-content\/uploads\/2025\/08\/5_Partageons-nos-Talents-rotated.jpeg\",\"contentUrl\":\"https:\/\/protestants-haguenau.fr\/wp-content\/uploads\/2025\/08\/5_Partageons-nos-Talents-rotated.jpeg\",\"width\":1512,\"height\":2016,\"caption\":\"Bouquet du Gr. Partageons nos Talents\"},{\"@type\":\"BreadcrumbList\",\"@id\":\"https:\/\/protestants-haguenau.fr\/index.php\/partageons-nos-talents\/#breadcrumb\",\"itemListElement\":[{\"@type\":\"ListItem\",\"position\":1,\"name\":\"Accueil\",\"item\":\"https:\/\/protestants-haguenau.fr\/\"},{\"@type\":\"ListItem\",\"position\":2,\"name\":\"Partageons nos talents\"}]},{\"@type\":\"WebSite\",\"@id\":\"https:\/\/protestants-haguenau.fr\/#website\",\"url\":\"https:\/\/protestants-haguenau.fr\/\",\"name\":\"Paroisse Protestante de Haguenau\",\"description\":\"Actualit\u00e9s et informations\",\"publisher\":{\"@id\":\"https:\/\/protestants-haguenau.fr\/#organization\"},\"potentialAction\":[{\"@type\":\"SearchAction\",\"target\":{\"@type\":\"EntryPoint\",\"urlTemplate\":\"https:\/\/protestants-haguenau.fr\/?s={search_term_string}\"},\"query-input\":{\"@type\":\"PropertyValueSpecification\",\"valueRequired\":true,\"valueName\":\"search_term_string\"}}],\"inLanguage\":\"fr-FR\"},{\"@type\":\"Organization\",\"@id\":\"https:\/\/protestants-haguenau.fr\/#organization\",\"name\":\"Paroisse Protestante de Haguenau\",\"url\":\"https:\/\/protestants-haguenau.fr\/\",\"logo\":{\"@type\":\"ImageObject\",\"inLanguage\":\"fr-FR\",\"@id\":\"https:\/\/protestants-haguenau.fr\/#\/schema\/logo\/image\/\",\"url\":\"https:\/\/protestants-haguenau.fr\/wp-content\/uploads\/2025\/11\/cropped-Plan-de-travail-5.png\",\"contentUrl\":\"https:\/\/protestants-haguenau.fr\/wp-content\/uploads\/2025\/11\/cropped-Plan-de-travail-5.png\",\"width\":300,\"height\":138,\"caption\":\"Paroisse Protestante de Haguenau\"},\"image\":{\"@id\":\"https:\/\/protestants-haguenau.fr\/#\/schema\/logo\/image\/\"},\"sameAs\":[\"https:\/\/www.facebook.com\/paroisseprotestantehaguenau\/?locale=fr_FR\",\"https:\/\/www.instagram.com\/paroisseprotestantehaguenau\/\"]}]}<\/script>\n<!-- \/ Yoast SEO plugin. -->","yoast_head_json":{"title":"Partageons nos talents - Paroisse Protestante de Haguenau","robots":{"index":"index","follow":"follow","max-snippet":"max-snippet:-1","max-image-preview":"max-image-preview:large","max-video-preview":"max-video-preview:-1"},"canonical":"https:\/\/protestants-haguenau.fr\/index.php\/partageons-nos-talents\/","og_locale":"fr_FR","og_type":"article","og_title":"Partageons nos talents - Paroisse Protestante de Haguenau","og_description":"1 Corinthiens 12,4\u00ab Il y a diversit\u00e9 de dons, mais le m\u00eame Esprit. \u00bb Un vendredi par mois, la paroisse propose une soir\u00e9e conviviale et cr\u00e9ative : Partageons nos talents.C\u2019est En savoir plus...","og_url":"https:\/\/protestants-haguenau.fr\/index.php\/partageons-nos-talents\/","og_site_name":"Paroisse Protestante de Haguenau","article_publisher":"https:\/\/www.facebook.com\/paroisseprotestantehaguenau\/?locale=fr_FR","article_modified_time":"2025-11-27T15:51:17+00:00","og_image":[{"width":1512,"height":2016,"url":"https:\/\/protestants-haguenau.fr\/wp-content\/uploads\/2025\/08\/5_Partageons-nos-Talents-rotated.jpeg","type":"image\/jpeg"}],"twitter_card":"summary_large_image","twitter_misc":{"Dur\u00e9e de lecture estim\u00e9e":"1 minute"},"schema":{"@context":"https:\/\/schema.org","@graph":[{"@type":"WebPage","@id":"https:\/\/protestants-haguenau.fr\/index.php\/partageons-nos-talents\/","url":"https:\/\/protestants-haguenau.fr\/index.php\/partageons-nos-talents\/","name":"Partageons nos talents - Paroisse Protestante de Haguenau","isPartOf":{"@id":"https:\/\/protestants-haguenau.fr\/#website"},"primaryImageOfPage":{"@id":"https:\/\/protestants-haguenau.fr\/index.php\/partageons-nos-talents\/#primaryimage"},"image":{"@id":"https:\/\/protestants-haguenau.fr\/index.php\/partageons-nos-talents\/#primaryimage"},"thumbnailUrl":"https:\/\/protestants-haguenau.fr\/wp-content\/uploads\/2025\/08\/5_Partageons-nos-Talents-rotated.jpeg","datePublished":"2025-06-16T11:57:48+00:00","dateModified":"2025-11-27T15:51:17+00:00","breadcrumb":{"@id":"https:\/\/protestants-haguenau.fr\/index.php\/partageons-nos-talents\/#breadcrumb"},"inLanguage":"fr-FR","potentialAction":[{"@type":"ReadAction","target":["https:\/\/protestants-haguenau.fr\/index.php\/partageons-nos-talents\/"]}]},{"@type":"ImageObject","inLanguage":"fr-FR","@id":"https:\/\/protestants-haguenau.fr\/index.php\/partageons-nos-talents\/#primaryimage","url":"https:\/\/protestants-haguenau.fr\/wp-content\/uploads\/2025\/08\/5_Partageons-nos-Talents-rotated.jpeg","contentUrl":"https:\/\/protestants-haguenau.fr\/wp-content\/uploads\/2025\/08\/5_Partageons-nos-Talents-rotated.jpeg","width":1512,"height":2016,"caption":"Bouquet du Gr. Partageons nos Talents"},{"@type":"BreadcrumbList","@id":"https:\/\/protestants-haguenau.fr\/index.php\/partageons-nos-talents\/#breadcrumb","itemListElement":[{"@type":"ListItem","position":1,"name":"Accueil","item":"https:\/\/protestants-haguenau.fr\/"},{"@type":"ListItem","position":2,"name":"Partageons nos talents"}]},{"@type":"WebSite","@id":"https:\/\/protestants-haguenau.fr\/#website","url":"https:\/\/protestants-haguenau.fr\/","name":"Paroisse Protestante de Haguenau","description":"Actualit\u00e9s et informations","publisher":{"@id":"https:\/\/protestants-haguenau.fr\/#organization"},"potentialAction":[{"@type":"SearchAction","target":{"@type":"EntryPoint","urlTemplate":"https:\/\/protestants-haguenau.fr\/?s={search_term_string}"},"query-input":{"@type":"PropertyValueSpecification","valueRequired":true,"valueName":"search_term_string"}}],"inLanguage":"fr-FR"},{"@type":"Organization","@id":"https:\/\/protestants-haguenau.fr\/#organization","name":"Paroisse Protestante de Haguenau","url":"https:\/\/protestants-haguenau.fr\/","logo":{"@type":"ImageObject","inLanguage":"fr-FR","@id":"https:\/\/protestants-haguenau.fr\/#\/schema\/logo\/image\/","url":"https:\/\/protestants-haguenau.fr\/wp-content\/uploads\/2025\/11\/cropped-Plan-de-travail-5.png","contentUrl":"https:\/\/protestants-haguenau.fr\/wp-content\/uploads\/2025\/11\/cropped-Plan-de-travail-5.png","width":300,"height":138,"caption":"Paroisse Protestante de Haguenau"},"image":{"@id":"https:\/\/protestants-haguenau.fr\/#\/schema\/logo\/image\/"},"sameAs":["https:\/\/www.facebook.com\/paroisseprotestantehaguenau\/?locale=fr_FR","https:\/\/www.instagram.com\/paroisseprotestantehaguenau\/"]}]}},"_links":{"self":[{"href":"https:\/\/protestants-haguenau.fr\/index.php\/wp-json\/wp\/v2\/pages\/178","targetHints":{"allow":["GET"]}}],"collection":[{"href":"https:\/\/protestants-haguenau.fr\/index.php\/wp-json\/wp\/v2\/pages"}],"about":[{"href":"https:\/\/protestants-haguenau.fr\/index.php\/wp-json\/wp\/v2\/types\/page"}],"author":[{"embeddable":true,"href":"https:\/\/protestants-haguenau.fr\/index.php\/wp-json\/wp\/v2\/users\/1"}],"replies":[{"embeddable":true,"href":"https:\/\/protestants-haguenau.fr\/index.php\/wp-json\/wp\/v2\/comments?post=178"}],"version-history":[{"count":11,"href":"https:\/\/protestants-haguenau.fr\/index.php\/wp-json\/wp\/v2\/pages\/178\/revisions"}],"predecessor-version":[{"id":965,"href":"https:\/\/protestants-haguenau.fr\/index.php\/wp-json\/wp\/v2\/pages\/178\/revisions\/965"}],"wp:featuredmedia":[{"embeddable":true,"href":"https:\/\/protestants-haguenau.fr\/index.php\/wp-json\/wp\/v2\/media\/530"}],"wp:attachment":[{"href":"https:\/\/protestants-haguenau.fr\/index.php\/wp-json\/wp\/v2\/media?parent=178"}],"curies":[{"name":"wp","href":"https:\/\/api.w.org\/{rel}","templated":true}]}}