{"id":194,"date":"2025-06-16T14:00:07","date_gmt":"2025-06-16T12:00:07","guid":{"rendered":"https:\/\/protestants-haguenau.fr\/?page_id=194"},"modified":"2025-11-27T16:45:54","modified_gmt":"2025-11-27T15:45:54","slug":"groupe-de-jeunes","status":"publish","type":"page","link":"https:\/\/protestants-haguenau.fr\/index.php\/groupe-de-jeunes\/","title":{"rendered":"Groupe de jeunes"},"content":{"rendered":"\n<p class=\"has-text-align-center\"><strong>Psaume 62,9<\/strong><br>\u00ab Mettez en lui votre confiance, en tout temps. \u00bb<\/p>\n\n\n\n<p><\/p>\n\n\n\n<p>Le groupe de jeunes s\u2019adresse aux adolescents de toutes les paroisses du consistoire de Bischwiller.<br>Il prolonge naturellement l\u2019exp\u00e9rience du cat\u00e9chisme : pour celles et ceux qui, apr\u00e8s avoir v\u00e9cu ce cheminement, souhaitent continuer \u00e0 grandir ensemble dans la foi, partager des moments de vie, et vivre une v\u00e9ritable communaut\u00e9 de jeunes.<\/p>\n\n\n\n<p>Mais il n\u2019est pas n\u00e9cessaire d\u2019avoir fait le cat\u00e9chisme pour participer : toute personne int\u00e9ress\u00e9e est la bienvenue.<\/p>\n\n\n\n<p><strong>Pour qui ?<\/strong><\/p>\n\n\n\n<p>Pour les jeunes apr\u00e8s la confirmation, en g\u00e9n\u00e9ral au lyc\u00e9e, ainsi que pour tout jeune ayant envie de d\u00e9couvrir le groupe.<\/p>\n\n\n\n<p><strong>Quand et o\u00f9 ?<\/strong><\/p>\n\n\n\n<ul class=\"wp-block-list\">\n<li>Une fois par mois, de 19h \u00e0 22h<\/li>\n\n\n\n<li>Au presbyt\u00e8re, rue de la Redoute (locaux de la CASA)<\/li>\n<\/ul>\n\n\n\n<p>R\u00e9f\u00e9rente&nbsp;: pasteure Naomi Geyer.<\/p>\n\n\n\n<p><strong>Au programme<\/strong><\/p>\n\n\n\n<ul class=\"wp-block-list\">\n<li>Repas partag\u00e9<\/li>\n\n\n\n<li>Jeux et activit\u00e9s conviviales<\/li>\n\n\n\n<li>Temps spirituel :\n<ul class=\"wp-block-list\">\n<li>partage autour d\u2019un texte biblique<\/li>\n\n\n\n<li>chants<\/li>\n\n\n\n<li>pri\u00e8re<\/li>\n<\/ul>\n<\/li>\n<\/ul>\n\n\n\n<p>Un moment simple, fort, joyeux, o\u00f9 tout le monde peut trouver sa place.<\/p>\n\n\n\n<p>Un groupe vivant et accueillant<\/p>\n\n\n\n<p>Environ une quinzaine de jeunes participent r\u00e9guli\u00e8rement.<br>C\u2019est un groupe chaleureux, o\u00f9 l\u2019on tisse des liens, o\u00f9 l\u2019on explore sa foi, o\u00f9 l\u2019on peut poser des questions, d\u00e9couvrir, grandir, se soutenir, rire\u2026 et vivre une belle exp\u00e9rience de communaut\u00e9.<\/p>\n","protected":false},"excerpt":{"rendered":"<p>Psaume 62,9\u00ab Mettez en lui votre confiance, en tout temps. \u00bb Le groupe de jeunes s\u2019adresse aux adolescents de toutes les paroisses du consistoire de Bischwiller.Il prolonge naturellement l\u2019exp\u00e9rience du <a class=\"more-link\" href=\"https:\/\/protestants-haguenau.fr\/index.php\/groupe-de-jeunes\/\">En savoir plus&#8230;<\/a><\/p>\n","protected":false},"author":1,"featured_media":0,"parent":0,"menu_order":0,"comment_status":"closed","ping_status":"closed","template":"","meta":{"footnotes":""},"class_list":["post-194","page","type-page","status-publish","hentry"],"yoast_head":"<!-- This site is optimized with the Yoast SEO plugin v27.1.1 - https:\/\/yoast.com\/product\/yoast-seo-wordpress\/ -->\n<title>Groupe de jeunes - Paroisse Protestante de Haguenau<\/title>\n<meta name=\"robots\" content=\"index, follow, max-snippet:-1, max-image-preview:large, max-video-preview:-1\" \/>\n<link rel=\"canonical\" href=\"https:\/\/protestants-haguenau.fr\/index.php\/groupe-de-jeunes\/\" \/>\n<meta property=\"og:locale\" content=\"fr_FR\" \/>\n<meta property=\"og:type\" content=\"article\" \/>\n<meta property=\"og:title\" content=\"Groupe de jeunes - Paroisse Protestante de Haguenau\" \/>\n<meta property=\"og:description\" content=\"Psaume 62,9\u00ab Mettez en lui votre confiance, en tout temps. \u00bb Le groupe de jeunes s\u2019adresse aux adolescents de toutes les paroisses du consistoire de Bischwiller.Il prolonge naturellement l\u2019exp\u00e9rience du En savoir plus...\" \/>\n<meta property=\"og:url\" content=\"https:\/\/protestants-haguenau.fr\/index.php\/groupe-de-jeunes\/\" \/>\n<meta property=\"og:site_name\" content=\"Paroisse Protestante de Haguenau\" \/>\n<meta property=\"article:publisher\" content=\"https:\/\/www.facebook.com\/paroisseprotestantehaguenau\/?locale=fr_FR\" \/>\n<meta property=\"article:modified_time\" content=\"2025-11-27T15:45:54+00:00\" \/>\n<meta property=\"og:image\" content=\"https:\/\/protestants-haguenau.fr\/wp-content\/uploads\/2026\/03\/Images-banniere-site.png\" \/>\n\t<meta property=\"og:image:width\" content=\"1200\" \/>\n\t<meta property=\"og:image:height\" content=\"514\" \/>\n\t<meta property=\"og:image:type\" content=\"image\/png\" \/>\n<meta name=\"twitter:card\" content=\"summary_large_image\" \/>\n<meta name=\"twitter:label1\" content=\"Dur\u00e9e de lecture estim\u00e9e\" \/>\n\t<meta name=\"twitter:data1\" content=\"1 minute\" \/>\n<script type=\"application\/ld+json\" class=\"yoast-schema-graph\">{\"@context\":\"https:\/\/schema.org\",\"@graph\":[{\"@type\":\"WebPage\",\"@id\":\"https:\/\/protestants-haguenau.fr\/index.php\/groupe-de-jeunes\/\",\"url\":\"https:\/\/protestants-haguenau.fr\/index.php\/groupe-de-jeunes\/\",\"name\":\"Groupe de jeunes - Paroisse Protestante de Haguenau\",\"isPartOf\":{\"@id\":\"https:\/\/protestants-haguenau.fr\/#website\"},\"datePublished\":\"2025-06-16T12:00:07+00:00\",\"dateModified\":\"2025-11-27T15:45:54+00:00\",\"breadcrumb\":{\"@id\":\"https:\/\/protestants-haguenau.fr\/index.php\/groupe-de-jeunes\/#breadcrumb\"},\"inLanguage\":\"fr-FR\",\"potentialAction\":[{\"@type\":\"ReadAction\",\"target\":[\"https:\/\/protestants-haguenau.fr\/index.php\/groupe-de-jeunes\/\"]}]},{\"@type\":\"BreadcrumbList\",\"@id\":\"https:\/\/protestants-haguenau.fr\/index.php\/groupe-de-jeunes\/#breadcrumb\",\"itemListElement\":[{\"@type\":\"ListItem\",\"position\":1,\"name\":\"Accueil\",\"item\":\"https:\/\/protestants-haguenau.fr\/\"},{\"@type\":\"ListItem\",\"position\":2,\"name\":\"Groupe de jeunes\"}]},{\"@type\":\"WebSite\",\"@id\":\"https:\/\/protestants-haguenau.fr\/#website\",\"url\":\"https:\/\/protestants-haguenau.fr\/\",\"name\":\"Paroisse Protestante de Haguenau\",\"description\":\"Actualit\u00e9s et informations\",\"publisher\":{\"@id\":\"https:\/\/protestants-haguenau.fr\/#organization\"},\"potentialAction\":[{\"@type\":\"SearchAction\",\"target\":{\"@type\":\"EntryPoint\",\"urlTemplate\":\"https:\/\/protestants-haguenau.fr\/?s={search_term_string}\"},\"query-input\":{\"@type\":\"PropertyValueSpecification\",\"valueRequired\":true,\"valueName\":\"search_term_string\"}}],\"inLanguage\":\"fr-FR\"},{\"@type\":\"Organization\",\"@id\":\"https:\/\/protestants-haguenau.fr\/#organization\",\"name\":\"Paroisse Protestante de Haguenau\",\"url\":\"https:\/\/protestants-haguenau.fr\/\",\"logo\":{\"@type\":\"ImageObject\",\"inLanguage\":\"fr-FR\",\"@id\":\"https:\/\/protestants-haguenau.fr\/#\/schema\/logo\/image\/\",\"url\":\"https:\/\/protestants-haguenau.fr\/wp-content\/uploads\/2025\/11\/cropped-Plan-de-travail-5.png\",\"contentUrl\":\"https:\/\/protestants-haguenau.fr\/wp-content\/uploads\/2025\/11\/cropped-Plan-de-travail-5.png\",\"width\":300,\"height\":138,\"caption\":\"Paroisse Protestante de Haguenau\"},\"image\":{\"@id\":\"https:\/\/protestants-haguenau.fr\/#\/schema\/logo\/image\/\"},\"sameAs\":[\"https:\/\/www.facebook.com\/paroisseprotestantehaguenau\/?locale=fr_FR\",\"https:\/\/www.instagram.com\/paroisseprotestantehaguenau\/\"]}]}<\/script>\n<!-- \/ Yoast SEO plugin. -->","yoast_head_json":{"title":"Groupe de jeunes - Paroisse Protestante de Haguenau","robots":{"index":"index","follow":"follow","max-snippet":"max-snippet:-1","max-image-preview":"max-image-preview:large","max-video-preview":"max-video-preview:-1"},"canonical":"https:\/\/protestants-haguenau.fr\/index.php\/groupe-de-jeunes\/","og_locale":"fr_FR","og_type":"article","og_title":"Groupe de jeunes - Paroisse Protestante de Haguenau","og_description":"Psaume 62,9\u00ab Mettez en lui votre confiance, en tout temps. \u00bb Le groupe de jeunes s\u2019adresse aux adolescents de toutes les paroisses du consistoire de Bischwiller.Il prolonge naturellement l\u2019exp\u00e9rience du En savoir plus...","og_url":"https:\/\/protestants-haguenau.fr\/index.php\/groupe-de-jeunes\/","og_site_name":"Paroisse Protestante de Haguenau","article_publisher":"https:\/\/www.facebook.com\/paroisseprotestantehaguenau\/?locale=fr_FR","article_modified_time":"2025-11-27T15:45:54+00:00","og_image":[{"width":1200,"height":514,"url":"https:\/\/protestants-haguenau.fr\/wp-content\/uploads\/2026\/03\/Images-banniere-site.png","type":"image\/png"}],"twitter_card":"summary_large_image","twitter_misc":{"Dur\u00e9e de lecture estim\u00e9e":"1 minute"},"schema":{"@context":"https:\/\/schema.org","@graph":[{"@type":"WebPage","@id":"https:\/\/protestants-haguenau.fr\/index.php\/groupe-de-jeunes\/","url":"https:\/\/protestants-haguenau.fr\/index.php\/groupe-de-jeunes\/","name":"Groupe de jeunes - Paroisse Protestante de Haguenau","isPartOf":{"@id":"https:\/\/protestants-haguenau.fr\/#website"},"datePublished":"2025-06-16T12:00:07+00:00","dateModified":"2025-11-27T15:45:54+00:00","breadcrumb":{"@id":"https:\/\/protestants-haguenau.fr\/index.php\/groupe-de-jeunes\/#breadcrumb"},"inLanguage":"fr-FR","potentialAction":[{"@type":"ReadAction","target":["https:\/\/protestants-haguenau.fr\/index.php\/groupe-de-jeunes\/"]}]},{"@type":"BreadcrumbList","@id":"https:\/\/protestants-haguenau.fr\/index.php\/groupe-de-jeunes\/#breadcrumb","itemListElement":[{"@type":"ListItem","position":1,"name":"Accueil","item":"https:\/\/protestants-haguenau.fr\/"},{"@type":"ListItem","position":2,"name":"Groupe de jeunes"}]},{"@type":"WebSite","@id":"https:\/\/protestants-haguenau.fr\/#website","url":"https:\/\/protestants-haguenau.fr\/","name":"Paroisse Protestante de Haguenau","description":"Actualit\u00e9s et informations","publisher":{"@id":"https:\/\/protestants-haguenau.fr\/#organization"},"potentialAction":[{"@type":"SearchAction","target":{"@type":"EntryPoint","urlTemplate":"https:\/\/protestants-haguenau.fr\/?s={search_term_string}"},"query-input":{"@type":"PropertyValueSpecification","valueRequired":true,"valueName":"search_term_string"}}],"inLanguage":"fr-FR"},{"@type":"Organization","@id":"https:\/\/protestants-haguenau.fr\/#organization","name":"Paroisse Protestante de Haguenau","url":"https:\/\/protestants-haguenau.fr\/","logo":{"@type":"ImageObject","inLanguage":"fr-FR","@id":"https:\/\/protestants-haguenau.fr\/#\/schema\/logo\/image\/","url":"https:\/\/protestants-haguenau.fr\/wp-content\/uploads\/2025\/11\/cropped-Plan-de-travail-5.png","contentUrl":"https:\/\/protestants-haguenau.fr\/wp-content\/uploads\/2025\/11\/cropped-Plan-de-travail-5.png","width":300,"height":138,"caption":"Paroisse Protestante de Haguenau"},"image":{"@id":"https:\/\/protestants-haguenau.fr\/#\/schema\/logo\/image\/"},"sameAs":["https:\/\/www.facebook.com\/paroisseprotestantehaguenau\/?locale=fr_FR","https:\/\/www.instagram.com\/paroisseprotestantehaguenau\/"]}]}},"_links":{"self":[{"href":"https:\/\/protestants-haguenau.fr\/index.php\/wp-json\/wp\/v2\/pages\/194","targetHints":{"allow":["GET"]}}],"collection":[{"href":"https:\/\/protestants-haguenau.fr\/index.php\/wp-json\/wp\/v2\/pages"}],"about":[{"href":"https:\/\/protestants-haguenau.fr\/index.php\/wp-json\/wp\/v2\/types\/page"}],"author":[{"embeddable":true,"href":"https:\/\/protestants-haguenau.fr\/index.php\/wp-json\/wp\/v2\/users\/1"}],"replies":[{"embeddable":true,"href":"https:\/\/protestants-haguenau.fr\/index.php\/wp-json\/wp\/v2\/comments?post=194"}],"version-history":[{"count":2,"href":"https:\/\/protestants-haguenau.fr\/index.php\/wp-json\/wp\/v2\/pages\/194\/revisions"}],"predecessor-version":[{"id":960,"href":"https:\/\/protestants-haguenau.fr\/index.php\/wp-json\/wp\/v2\/pages\/194\/revisions\/960"}],"wp:attachment":[{"href":"https:\/\/protestants-haguenau.fr\/index.php\/wp-json\/wp\/v2\/media?parent=194"}],"curies":[{"name":"wp","href":"https:\/\/api.w.org\/{rel}","templated":true}]}}