{"id":200,"date":"2025-06-16T14:01:03","date_gmt":"2025-06-16T12:01:03","guid":{"rendered":"https:\/\/protestants-haguenau.fr\/?page_id=200"},"modified":"2025-09-12T08:47:53","modified_gmt":"2025-09-12T06:47:53","slug":"orgues","status":"publish","type":"page","link":"https:\/\/protestants-haguenau.fr\/index.php\/orgues\/","title":{"rendered":"Orgue"},"content":{"rendered":"<div class=\"wp-block-image\">\n<figure class=\"aligncenter size-full is-resized\"><img loading=\"lazy\" decoding=\"async\" width=\"670\" height=\"446\" src=\"https:\/\/protestants-haguenau.fr\/wp-content\/uploads\/2025\/08\/orgue-2.jpg\" alt=\"Orgue\" class=\"wp-image-424\" style=\"width:481px;height:auto\" srcset=\"https:\/\/protestants-haguenau.fr\/wp-content\/uploads\/2025\/08\/orgue-2.jpg 670w, https:\/\/protestants-haguenau.fr\/wp-content\/uploads\/2025\/08\/orgue-2-300x200.jpg 300w\" sizes=\"auto, (max-width: 670px) 100vw, 670px\" \/><\/figure>\n<\/div>\n\n\n<h2 class=\"wp-block-heading\">L&rsquo;orgue de l&rsquo;\u00e9glise protestante de Haguenau<\/h2>\n\n\n\n<h2 class=\"wp-block-heading\"><\/h2>\n\n\n\n<p>C&rsquo;est en 1977 que la paroisse \u00e9met le projet de reconstruction d&rsquo;un orgue neuf m\u00e9canique, de sonorit\u00e9 classique, en gardant le buffet Weigle datant de 1895.<\/p>\n\n\n\n<p>En novembre 1977, l&rsquo;instrument est enti\u00e8rement d\u00e9mont\u00e9. Le buffet et les tuyaux r\u00e9cup\u00e9rables sont transport\u00e9s \u00e0 l&rsquo;atelier de la Manufacture d&rsquo;orgues alsacienne de Gaston Kern \u00e0 Hattmatt.<\/p>\n\n\n\n<p>En juin 1980, le nouvel instrument n\u00e9o-baroque est install\u00e9 sur la tribune par Gaston Kern, en ayant conserv\u00e9 le buffet, le soufflet, et quelques tuyaux (r\u00e9harmonis\u00e9s) de l&rsquo;orgue Weigle.<\/p>\n\n\n\n<p>Le&nbsp;22&nbsp;juin&nbsp;1980&nbsp;a&nbsp;lieu&nbsp;l\u2019inauguration&nbsp;en pr\u00e9sence de Messieurs les pasteurs Wild et&nbsp;Becker,&nbsp;le&nbsp;facteur d&rsquo;orgue Monsieur Gaston Kem, les autorit\u00e9s civiles et militaires, et Monsieur Marc Schaefer \u00e0&nbsp;l&rsquo;orgue.<\/p>\n\n\n\n<p><\/p>\n\n\n\n<h2 class=\"wp-block-heading\">Composition de l&rsquo;orgue<\/h2>\n\n\n\n<p>L\u2019orgue actuel est compos\u00e9 de vingt jeux r\u00e9els \u00e0 traction m\u00e9canique.                                                                        2 claviers de 54 notes et 1 p\u00e9dalier de 30 notes<\/p>\n\n\n\n<div class=\"wp-block-columns is-layout-flex wp-container-core-columns-is-layout-9d6595d7 wp-block-columns-is-layout-flex\">\n<div class=\"wp-block-column is-layout-flow wp-block-column-is-layout-flow\">\n<ul class=\"wp-block-list\">\n<li><strong>Grand orgue&nbsp; (54 notes)<\/strong><\/li>\n\n\n\n<li>Cornet 5 rgs<\/li>\n\n\n\n<li>Montre 8\u2019<\/li>\n\n\n\n<li>Bourdon 8\u2019<\/li>\n\n\n\n<li>Prestant 4\u2019<\/li>\n\n\n\n<li>Fl\u00fbte 4\u2019<\/li>\n\n\n\n<li>Doublette 2\u2019<\/li>\n\n\n\n<li>Fourniture 4 rgs<\/li>\n\n\n\n<li>Trompette 8\u2019<\/li>\n<\/ul>\n<\/div>\n\n\n\n<div class=\"wp-block-column is-layout-flow wp-block-column-is-layout-flow\">\n<ul class=\"wp-block-list\">\n<li><strong>Positif (54 notes)<\/strong><\/li>\n\n\n\n<li>Bourdon 8\u2019<\/li>\n\n\n\n<li>Montre 4\u2019<\/li>\n\n\n\n<li>Fl\u00fbte \u00e0 ch. 4\u2019<\/li>\n\n\n\n<li>Nasard 2\u2019 2\/3<\/li>\n\n\n\n<li>Quarte 2\u2019<\/li>\n\n\n\n<li>Tierce 1\u2019 3\/5<\/li>\n\n\n\n<li>Fourniture 3 rgs<\/li>\n\n\n\n<li>Cromorne 8\u2019<\/li>\n<\/ul>\n<\/div>\n\n\n\n<div class=\"wp-block-column is-layout-flow wp-block-column-is-layout-flow\">\n<ul class=\"wp-block-list\">\n<li><strong>P<\/strong><strong>\u00e9<\/strong><strong>dale (30 notes)<\/strong><\/li>\n\n\n\n<li>Bourdon 16\u2019<\/li>\n\n\n\n<li>Fl\u00fbte 8\u2019<\/li>\n\n\n\n<li>Prestant 4\u2019<\/li>\n\n\n\n<li>Trompette 8\u2019<\/li>\n<\/ul>\n<\/div>\n<\/div>\n\n\n\n<p>Tirasse II, tirasse I ,  Accouplement II\/I et tremblant doux<\/p>\n\n\n<div class=\"wp-block-image\">\n<figure class=\"aligncenter size-large is-resized\"><img loading=\"lazy\" decoding=\"async\" width=\"748\" height=\"1024\" src=\"https:\/\/protestants-haguenau.fr\/wp-content\/uploads\/2025\/08\/Image2-748x1024.jpg\" alt=\"Console de l'orgue\" class=\"wp-image-440\" style=\"width:279px;height:auto\" srcset=\"https:\/\/protestants-haguenau.fr\/wp-content\/uploads\/2025\/08\/Image2-748x1024.jpg 748w, https:\/\/protestants-haguenau.fr\/wp-content\/uploads\/2025\/08\/Image2-219x300.jpg 219w, https:\/\/protestants-haguenau.fr\/wp-content\/uploads\/2025\/08\/Image2-768x1051.jpg 768w, https:\/\/protestants-haguenau.fr\/wp-content\/uploads\/2025\/08\/Image2.jpg 822w\" sizes=\"auto, (max-width: 748px) 100vw, 748px\" \/><\/figure>\n<\/div>\n\n\n<p><\/p>\n\n\n\n<p><\/p>\n\n\n\n<p><\/p>\n\n\n\n<h2 class=\"wp-block-heading\">L&rsquo;orgue positif <\/h2>\n\n\n\n<p><strong>Orgue positif<\/strong><\/p>\n\n\n\n<p>C\u2019est en 2011 que la paroisse a acquis&nbsp;un orgue&nbsp;positif, enti\u00e8rement r\u00e9alis\u00e9&nbsp;en&nbsp;bois.<\/p>\n\n\n\n<p>L\u2019orgue positif&nbsp;a \u00e9t\u00e9 r\u00e9alis\u00e9 par Antoine Bois, facteur d\u2019orgue&nbsp;\u00e0 Orbey. L\u2019instrument comporte trois registres et est transposable m\u00e9caniquement de deux demi-tons vers le haut ou le bas, ce qui permet d\u2019accompagner ais\u00e9ment des instruments ou des solistes.<\/p>\n\n\n\n<p>Instrument de petite dimension facilement transportable.<\/p>\n\n\n\n<p>D\u2019un co\u00fbt d\u2019environ 20.000 \u20ac, l\u2019orgue positif a \u00e9t\u00e9 financ\u00e9 par les dons de paroissiens, la ville de Haguenau, des donateurs priv\u00e9s, la Fondation du Protestantisme, une subvention d\u2019Entraide et Solidarit\u00e9 Protestante et des recettes de concerts.<\/p>\n\n\n\n<p>L\u2019instrument a \u00e9t\u00e9 inaugur\u00e9&nbsp;en&nbsp;octobre&nbsp;2011.<\/p>\n","protected":false},"excerpt":{"rendered":"<p>L&rsquo;orgue de l&rsquo;\u00e9glise protestante de Haguenau C&rsquo;est en 1977 que la paroisse \u00e9met le projet de reconstruction d&rsquo;un orgue neuf m\u00e9canique, de sonorit\u00e9 classique, en gardant le buffet Weigle datant <a class=\"more-link\" href=\"https:\/\/protestants-haguenau.fr\/index.php\/orgues\/\">En savoir plus&#8230;<\/a><\/p>\n","protected":false},"author":1,"featured_media":424,"parent":0,"menu_order":0,"comment_status":"closed","ping_status":"closed","template":"","meta":{"footnotes":""},"class_list":["post-200","page","type-page","status-publish","has-post-thumbnail","hentry"],"yoast_head":"<!-- This site is optimized with the Yoast SEO plugin v27.1.1 - https:\/\/yoast.com\/product\/yoast-seo-wordpress\/ -->\n<title>Orgue - Paroisse Protestante de Haguenau<\/title>\n<meta name=\"robots\" content=\"index, follow, max-snippet:-1, max-image-preview:large, max-video-preview:-1\" \/>\n<link rel=\"canonical\" href=\"https:\/\/protestants-haguenau.fr\/index.php\/orgues\/\" \/>\n<meta property=\"og:locale\" content=\"fr_FR\" \/>\n<meta property=\"og:type\" content=\"article\" \/>\n<meta property=\"og:title\" content=\"Orgue - Paroisse Protestante de Haguenau\" \/>\n<meta property=\"og:description\" content=\"L&rsquo;orgue de l&rsquo;\u00e9glise protestante de Haguenau C&rsquo;est en 1977 que la paroisse \u00e9met le projet de reconstruction d&rsquo;un orgue neuf m\u00e9canique, de sonorit\u00e9 classique, en gardant le buffet Weigle datant En savoir plus...\" \/>\n<meta property=\"og:url\" content=\"https:\/\/protestants-haguenau.fr\/index.php\/orgues\/\" \/>\n<meta property=\"og:site_name\" content=\"Paroisse Protestante de Haguenau\" \/>\n<meta property=\"article:publisher\" content=\"https:\/\/www.facebook.com\/paroisseprotestantehaguenau\/?locale=fr_FR\" \/>\n<meta property=\"article:modified_time\" content=\"2025-09-12T06:47:53+00:00\" \/>\n<meta property=\"og:image\" content=\"https:\/\/protestants-haguenau.fr\/wp-content\/uploads\/2025\/08\/orgue-2.jpg\" \/>\n\t<meta property=\"og:image:width\" content=\"670\" \/>\n\t<meta property=\"og:image:height\" content=\"446\" \/>\n\t<meta property=\"og:image:type\" content=\"image\/jpeg\" \/>\n<meta name=\"twitter:card\" content=\"summary_large_image\" \/>\n<meta name=\"twitter:label1\" content=\"Dur\u00e9e de lecture estim\u00e9e\" \/>\n\t<meta name=\"twitter:data1\" content=\"2 minutes\" \/>\n<script type=\"application\/ld+json\" class=\"yoast-schema-graph\">{\"@context\":\"https:\/\/schema.org\",\"@graph\":[{\"@type\":\"WebPage\",\"@id\":\"https:\/\/protestants-haguenau.fr\/index.php\/orgues\/\",\"url\":\"https:\/\/protestants-haguenau.fr\/index.php\/orgues\/\",\"name\":\"Orgue - Paroisse Protestante de Haguenau\",\"isPartOf\":{\"@id\":\"https:\/\/protestants-haguenau.fr\/#website\"},\"primaryImageOfPage\":{\"@id\":\"https:\/\/protestants-haguenau.fr\/index.php\/orgues\/#primaryimage\"},\"image\":{\"@id\":\"https:\/\/protestants-haguenau.fr\/index.php\/orgues\/#primaryimage\"},\"thumbnailUrl\":\"https:\/\/protestants-haguenau.fr\/wp-content\/uploads\/2025\/08\/orgue-2.jpg\",\"datePublished\":\"2025-06-16T12:01:03+00:00\",\"dateModified\":\"2025-09-12T06:47:53+00:00\",\"breadcrumb\":{\"@id\":\"https:\/\/protestants-haguenau.fr\/index.php\/orgues\/#breadcrumb\"},\"inLanguage\":\"fr-FR\",\"potentialAction\":[{\"@type\":\"ReadAction\",\"target\":[\"https:\/\/protestants-haguenau.fr\/index.php\/orgues\/\"]}]},{\"@type\":\"ImageObject\",\"inLanguage\":\"fr-FR\",\"@id\":\"https:\/\/protestants-haguenau.fr\/index.php\/orgues\/#primaryimage\",\"url\":\"https:\/\/protestants-haguenau.fr\/wp-content\/uploads\/2025\/08\/orgue-2.jpg\",\"contentUrl\":\"https:\/\/protestants-haguenau.fr\/wp-content\/uploads\/2025\/08\/orgue-2.jpg\",\"width\":670,\"height\":446,\"caption\":\"Orgue\"},{\"@type\":\"BreadcrumbList\",\"@id\":\"https:\/\/protestants-haguenau.fr\/index.php\/orgues\/#breadcrumb\",\"itemListElement\":[{\"@type\":\"ListItem\",\"position\":1,\"name\":\"Accueil\",\"item\":\"https:\/\/protestants-haguenau.fr\/\"},{\"@type\":\"ListItem\",\"position\":2,\"name\":\"Orgue\"}]},{\"@type\":\"WebSite\",\"@id\":\"https:\/\/protestants-haguenau.fr\/#website\",\"url\":\"https:\/\/protestants-haguenau.fr\/\",\"name\":\"Paroisse Protestante de Haguenau\",\"description\":\"Actualit\u00e9s et informations\",\"publisher\":{\"@id\":\"https:\/\/protestants-haguenau.fr\/#organization\"},\"potentialAction\":[{\"@type\":\"SearchAction\",\"target\":{\"@type\":\"EntryPoint\",\"urlTemplate\":\"https:\/\/protestants-haguenau.fr\/?s={search_term_string}\"},\"query-input\":{\"@type\":\"PropertyValueSpecification\",\"valueRequired\":true,\"valueName\":\"search_term_string\"}}],\"inLanguage\":\"fr-FR\"},{\"@type\":\"Organization\",\"@id\":\"https:\/\/protestants-haguenau.fr\/#organization\",\"name\":\"Paroisse Protestante de Haguenau\",\"url\":\"https:\/\/protestants-haguenau.fr\/\",\"logo\":{\"@type\":\"ImageObject\",\"inLanguage\":\"fr-FR\",\"@id\":\"https:\/\/protestants-haguenau.fr\/#\/schema\/logo\/image\/\",\"url\":\"https:\/\/protestants-haguenau.fr\/wp-content\/uploads\/2025\/11\/cropped-Plan-de-travail-5.png\",\"contentUrl\":\"https:\/\/protestants-haguenau.fr\/wp-content\/uploads\/2025\/11\/cropped-Plan-de-travail-5.png\",\"width\":300,\"height\":138,\"caption\":\"Paroisse Protestante de Haguenau\"},\"image\":{\"@id\":\"https:\/\/protestants-haguenau.fr\/#\/schema\/logo\/image\/\"},\"sameAs\":[\"https:\/\/www.facebook.com\/paroisseprotestantehaguenau\/?locale=fr_FR\",\"https:\/\/www.instagram.com\/paroisseprotestantehaguenau\/\"]}]}<\/script>\n<!-- \/ Yoast SEO plugin. -->","yoast_head_json":{"title":"Orgue - Paroisse Protestante de Haguenau","robots":{"index":"index","follow":"follow","max-snippet":"max-snippet:-1","max-image-preview":"max-image-preview:large","max-video-preview":"max-video-preview:-1"},"canonical":"https:\/\/protestants-haguenau.fr\/index.php\/orgues\/","og_locale":"fr_FR","og_type":"article","og_title":"Orgue - Paroisse Protestante de Haguenau","og_description":"L&rsquo;orgue de l&rsquo;\u00e9glise protestante de Haguenau C&rsquo;est en 1977 que la paroisse \u00e9met le projet de reconstruction d&rsquo;un orgue neuf m\u00e9canique, de sonorit\u00e9 classique, en gardant le buffet Weigle datant En savoir plus...","og_url":"https:\/\/protestants-haguenau.fr\/index.php\/orgues\/","og_site_name":"Paroisse Protestante de Haguenau","article_publisher":"https:\/\/www.facebook.com\/paroisseprotestantehaguenau\/?locale=fr_FR","article_modified_time":"2025-09-12T06:47:53+00:00","og_image":[{"width":670,"height":446,"url":"https:\/\/protestants-haguenau.fr\/wp-content\/uploads\/2025\/08\/orgue-2.jpg","type":"image\/jpeg"}],"twitter_card":"summary_large_image","twitter_misc":{"Dur\u00e9e de lecture estim\u00e9e":"2 minutes"},"schema":{"@context":"https:\/\/schema.org","@graph":[{"@type":"WebPage","@id":"https:\/\/protestants-haguenau.fr\/index.php\/orgues\/","url":"https:\/\/protestants-haguenau.fr\/index.php\/orgues\/","name":"Orgue - Paroisse Protestante de Haguenau","isPartOf":{"@id":"https:\/\/protestants-haguenau.fr\/#website"},"primaryImageOfPage":{"@id":"https:\/\/protestants-haguenau.fr\/index.php\/orgues\/#primaryimage"},"image":{"@id":"https:\/\/protestants-haguenau.fr\/index.php\/orgues\/#primaryimage"},"thumbnailUrl":"https:\/\/protestants-haguenau.fr\/wp-content\/uploads\/2025\/08\/orgue-2.jpg","datePublished":"2025-06-16T12:01:03+00:00","dateModified":"2025-09-12T06:47:53+00:00","breadcrumb":{"@id":"https:\/\/protestants-haguenau.fr\/index.php\/orgues\/#breadcrumb"},"inLanguage":"fr-FR","potentialAction":[{"@type":"ReadAction","target":["https:\/\/protestants-haguenau.fr\/index.php\/orgues\/"]}]},{"@type":"ImageObject","inLanguage":"fr-FR","@id":"https:\/\/protestants-haguenau.fr\/index.php\/orgues\/#primaryimage","url":"https:\/\/protestants-haguenau.fr\/wp-content\/uploads\/2025\/08\/orgue-2.jpg","contentUrl":"https:\/\/protestants-haguenau.fr\/wp-content\/uploads\/2025\/08\/orgue-2.jpg","width":670,"height":446,"caption":"Orgue"},{"@type":"BreadcrumbList","@id":"https:\/\/protestants-haguenau.fr\/index.php\/orgues\/#breadcrumb","itemListElement":[{"@type":"ListItem","position":1,"name":"Accueil","item":"https:\/\/protestants-haguenau.fr\/"},{"@type":"ListItem","position":2,"name":"Orgue"}]},{"@type":"WebSite","@id":"https:\/\/protestants-haguenau.fr\/#website","url":"https:\/\/protestants-haguenau.fr\/","name":"Paroisse Protestante de Haguenau","description":"Actualit\u00e9s et informations","publisher":{"@id":"https:\/\/protestants-haguenau.fr\/#organization"},"potentialAction":[{"@type":"SearchAction","target":{"@type":"EntryPoint","urlTemplate":"https:\/\/protestants-haguenau.fr\/?s={search_term_string}"},"query-input":{"@type":"PropertyValueSpecification","valueRequired":true,"valueName":"search_term_string"}}],"inLanguage":"fr-FR"},{"@type":"Organization","@id":"https:\/\/protestants-haguenau.fr\/#organization","name":"Paroisse Protestante de Haguenau","url":"https:\/\/protestants-haguenau.fr\/","logo":{"@type":"ImageObject","inLanguage":"fr-FR","@id":"https:\/\/protestants-haguenau.fr\/#\/schema\/logo\/image\/","url":"https:\/\/protestants-haguenau.fr\/wp-content\/uploads\/2025\/11\/cropped-Plan-de-travail-5.png","contentUrl":"https:\/\/protestants-haguenau.fr\/wp-content\/uploads\/2025\/11\/cropped-Plan-de-travail-5.png","width":300,"height":138,"caption":"Paroisse Protestante de Haguenau"},"image":{"@id":"https:\/\/protestants-haguenau.fr\/#\/schema\/logo\/image\/"},"sameAs":["https:\/\/www.facebook.com\/paroisseprotestantehaguenau\/?locale=fr_FR","https:\/\/www.instagram.com\/paroisseprotestantehaguenau\/"]}]}},"_links":{"self":[{"href":"https:\/\/protestants-haguenau.fr\/index.php\/wp-json\/wp\/v2\/pages\/200","targetHints":{"allow":["GET"]}}],"collection":[{"href":"https:\/\/protestants-haguenau.fr\/index.php\/wp-json\/wp\/v2\/pages"}],"about":[{"href":"https:\/\/protestants-haguenau.fr\/index.php\/wp-json\/wp\/v2\/types\/page"}],"author":[{"embeddable":true,"href":"https:\/\/protestants-haguenau.fr\/index.php\/wp-json\/wp\/v2\/users\/1"}],"replies":[{"embeddable":true,"href":"https:\/\/protestants-haguenau.fr\/index.php\/wp-json\/wp\/v2\/comments?post=200"}],"version-history":[{"count":5,"href":"https:\/\/protestants-haguenau.fr\/index.php\/wp-json\/wp\/v2\/pages\/200\/revisions"}],"predecessor-version":[{"id":658,"href":"https:\/\/protestants-haguenau.fr\/index.php\/wp-json\/wp\/v2\/pages\/200\/revisions\/658"}],"wp:featuredmedia":[{"embeddable":true,"href":"https:\/\/protestants-haguenau.fr\/index.php\/wp-json\/wp\/v2\/media\/424"}],"wp:attachment":[{"href":"https:\/\/protestants-haguenau.fr\/index.php\/wp-json\/wp\/v2\/media?parent=200"}],"curies":[{"name":"wp","href":"https:\/\/api.w.org\/{rel}","templated":true}]}}