{"id":202,"date":"2025-06-16T14:01:15","date_gmt":"2025-06-16T12:01:15","guid":{"rendered":"https:\/\/protestants-haguenau.fr\/?page_id=202"},"modified":"2025-11-27T13:59:20","modified_gmt":"2025-11-27T12:59:20","slug":"vitraux","status":"publish","type":"page","link":"https:\/\/protestants-haguenau.fr\/index.php\/vitraux\/","title":{"rendered":"Les vitraux"},"content":{"rendered":"\n<h2 class=\"wp-block-heading\">Les vitraux<\/h2>\n\n\n\n<p>Ils sont l&rsquo;\u0153uvre de Tristan Ruhlmann, ma\u00eetre verrier. Locataire de la villa \u00ab\u00a0Heindorf\u00a0\u00bb, propri\u00e9t\u00e9 de la paroisse, il habite l&rsquo;immeuble de novembre 1948 \u00e0 septembre 1965. L&rsquo;\u00e9l\u00e9gante construction flanqu\u00e9e de tourelles et son parc constituent un d\u00e9cor de r\u00eave, propice \u00e0 l&rsquo;inspiration cr\u00e9atrice de l&rsquo;artiste qui installe son atelier dans le verger, \u00e0 l&#8217;emplacement du poulailler \u00e0 l&rsquo;abandon.<\/p>\n\n\n\n<p>La paroisse va tout naturellement s&rsquo;adresser \u00e0 son illustre h\u00f4te pour lui demander de proc\u00e9der \u00e0 la r\u00e9novation des vitraux de son \u00e9glise. D&rsquo;ailleurs, \u00e0 titre amical, celui-ci lui offre spontan\u00e9ment le vitrail central du ch\u0153ur, une de ses toutes premi\u00e8res \u0153uvres cr\u00e9\u00e9es \u00e0 Haguenau.<\/p>\n\n\n\n<p><\/p>\n\n\n\n<h2 class=\"wp-block-heading\">Le vitrail central du choeur<\/h2>\n\n\n\n<p>Dat\u00e9 du Vendredi Saint 1949, le vitrail central est occup\u00e9 dans son entier par le Christ supplici\u00e9. C&rsquo;est sur la demande expresse du pasteur Bach, que Tristan Ruhlmann a pris pour mod\u00e8le le c\u00e9l\u00e8bre Christ du retable d&rsquo;Issenheim conserv\u00e9 au mus\u00e9e d&rsquo;Unterlinden de Colmar. Les couleurs fonc\u00e9es du fond, domin\u00e9es par du bleu et du rouge, mettent en avant le corps du Christ en croix.<\/p>\n\n\n<div class=\"wp-block-image\">\n<figure class=\"aligncenter size-large is-resized\"><img loading=\"lazy\" decoding=\"async\" width=\"768\" height=\"1024\" src=\"https:\/\/protestants-haguenau.fr\/wp-content\/uploads\/2025\/08\/DSC01406-1-768x1024.jpg\" alt=\"Vitrail central\" class=\"wp-image-468\" style=\"width:294px;height:auto\" srcset=\"https:\/\/protestants-haguenau.fr\/wp-content\/uploads\/2025\/08\/DSC01406-1-768x1024.jpg 768w, https:\/\/protestants-haguenau.fr\/wp-content\/uploads\/2025\/08\/DSC01406-1-225x300.jpg 225w, https:\/\/protestants-haguenau.fr\/wp-content\/uploads\/2025\/08\/DSC01406-1-1152x1536.jpg 1152w, https:\/\/protestants-haguenau.fr\/wp-content\/uploads\/2025\/08\/DSC01406-1.jpg 1536w\" sizes=\"auto, (max-width: 768px) 100vw, 768px\" \/><\/figure>\n<\/div>\n\n\n<h2 class=\"wp-block-heading\">Les vitraux lat\u00e9raux<\/h2>\n\n\n\n<p>Les panneaux lat\u00e9raux du ch\u0153ur \u00e9voquent des sc\u00e8nes de la vie du Christ. Notons que le vitrail gauche est un don de la ville de Haguenau, sous la magistrature du maire D\u00e9sir\u00e9 Brumbt.<\/p>\n\n\n\n<h2 class=\"wp-block-heading\">Vitrail de gauche<\/h2>\n\n\n\n<p><strong><mark style=\"background-color:rgba(0, 0, 0, 0)\" class=\"has-inline-color has-tahiti-gold-color\">Sc\u00e8ne 1<\/mark><\/strong><\/p>\n\n\n\n<p>La partie sup\u00e9rieure du vitrail gauche repr\u00e9sente la Nativit\u00e9. L&rsquo;astre qui annonce \u00e0 Isra\u00ebl un roi nouveau, brille parmi les \u00e9toiles. Les parents, absorb\u00e9s dans la m\u00e9ditation, entourent l&rsquo;enfant J\u00e9sus. Joseph, le menton dans la main droite, demeure comme saisi devant le myst\u00e8re de la naissance. L&rsquo;attitude de Marie, la main sur la poitrine, fait allusion \u00e0 la proph\u00e9tie de Sym\u00e9on : Toi-m\u00eame, un glaive te transpercera l&rsquo;\u00e2me. Luc 2, 35. Seul l&rsquo;\u00e2ne, humble parmi les humbles, assiste \u00e0 la sc\u00e8ne empreinte de pieuse gravit\u00e9.<\/p>\n\n\n\n<p><strong><mark style=\"background-color:rgba(0, 0, 0, 0)\" class=\"has-inline-color has-tahiti-gold-color\">Sc\u00e8ne 2<\/mark><\/strong><\/p>\n\n\n\n<p>Le Bapt\u00eame de J\u00e9sus tient le milieu du panneau. On reconna\u00eet Jean le Baptiste \u00e0 ses v\u00eatements de poils de chameau. Du ciel descend la colombe, l&rsquo;Esprit de Dieu. En pri\u00e8re, des disciples de Jean le Baptiste ont reconnu le Messie. <em>Celui sur lequel tu verras l&rsquo;Esprit descendre et demeurer sur lui, c&rsquo;est lui qui baptise dans l&rsquo;Esprit Saint<\/em>. Jean 1,33<\/p>\n\n\n\n<p><strong><mark style=\"background-color:rgba(0, 0, 0, 0)\" class=\"has-inline-color has-tahiti-gold-color\">Sc\u00e8ne 3<\/mark><\/strong><\/p>\n\n\n\n<p>La main droite pos\u00e9e sur le pain, la gauche lev\u00e9e en un geste de b\u00e9n\u00e9diction, J\u00e9sus c\u00e9l\u00e8bre la P\u00e2que juive. Son attitude solennelle contraste singuli\u00e8rement avec celle de ses disciples confiants et d\u00e9tendus en pr\u00e9sence du Ma\u00eetre. Derri\u00e8re J\u00e9sus, on d\u00e9couvre la t\u00eate verte de Judas, le fourbe. Allong\u00e9 aux pieds du Christ figure Jean, <em>le disciple que J\u00e9sus aimait, <\/em>son pr\u00e9f\u00e9r\u00e9.<\/p>\n\n\n\n<h2 class=\"wp-block-heading\">Vitrail de droite<\/h2>\n\n\n\n<p>La R\u00e9surrection du Christ occupe le haut du vitrail droit. Le Christ triomphant, la t\u00eate par\u00e9e du nimbe crucif\u00e8re, la main gauche lev\u00e9e en signe de victoire sur la mort, est repr\u00e9sent\u00e9 dans sa Divine Majest\u00e9. Seul le vase aux aromates \u00e9voque le rite mortuaire. Assiste \u00e0 la sc\u00e8ne un des soldats romains aussit\u00f4t terrass\u00e9.<\/p>\n\n\n\n<p><strong><mark style=\"background-color:rgba(0, 0, 0, 0)\" class=\"has-inline-color has-tahiti-gold-color\">Sc\u00e8ne 1<\/mark><\/strong><\/p>\n\n\n\n<p>La sc\u00e8ne centrale repr\u00e9sente les disciples touch\u00e9s par la gr\u00e2ce du Saint Esprit. En m\u00eame temps, des langues de feu, signes de vie, de force et de purification, les submergent de stupeur.<\/p>\n\n\n\n<p><strong><mark style=\"background-color:rgba(0, 0, 0, 0)\" class=\"has-inline-color has-tahiti-gold-color\">Sc\u00e8ne 2<\/mark><\/strong><\/p>\n\n\n\n<p>Au bas du vitrail, l&rsquo;ange tient une balance et d\u00e9signe le Christ en Gloire assis dans le ciel. Lui seul a le pouvoir d&rsquo;ouvrir le livre press\u00e9 sur son c\u0153ur et de juger.&nbsp; <em>Et je vis &nbsp;un&nbsp; ange&nbsp; puissant&nbsp; qui proclamait d&rsquo;une voix forte: Qui est digne d&rsquo;ouvrir le livre et d&rsquo;en rompre les sceaux ? Apocalypse<\/em> 5,2-3.<\/p>\n\n\n\n<p>Tout en bas, &nbsp;la croix et le serpent, trac\u00e9s dans le livre grand ouvert, expriment l&rsquo;id\u00e9e de la victoire du Bien sur le Mal.<\/p>\n\n\n<div class=\"wp-block-image\">\n<figure class=\"aligncenter size-large is-resized\"><img loading=\"lazy\" decoding=\"async\" width=\"1024\" height=\"679\" src=\"https:\/\/protestants-haguenau.fr\/wp-content\/uploads\/2025\/08\/DSC00100-1-1024x679.jpg\" alt=\"Vitraux\" class=\"wp-image-472\" style=\"width:470px;height:auto\" srcset=\"https:\/\/protestants-haguenau.fr\/wp-content\/uploads\/2025\/08\/DSC00100-1-1024x679.jpg 1024w, https:\/\/protestants-haguenau.fr\/wp-content\/uploads\/2025\/08\/DSC00100-1-300x199.jpg 300w, https:\/\/protestants-haguenau.fr\/wp-content\/uploads\/2025\/08\/DSC00100-1-768x509.jpg 768w, https:\/\/protestants-haguenau.fr\/wp-content\/uploads\/2025\/08\/DSC00100-1-1536x1019.jpg 1536w, https:\/\/protestants-haguenau.fr\/wp-content\/uploads\/2025\/08\/DSC00100-1-2048x1358.jpg 2048w\" sizes=\"auto, (max-width: 1024px) 100vw, 1024px\" \/><\/figure>\n<\/div>\n\n\n<h2 class=\"wp-block-heading\">Les vitraux le long de l&rsquo;\u00e9glise<\/h2>\n\n\n\n<p><strong><mark style=\"background-color:rgba(0, 0, 0, 0)\" class=\"has-inline-color has-tahiti-gold-color\">Les m\u00e9daillons, symboles de la foi protestante<\/mark><\/strong><\/p>\n\n\n\n<p>Les m\u00e9daillons et les vitraux des trilobes, qui ornent les verri\u00e8res des fa\u00e7ades lat\u00e9rales, reproduisent les grands symboles qui r\u00e9sument la foi des fid\u00e8les.<\/p>\n\n\n\n<p>A l\u2019avant de l\u2019\u00e9glise, deux m\u00e9daillons montrent les auteurs des quatre \u00c9vangiles du Nouveau Testament, qui depuis le IVe si\u00e8cle sont repr\u00e9sent\u00e9s d&rsquo;apr\u00e8s la vision d&rsquo;\u00c9z\u00e9chiel (chap. 1, 5) par des \u00eatres ail\u00e9s : l&rsquo;ange pour Matthieu, l&rsquo;aigle pour Jean, le lion pour Marc et le b\u0153uf pour Luc. Les ap\u00f4tres Matthieu et Jean, \u00e0 gauche, et les \u00e9vang\u00e9listes Luc et Marc, \u00e0 droite, veillent sur la rose de Luther.<\/p>\n\n\n<div class=\"wp-block-image\">\n<figure class=\"aligncenter size-large is-resized\"><img loading=\"lazy\" decoding=\"async\" width=\"1024\" height=\"860\" src=\"https:\/\/protestants-haguenau.fr\/wp-content\/uploads\/2025\/08\/1.Rose-LUTHER-1024x860.jpg\" alt=\"Rose de Luther\" class=\"wp-image-467\" style=\"width:276px;height:auto\" srcset=\"https:\/\/protestants-haguenau.fr\/wp-content\/uploads\/2025\/08\/1.Rose-LUTHER-1024x860.jpg 1024w, https:\/\/protestants-haguenau.fr\/wp-content\/uploads\/2025\/08\/1.Rose-LUTHER-300x252.jpg 300w, https:\/\/protestants-haguenau.fr\/wp-content\/uploads\/2025\/08\/1.Rose-LUTHER-768x645.jpg 768w, https:\/\/protestants-haguenau.fr\/wp-content\/uploads\/2025\/08\/1.Rose-LUTHER-1536x1291.jpg 1536w, https:\/\/protestants-haguenau.fr\/wp-content\/uploads\/2025\/08\/1.Rose-LUTHER.jpg 2022w\" sizes=\"auto, (max-width: 1024px) 100vw, 1024px\" \/><\/figure>\n<\/div>\n\n\n<p><mark style=\"background-color:rgba(0, 0, 0, 0)\" class=\"has-inline-color has-tahiti-gold-color\"><strong>La rose de Luther,<\/strong> grand r\u00e9formateur.<\/mark><\/p>\n\n\n\n<p>La croix noire du centre fait r\u00e9f\u00e9rence <em>\u00e0 l&rsquo;\u00c9v\u00e9nement J\u00e9sus mort sur la croix pour chacun de nous<\/em>. Elle nous rappelle que la foi au crucifi\u00e9 nous sauve et que les humains sont tous appel\u00e9s \u00e0 porter une croix, leur lot de douleur. A la croix, Luther associe le c\u0153ur rouge, signe de gr\u00e2ce vivifiante, et la fleur blanche de l&rsquo;\u00e9glantier, symbole des dons de Dieu : consolation, joie et paix.<\/p>\n\n\n\n<p>Le dernier m\u00e9daillon montre, la Parole de Dieu, sugg\u00e9r\u00e9e par la Bible ouverte et la lampe \u00e0 huile allum\u00e9e, est encadr\u00e9e des deux sacrements que reconna\u00eet l&rsquo;\u00c9glise luth\u00e9rienne : le Bapt\u00eame \u00e0 droite, la Sainte C\u00e8ne \u00e0 gauche.<\/p>\n\n\n<div class=\"wp-block-image\">\n<figure class=\"aligncenter size-full is-resized\"><img loading=\"lazy\" decoding=\"async\" width=\"960\" height=\"720\" src=\"https:\/\/protestants-haguenau.fr\/wp-content\/uploads\/2025\/08\/499780409_10233594242971471_6530515555070274796_n.jpg\" alt=\"Vitraux arri\u00e8re de l'orgue\" class=\"wp-image-471\" style=\"width:420px;height:auto\" srcset=\"https:\/\/protestants-haguenau.fr\/wp-content\/uploads\/2025\/08\/499780409_10233594242971471_6530515555070274796_n.jpg 960w, https:\/\/protestants-haguenau.fr\/wp-content\/uploads\/2025\/08\/499780409_10233594242971471_6530515555070274796_n-300x225.jpg 300w, https:\/\/protestants-haguenau.fr\/wp-content\/uploads\/2025\/08\/499780409_10233594242971471_6530515555070274796_n-768x576.jpg 768w\" sizes=\"auto, (max-width: 960px) 100vw, 960px\" \/><figcaption class=\"wp-element-caption\">Vitraux \u00e0 l&rsquo;arri\u00e8re de l&rsquo;orgue<\/figcaption><\/figure>\n<\/div>","protected":false},"excerpt":{"rendered":"<p>Les vitraux Ils sont l&rsquo;\u0153uvre de Tristan Ruhlmann, ma\u00eetre verrier. Locataire de la villa \u00ab\u00a0Heindorf\u00a0\u00bb, propri\u00e9t\u00e9 de la paroisse, il habite l&rsquo;immeuble de novembre 1948 \u00e0 septembre 1965. L&rsquo;\u00e9l\u00e9gante construction <a class=\"more-link\" href=\"https:\/\/protestants-haguenau.fr\/index.php\/vitraux\/\">En savoir plus&#8230;<\/a><\/p>\n","protected":false},"author":1,"featured_media":472,"parent":0,"menu_order":0,"comment_status":"closed","ping_status":"closed","template":"","meta":{"footnotes":""},"class_list":["post-202","page","type-page","status-publish","has-post-thumbnail","hentry"],"yoast_head":"<!-- This site is optimized with the Yoast SEO plugin v27.1.1 - https:\/\/yoast.com\/product\/yoast-seo-wordpress\/ -->\n<title>Les vitraux - Paroisse Protestante de Haguenau<\/title>\n<meta name=\"robots\" content=\"index, follow, max-snippet:-1, max-image-preview:large, max-video-preview:-1\" \/>\n<link rel=\"canonical\" href=\"https:\/\/protestants-haguenau.fr\/index.php\/vitraux\/\" \/>\n<meta property=\"og:locale\" content=\"fr_FR\" \/>\n<meta property=\"og:type\" content=\"article\" \/>\n<meta property=\"og:title\" content=\"Les vitraux - Paroisse Protestante de Haguenau\" \/>\n<meta property=\"og:description\" content=\"Les vitraux Ils sont l&rsquo;\u0153uvre de Tristan Ruhlmann, ma\u00eetre verrier. Locataire de la villa \u00ab\u00a0Heindorf\u00a0\u00bb, propri\u00e9t\u00e9 de la paroisse, il habite l&rsquo;immeuble de novembre 1948 \u00e0 septembre 1965. L&rsquo;\u00e9l\u00e9gante construction En savoir plus...\" \/>\n<meta property=\"og:url\" content=\"https:\/\/protestants-haguenau.fr\/index.php\/vitraux\/\" \/>\n<meta property=\"og:site_name\" content=\"Paroisse Protestante de Haguenau\" \/>\n<meta property=\"article:publisher\" content=\"https:\/\/www.facebook.com\/paroisseprotestantehaguenau\/?locale=fr_FR\" \/>\n<meta property=\"article:modified_time\" content=\"2025-11-27T12:59:20+00:00\" \/>\n<meta property=\"og:image\" content=\"https:\/\/protestants-haguenau.fr\/wp-content\/uploads\/2025\/08\/DSC00100-1.jpg\" \/>\n\t<meta property=\"og:image:width\" content=\"2256\" \/>\n\t<meta property=\"og:image:height\" content=\"1496\" \/>\n\t<meta property=\"og:image:type\" content=\"image\/jpeg\" \/>\n<meta name=\"twitter:card\" content=\"summary_large_image\" \/>\n<meta name=\"twitter:label1\" content=\"Dur\u00e9e de lecture estim\u00e9e\" \/>\n\t<meta name=\"twitter:data1\" content=\"5 minutes\" \/>\n<script type=\"application\/ld+json\" class=\"yoast-schema-graph\">{\"@context\":\"https:\/\/schema.org\",\"@graph\":[{\"@type\":\"WebPage\",\"@id\":\"https:\/\/protestants-haguenau.fr\/index.php\/vitraux\/\",\"url\":\"https:\/\/protestants-haguenau.fr\/index.php\/vitraux\/\",\"name\":\"Les vitraux - Paroisse Protestante de Haguenau\",\"isPartOf\":{\"@id\":\"https:\/\/protestants-haguenau.fr\/#website\"},\"primaryImageOfPage\":{\"@id\":\"https:\/\/protestants-haguenau.fr\/index.php\/vitraux\/#primaryimage\"},\"image\":{\"@id\":\"https:\/\/protestants-haguenau.fr\/index.php\/vitraux\/#primaryimage\"},\"thumbnailUrl\":\"https:\/\/protestants-haguenau.fr\/wp-content\/uploads\/2025\/08\/DSC00100-1.jpg\",\"datePublished\":\"2025-06-16T12:01:15+00:00\",\"dateModified\":\"2025-11-27T12:59:20+00:00\",\"breadcrumb\":{\"@id\":\"https:\/\/protestants-haguenau.fr\/index.php\/vitraux\/#breadcrumb\"},\"inLanguage\":\"fr-FR\",\"potentialAction\":[{\"@type\":\"ReadAction\",\"target\":[\"https:\/\/protestants-haguenau.fr\/index.php\/vitraux\/\"]}]},{\"@type\":\"ImageObject\",\"inLanguage\":\"fr-FR\",\"@id\":\"https:\/\/protestants-haguenau.fr\/index.php\/vitraux\/#primaryimage\",\"url\":\"https:\/\/protestants-haguenau.fr\/wp-content\/uploads\/2025\/08\/DSC00100-1.jpg\",\"contentUrl\":\"https:\/\/protestants-haguenau.fr\/wp-content\/uploads\/2025\/08\/DSC00100-1.jpg\",\"width\":2256,\"height\":1496,\"caption\":\"Vitraux\"},{\"@type\":\"BreadcrumbList\",\"@id\":\"https:\/\/protestants-haguenau.fr\/index.php\/vitraux\/#breadcrumb\",\"itemListElement\":[{\"@type\":\"ListItem\",\"position\":1,\"name\":\"Accueil\",\"item\":\"https:\/\/protestants-haguenau.fr\/\"},{\"@type\":\"ListItem\",\"position\":2,\"name\":\"Les vitraux\"}]},{\"@type\":\"WebSite\",\"@id\":\"https:\/\/protestants-haguenau.fr\/#website\",\"url\":\"https:\/\/protestants-haguenau.fr\/\",\"name\":\"Paroisse Protestante de Haguenau\",\"description\":\"Actualit\u00e9s et informations\",\"publisher\":{\"@id\":\"https:\/\/protestants-haguenau.fr\/#organization\"},\"potentialAction\":[{\"@type\":\"SearchAction\",\"target\":{\"@type\":\"EntryPoint\",\"urlTemplate\":\"https:\/\/protestants-haguenau.fr\/?s={search_term_string}\"},\"query-input\":{\"@type\":\"PropertyValueSpecification\",\"valueRequired\":true,\"valueName\":\"search_term_string\"}}],\"inLanguage\":\"fr-FR\"},{\"@type\":\"Organization\",\"@id\":\"https:\/\/protestants-haguenau.fr\/#organization\",\"name\":\"Paroisse Protestante de Haguenau\",\"url\":\"https:\/\/protestants-haguenau.fr\/\",\"logo\":{\"@type\":\"ImageObject\",\"inLanguage\":\"fr-FR\",\"@id\":\"https:\/\/protestants-haguenau.fr\/#\/schema\/logo\/image\/\",\"url\":\"https:\/\/protestants-haguenau.fr\/wp-content\/uploads\/2025\/11\/cropped-Plan-de-travail-5.png\",\"contentUrl\":\"https:\/\/protestants-haguenau.fr\/wp-content\/uploads\/2025\/11\/cropped-Plan-de-travail-5.png\",\"width\":300,\"height\":138,\"caption\":\"Paroisse Protestante de Haguenau\"},\"image\":{\"@id\":\"https:\/\/protestants-haguenau.fr\/#\/schema\/logo\/image\/\"},\"sameAs\":[\"https:\/\/www.facebook.com\/paroisseprotestantehaguenau\/?locale=fr_FR\",\"https:\/\/www.instagram.com\/paroisseprotestantehaguenau\/\"]}]}<\/script>\n<!-- \/ Yoast SEO plugin. -->","yoast_head_json":{"title":"Les vitraux - Paroisse Protestante de Haguenau","robots":{"index":"index","follow":"follow","max-snippet":"max-snippet:-1","max-image-preview":"max-image-preview:large","max-video-preview":"max-video-preview:-1"},"canonical":"https:\/\/protestants-haguenau.fr\/index.php\/vitraux\/","og_locale":"fr_FR","og_type":"article","og_title":"Les vitraux - Paroisse Protestante de Haguenau","og_description":"Les vitraux Ils sont l&rsquo;\u0153uvre de Tristan Ruhlmann, ma\u00eetre verrier. Locataire de la villa \u00ab\u00a0Heindorf\u00a0\u00bb, propri\u00e9t\u00e9 de la paroisse, il habite l&rsquo;immeuble de novembre 1948 \u00e0 septembre 1965. L&rsquo;\u00e9l\u00e9gante construction En savoir plus...","og_url":"https:\/\/protestants-haguenau.fr\/index.php\/vitraux\/","og_site_name":"Paroisse Protestante de Haguenau","article_publisher":"https:\/\/www.facebook.com\/paroisseprotestantehaguenau\/?locale=fr_FR","article_modified_time":"2025-11-27T12:59:20+00:00","og_image":[{"width":2256,"height":1496,"url":"https:\/\/protestants-haguenau.fr\/wp-content\/uploads\/2025\/08\/DSC00100-1.jpg","type":"image\/jpeg"}],"twitter_card":"summary_large_image","twitter_misc":{"Dur\u00e9e de lecture estim\u00e9e":"5 minutes"},"schema":{"@context":"https:\/\/schema.org","@graph":[{"@type":"WebPage","@id":"https:\/\/protestants-haguenau.fr\/index.php\/vitraux\/","url":"https:\/\/protestants-haguenau.fr\/index.php\/vitraux\/","name":"Les vitraux - Paroisse Protestante de Haguenau","isPartOf":{"@id":"https:\/\/protestants-haguenau.fr\/#website"},"primaryImageOfPage":{"@id":"https:\/\/protestants-haguenau.fr\/index.php\/vitraux\/#primaryimage"},"image":{"@id":"https:\/\/protestants-haguenau.fr\/index.php\/vitraux\/#primaryimage"},"thumbnailUrl":"https:\/\/protestants-haguenau.fr\/wp-content\/uploads\/2025\/08\/DSC00100-1.jpg","datePublished":"2025-06-16T12:01:15+00:00","dateModified":"2025-11-27T12:59:20+00:00","breadcrumb":{"@id":"https:\/\/protestants-haguenau.fr\/index.php\/vitraux\/#breadcrumb"},"inLanguage":"fr-FR","potentialAction":[{"@type":"ReadAction","target":["https:\/\/protestants-haguenau.fr\/index.php\/vitraux\/"]}]},{"@type":"ImageObject","inLanguage":"fr-FR","@id":"https:\/\/protestants-haguenau.fr\/index.php\/vitraux\/#primaryimage","url":"https:\/\/protestants-haguenau.fr\/wp-content\/uploads\/2025\/08\/DSC00100-1.jpg","contentUrl":"https:\/\/protestants-haguenau.fr\/wp-content\/uploads\/2025\/08\/DSC00100-1.jpg","width":2256,"height":1496,"caption":"Vitraux"},{"@type":"BreadcrumbList","@id":"https:\/\/protestants-haguenau.fr\/index.php\/vitraux\/#breadcrumb","itemListElement":[{"@type":"ListItem","position":1,"name":"Accueil","item":"https:\/\/protestants-haguenau.fr\/"},{"@type":"ListItem","position":2,"name":"Les vitraux"}]},{"@type":"WebSite","@id":"https:\/\/protestants-haguenau.fr\/#website","url":"https:\/\/protestants-haguenau.fr\/","name":"Paroisse Protestante de Haguenau","description":"Actualit\u00e9s et informations","publisher":{"@id":"https:\/\/protestants-haguenau.fr\/#organization"},"potentialAction":[{"@type":"SearchAction","target":{"@type":"EntryPoint","urlTemplate":"https:\/\/protestants-haguenau.fr\/?s={search_term_string}"},"query-input":{"@type":"PropertyValueSpecification","valueRequired":true,"valueName":"search_term_string"}}],"inLanguage":"fr-FR"},{"@type":"Organization","@id":"https:\/\/protestants-haguenau.fr\/#organization","name":"Paroisse Protestante de Haguenau","url":"https:\/\/protestants-haguenau.fr\/","logo":{"@type":"ImageObject","inLanguage":"fr-FR","@id":"https:\/\/protestants-haguenau.fr\/#\/schema\/logo\/image\/","url":"https:\/\/protestants-haguenau.fr\/wp-content\/uploads\/2025\/11\/cropped-Plan-de-travail-5.png","contentUrl":"https:\/\/protestants-haguenau.fr\/wp-content\/uploads\/2025\/11\/cropped-Plan-de-travail-5.png","width":300,"height":138,"caption":"Paroisse Protestante de Haguenau"},"image":{"@id":"https:\/\/protestants-haguenau.fr\/#\/schema\/logo\/image\/"},"sameAs":["https:\/\/www.facebook.com\/paroisseprotestantehaguenau\/?locale=fr_FR","https:\/\/www.instagram.com\/paroisseprotestantehaguenau\/"]}]}},"_links":{"self":[{"href":"https:\/\/protestants-haguenau.fr\/index.php\/wp-json\/wp\/v2\/pages\/202","targetHints":{"allow":["GET"]}}],"collection":[{"href":"https:\/\/protestants-haguenau.fr\/index.php\/wp-json\/wp\/v2\/pages"}],"about":[{"href":"https:\/\/protestants-haguenau.fr\/index.php\/wp-json\/wp\/v2\/types\/page"}],"author":[{"embeddable":true,"href":"https:\/\/protestants-haguenau.fr\/index.php\/wp-json\/wp\/v2\/users\/1"}],"replies":[{"embeddable":true,"href":"https:\/\/protestants-haguenau.fr\/index.php\/wp-json\/wp\/v2\/comments?post=202"}],"version-history":[{"count":4,"href":"https:\/\/protestants-haguenau.fr\/index.php\/wp-json\/wp\/v2\/pages\/202\/revisions"}],"predecessor-version":[{"id":476,"href":"https:\/\/protestants-haguenau.fr\/index.php\/wp-json\/wp\/v2\/pages\/202\/revisions\/476"}],"wp:featuredmedia":[{"embeddable":true,"href":"https:\/\/protestants-haguenau.fr\/index.php\/wp-json\/wp\/v2\/media\/472"}],"wp:attachment":[{"href":"https:\/\/protestants-haguenau.fr\/index.php\/wp-json\/wp\/v2\/media?parent=202"}],"curies":[{"name":"wp","href":"https:\/\/api.w.org\/{rel}","templated":true}]}}