{"id":21,"date":"2025-05-28T17:25:02","date_gmt":"2025-05-28T15:25:02","guid":{"rendered":"https:\/\/protestants-haguenau.fr\/?page_id=21"},"modified":"2025-11-27T14:51:55","modified_gmt":"2025-11-27T13:51:55","slug":"bapteme","status":"publish","type":"page","link":"https:\/\/protestants-haguenau.fr\/index.php\/bapteme\/","title":{"rendered":"Bapt\u00eame"},"content":{"rendered":"\n<p><\/p>\n\n\n<div class=\"wp-block-image\">\n<figure class=\"alignleft size-large is-resized\"><img loading=\"lazy\" decoding=\"async\" width=\"1024\" height=\"858\" src=\"https:\/\/protestants-haguenau.fr\/wp-content\/uploads\/2025\/11\/Bapteme-1024x858.jpg\" alt=\"Bapt\u00eame\" class=\"wp-image-751\" style=\"width:308px;height:auto\" srcset=\"https:\/\/protestants-haguenau.fr\/wp-content\/uploads\/2025\/11\/Bapteme-1024x858.jpg 1024w, https:\/\/protestants-haguenau.fr\/wp-content\/uploads\/2025\/11\/Bapteme-300x251.jpg 300w, https:\/\/protestants-haguenau.fr\/wp-content\/uploads\/2025\/11\/Bapteme-768x644.jpg 768w, https:\/\/protestants-haguenau.fr\/wp-content\/uploads\/2025\/11\/Bapteme-1536x1288.jpg 1536w, https:\/\/protestants-haguenau.fr\/wp-content\/uploads\/2025\/11\/Bapteme-2048x1717.jpg 2048w\" sizes=\"auto, (max-width: 1024px) 100vw, 1024px\" \/><\/figure>\n<\/div>\n\n\n<p>Le bapt\u00eame est l\u2019un des sacrements de l\u2019\u00c9glise.<br>C\u2019est un signe visible, pos\u00e9 sur une r\u00e9alit\u00e9 invisible : l\u2019amour de Dieu pour la personne baptis\u00e9e.<br>En c\u00e9l\u00e9brant un bapt\u00eame, nous rendons tangible ce lien profond et discret qui unit Dieu et celui ou celle qui re\u00e7oit l\u2019eau du bapt\u00eame. C\u2019est un geste simple, mais charg\u00e9 de sens, et toujours une grande joie pour la communaut\u00e9. Le bapt\u00eame est c\u00e9l\u00e9br\u00e9 au cours d\u2019un culte, au milieu de l\u2019assembl\u00e9e r\u00e9unie.<\/p>\n\n\n\n<p>\u00catre baptis\u00e9 lors du culte dominical permet de vivre ce sacrement comme un acte d\u2019\u00c9glise : la communaut\u00e9 accueille le baptis\u00e9, prie pour lui, et s\u2019associe \u00e0 cette d\u00e9marche.<\/p>\n\n\n\n<p>Et pour l\u2019assembl\u00e9e, chaque bapt\u00eame est aussi un moment pr\u00e9cieux : il nous invite \u00e0 nous souvenir de notre propre bapt\u00eame, \u00e0 remettre en lumi\u00e8re cette gr\u00e2ce qui nous a \u00e9t\u00e9 donn\u00e9e, et \u00e0 laisser revivre en nous la confiance, l\u2019\u00e9lan et la joie qui en d\u00e9coulent.<br>C\u2019est un rappel vivant de ce qui nous unit et de la fid\u00e9lit\u00e9 de Dieu.<\/p>\n\n\n\n<p>Pour en savoir plus sur le bapt\u00eame dans la tradition de l\u2019UEPAL, vous pouvez consulter la page de l\u2019Union des \u00c9glises protestantes d\u2019Alsace et de Lorraine : <a href=\"https:\/\/www.uepal.fr\/bapteme\/\">https:\/\/www.uepal.fr\/bapteme\/<\/a><\/p>\n\n\n\n<p><\/p>\n","protected":false},"excerpt":{"rendered":"<p>Le bapt\u00eame est l\u2019un des sacrements de l\u2019\u00c9glise.C\u2019est un signe visible, pos\u00e9 sur une r\u00e9alit\u00e9 invisible : l\u2019amour de Dieu pour la personne baptis\u00e9e.En c\u00e9l\u00e9brant un bapt\u00eame, nous rendons tangible <a class=\"more-link\" href=\"https:\/\/protestants-haguenau.fr\/index.php\/bapteme\/\">En savoir plus&#8230;<\/a><\/p>\n","protected":false},"author":1,"featured_media":151,"parent":0,"menu_order":0,"comment_status":"closed","ping_status":"closed","template":"","meta":{"footnotes":""},"class_list":["post-21","page","type-page","status-publish","has-post-thumbnail","hentry"],"yoast_head":"<!-- This site is optimized with the Yoast SEO plugin v27.1.1 - https:\/\/yoast.com\/product\/yoast-seo-wordpress\/ -->\n<title>Bapt\u00eame - Paroisse Protestante de Haguenau<\/title>\n<meta name=\"robots\" content=\"index, follow, max-snippet:-1, max-image-preview:large, max-video-preview:-1\" \/>\n<link rel=\"canonical\" href=\"https:\/\/protestants-haguenau.fr\/index.php\/bapteme\/\" \/>\n<meta property=\"og:locale\" content=\"fr_FR\" \/>\n<meta property=\"og:type\" content=\"article\" \/>\n<meta property=\"og:title\" content=\"Bapt\u00eame - Paroisse Protestante de Haguenau\" \/>\n<meta property=\"og:description\" content=\"Le bapt\u00eame est l\u2019un des sacrements de l\u2019\u00c9glise.C\u2019est un signe visible, pos\u00e9 sur une r\u00e9alit\u00e9 invisible : l\u2019amour de Dieu pour la personne baptis\u00e9e.En c\u00e9l\u00e9brant un bapt\u00eame, nous rendons tangible En savoir plus...\" \/>\n<meta property=\"og:url\" content=\"https:\/\/protestants-haguenau.fr\/index.php\/bapteme\/\" \/>\n<meta property=\"og:site_name\" content=\"Paroisse Protestante de Haguenau\" \/>\n<meta property=\"article:publisher\" content=\"https:\/\/www.facebook.com\/paroisseprotestantehaguenau\/?locale=fr_FR\" \/>\n<meta property=\"article:modified_time\" content=\"2025-11-27T13:51:55+00:00\" \/>\n<meta property=\"og:image\" content=\"https:\/\/protestants-haguenau.fr\/wp-content\/uploads\/2025\/06\/chorale-slider.jpg\" \/>\n\t<meta property=\"og:image:width\" content=\"1200\" \/>\n\t<meta property=\"og:image:height\" content=\"514\" \/>\n\t<meta property=\"og:image:type\" content=\"image\/jpeg\" \/>\n<meta name=\"twitter:card\" content=\"summary_large_image\" \/>\n<meta name=\"twitter:label1\" content=\"Dur\u00e9e de lecture estim\u00e9e\" \/>\n\t<meta name=\"twitter:data1\" content=\"1 minute\" \/>\n<script type=\"application\/ld+json\" class=\"yoast-schema-graph\">{\"@context\":\"https:\/\/schema.org\",\"@graph\":[{\"@type\":\"WebPage\",\"@id\":\"https:\/\/protestants-haguenau.fr\/index.php\/bapteme\/\",\"url\":\"https:\/\/protestants-haguenau.fr\/index.php\/bapteme\/\",\"name\":\"Bapt\u00eame - Paroisse Protestante de Haguenau\",\"isPartOf\":{\"@id\":\"https:\/\/protestants-haguenau.fr\/#website\"},\"primaryImageOfPage\":{\"@id\":\"https:\/\/protestants-haguenau.fr\/index.php\/bapteme\/#primaryimage\"},\"image\":{\"@id\":\"https:\/\/protestants-haguenau.fr\/index.php\/bapteme\/#primaryimage\"},\"thumbnailUrl\":\"https:\/\/protestants-haguenau.fr\/wp-content\/uploads\/2025\/06\/chorale-slider.jpg\",\"datePublished\":\"2025-05-28T15:25:02+00:00\",\"dateModified\":\"2025-11-27T13:51:55+00:00\",\"breadcrumb\":{\"@id\":\"https:\/\/protestants-haguenau.fr\/index.php\/bapteme\/#breadcrumb\"},\"inLanguage\":\"fr-FR\",\"potentialAction\":[{\"@type\":\"ReadAction\",\"target\":[\"https:\/\/protestants-haguenau.fr\/index.php\/bapteme\/\"]}]},{\"@type\":\"ImageObject\",\"inLanguage\":\"fr-FR\",\"@id\":\"https:\/\/protestants-haguenau.fr\/index.php\/bapteme\/#primaryimage\",\"url\":\"https:\/\/protestants-haguenau.fr\/wp-content\/uploads\/2025\/06\/chorale-slider.jpg\",\"contentUrl\":\"https:\/\/protestants-haguenau.fr\/wp-content\/uploads\/2025\/06\/chorale-slider.jpg\",\"width\":1200,\"height\":514},{\"@type\":\"BreadcrumbList\",\"@id\":\"https:\/\/protestants-haguenau.fr\/index.php\/bapteme\/#breadcrumb\",\"itemListElement\":[{\"@type\":\"ListItem\",\"position\":1,\"name\":\"Accueil\",\"item\":\"https:\/\/protestants-haguenau.fr\/\"},{\"@type\":\"ListItem\",\"position\":2,\"name\":\"Bapt\u00eame\"}]},{\"@type\":\"WebSite\",\"@id\":\"https:\/\/protestants-haguenau.fr\/#website\",\"url\":\"https:\/\/protestants-haguenau.fr\/\",\"name\":\"Paroisse Protestante de Haguenau\",\"description\":\"Actualit\u00e9s et informations\",\"publisher\":{\"@id\":\"https:\/\/protestants-haguenau.fr\/#organization\"},\"potentialAction\":[{\"@type\":\"SearchAction\",\"target\":{\"@type\":\"EntryPoint\",\"urlTemplate\":\"https:\/\/protestants-haguenau.fr\/?s={search_term_string}\"},\"query-input\":{\"@type\":\"PropertyValueSpecification\",\"valueRequired\":true,\"valueName\":\"search_term_string\"}}],\"inLanguage\":\"fr-FR\"},{\"@type\":\"Organization\",\"@id\":\"https:\/\/protestants-haguenau.fr\/#organization\",\"name\":\"Paroisse Protestante de Haguenau\",\"url\":\"https:\/\/protestants-haguenau.fr\/\",\"logo\":{\"@type\":\"ImageObject\",\"inLanguage\":\"fr-FR\",\"@id\":\"https:\/\/protestants-haguenau.fr\/#\/schema\/logo\/image\/\",\"url\":\"https:\/\/protestants-haguenau.fr\/wp-content\/uploads\/2025\/11\/cropped-Plan-de-travail-5.png\",\"contentUrl\":\"https:\/\/protestants-haguenau.fr\/wp-content\/uploads\/2025\/11\/cropped-Plan-de-travail-5.png\",\"width\":300,\"height\":138,\"caption\":\"Paroisse Protestante de Haguenau\"},\"image\":{\"@id\":\"https:\/\/protestants-haguenau.fr\/#\/schema\/logo\/image\/\"},\"sameAs\":[\"https:\/\/www.facebook.com\/paroisseprotestantehaguenau\/?locale=fr_FR\",\"https:\/\/www.instagram.com\/paroisseprotestantehaguenau\/\"]}]}<\/script>\n<!-- \/ Yoast SEO plugin. -->","yoast_head_json":{"title":"Bapt\u00eame - Paroisse Protestante de Haguenau","robots":{"index":"index","follow":"follow","max-snippet":"max-snippet:-1","max-image-preview":"max-image-preview:large","max-video-preview":"max-video-preview:-1"},"canonical":"https:\/\/protestants-haguenau.fr\/index.php\/bapteme\/","og_locale":"fr_FR","og_type":"article","og_title":"Bapt\u00eame - Paroisse Protestante de Haguenau","og_description":"Le bapt\u00eame est l\u2019un des sacrements de l\u2019\u00c9glise.C\u2019est un signe visible, pos\u00e9 sur une r\u00e9alit\u00e9 invisible : l\u2019amour de Dieu pour la personne baptis\u00e9e.En c\u00e9l\u00e9brant un bapt\u00eame, nous rendons tangible En savoir plus...","og_url":"https:\/\/protestants-haguenau.fr\/index.php\/bapteme\/","og_site_name":"Paroisse Protestante de Haguenau","article_publisher":"https:\/\/www.facebook.com\/paroisseprotestantehaguenau\/?locale=fr_FR","article_modified_time":"2025-11-27T13:51:55+00:00","og_image":[{"width":1200,"height":514,"url":"https:\/\/protestants-haguenau.fr\/wp-content\/uploads\/2025\/06\/chorale-slider.jpg","type":"image\/jpeg"}],"twitter_card":"summary_large_image","twitter_misc":{"Dur\u00e9e de lecture estim\u00e9e":"1 minute"},"schema":{"@context":"https:\/\/schema.org","@graph":[{"@type":"WebPage","@id":"https:\/\/protestants-haguenau.fr\/index.php\/bapteme\/","url":"https:\/\/protestants-haguenau.fr\/index.php\/bapteme\/","name":"Bapt\u00eame - Paroisse Protestante de Haguenau","isPartOf":{"@id":"https:\/\/protestants-haguenau.fr\/#website"},"primaryImageOfPage":{"@id":"https:\/\/protestants-haguenau.fr\/index.php\/bapteme\/#primaryimage"},"image":{"@id":"https:\/\/protestants-haguenau.fr\/index.php\/bapteme\/#primaryimage"},"thumbnailUrl":"https:\/\/protestants-haguenau.fr\/wp-content\/uploads\/2025\/06\/chorale-slider.jpg","datePublished":"2025-05-28T15:25:02+00:00","dateModified":"2025-11-27T13:51:55+00:00","breadcrumb":{"@id":"https:\/\/protestants-haguenau.fr\/index.php\/bapteme\/#breadcrumb"},"inLanguage":"fr-FR","potentialAction":[{"@type":"ReadAction","target":["https:\/\/protestants-haguenau.fr\/index.php\/bapteme\/"]}]},{"@type":"ImageObject","inLanguage":"fr-FR","@id":"https:\/\/protestants-haguenau.fr\/index.php\/bapteme\/#primaryimage","url":"https:\/\/protestants-haguenau.fr\/wp-content\/uploads\/2025\/06\/chorale-slider.jpg","contentUrl":"https:\/\/protestants-haguenau.fr\/wp-content\/uploads\/2025\/06\/chorale-slider.jpg","width":1200,"height":514},{"@type":"BreadcrumbList","@id":"https:\/\/protestants-haguenau.fr\/index.php\/bapteme\/#breadcrumb","itemListElement":[{"@type":"ListItem","position":1,"name":"Accueil","item":"https:\/\/protestants-haguenau.fr\/"},{"@type":"ListItem","position":2,"name":"Bapt\u00eame"}]},{"@type":"WebSite","@id":"https:\/\/protestants-haguenau.fr\/#website","url":"https:\/\/protestants-haguenau.fr\/","name":"Paroisse Protestante de Haguenau","description":"Actualit\u00e9s et informations","publisher":{"@id":"https:\/\/protestants-haguenau.fr\/#organization"},"potentialAction":[{"@type":"SearchAction","target":{"@type":"EntryPoint","urlTemplate":"https:\/\/protestants-haguenau.fr\/?s={search_term_string}"},"query-input":{"@type":"PropertyValueSpecification","valueRequired":true,"valueName":"search_term_string"}}],"inLanguage":"fr-FR"},{"@type":"Organization","@id":"https:\/\/protestants-haguenau.fr\/#organization","name":"Paroisse Protestante de Haguenau","url":"https:\/\/protestants-haguenau.fr\/","logo":{"@type":"ImageObject","inLanguage":"fr-FR","@id":"https:\/\/protestants-haguenau.fr\/#\/schema\/logo\/image\/","url":"https:\/\/protestants-haguenau.fr\/wp-content\/uploads\/2025\/11\/cropped-Plan-de-travail-5.png","contentUrl":"https:\/\/protestants-haguenau.fr\/wp-content\/uploads\/2025\/11\/cropped-Plan-de-travail-5.png","width":300,"height":138,"caption":"Paroisse Protestante de Haguenau"},"image":{"@id":"https:\/\/protestants-haguenau.fr\/#\/schema\/logo\/image\/"},"sameAs":["https:\/\/www.facebook.com\/paroisseprotestantehaguenau\/?locale=fr_FR","https:\/\/www.instagram.com\/paroisseprotestantehaguenau\/"]}]}},"_links":{"self":[{"href":"https:\/\/protestants-haguenau.fr\/index.php\/wp-json\/wp\/v2\/pages\/21","targetHints":{"allow":["GET"]}}],"collection":[{"href":"https:\/\/protestants-haguenau.fr\/index.php\/wp-json\/wp\/v2\/pages"}],"about":[{"href":"https:\/\/protestants-haguenau.fr\/index.php\/wp-json\/wp\/v2\/types\/page"}],"author":[{"embeddable":true,"href":"https:\/\/protestants-haguenau.fr\/index.php\/wp-json\/wp\/v2\/users\/1"}],"replies":[{"embeddable":true,"href":"https:\/\/protestants-haguenau.fr\/index.php\/wp-json\/wp\/v2\/comments?post=21"}],"version-history":[{"count":55,"href":"https:\/\/protestants-haguenau.fr\/index.php\/wp-json\/wp\/v2\/pages\/21\/revisions"}],"predecessor-version":[{"id":948,"href":"https:\/\/protestants-haguenau.fr\/index.php\/wp-json\/wp\/v2\/pages\/21\/revisions\/948"}],"wp:featuredmedia":[{"embeddable":true,"href":"https:\/\/protestants-haguenau.fr\/index.php\/wp-json\/wp\/v2\/media\/151"}],"wp:attachment":[{"href":"https:\/\/protestants-haguenau.fr\/index.php\/wp-json\/wp\/v2\/media?parent=21"}],"curies":[{"name":"wp","href":"https:\/\/api.w.org\/{rel}","templated":true}]}}