{"id":777,"date":"2025-11-25T13:26:13","date_gmt":"2025-11-25T12:26:13","guid":{"rendered":"https:\/\/protestants-haguenau.fr\/?page_id=777"},"modified":"2025-12-01T20:14:29","modified_gmt":"2025-12-01T19:14:29","slug":"notre-communaute","status":"publish","type":"page","link":"https:\/\/protestants-haguenau.fr\/index.php\/notre-communaute\/","title":{"rendered":"Notre communaut\u00e9"},"content":{"rendered":"\n<p><\/p>\n\n\n\n<p class=\"has-text-align-center\"><\/p>\n\n\n\n<p class=\"has-text-align-left\">La Paroisse protestante de Haguenau est une communaut\u00e9 chaleureuse, priante et joyeuse, rassembl\u00e9e par l\u2019\u00c9vangile. Chaque dimanche, comme tout au long de la semaine, nous nous retrouvons pour c\u00e9l\u00e9brer, partager, chanter, chercher, grandir\u2026 et laisser la Parole de Dieu \u00e9clairer nos vies.<br><em><a href=\"https:\/\/protestants-haguenau.fr\/index.php\/cultes-et-celebrations\/\">\u2192 Culte et c\u00e9l\u00e9brations<\/a><\/em><\/p>\n\n\n\n<p>Dans notre communaut\u00e9, il y a des familles, des personnes \u00e2g\u00e9es, des jeunes, des nouveaux arriv\u00e9s, des habitu\u00e9s de longue date\u2026 Chacun\u00b7e y trouve une place. La vie de la paroisse repose aussi sur l\u2019engagement fid\u00e8le de nombreux b\u00e9n\u00e9voles. Ils animent une grande vari\u00e9t\u00e9 de groupes et d\u2019activit\u00e9s. Leur engagement donne \u00e0 notre communaut\u00e9 son dynamisme.<br><em>\u2192 <a href=\"https:\/\/protestants-haguenau.fr\/index.php\/groupes-et-activites\/\"> Groupes et activit\u00e9s<\/a><\/em><br><em>\u2192 <a href=\"https:\/\/protestants-haguenau.fr\/index.php\/devenir-benevole\/\">Service et b\u00e9n\u00e9volat<\/a><\/em><\/p>\n\n\n\n<p>Nous avan\u00e7ons \u00e9galement en lien \u00e9troit avec les paroisses catholiques de Haguenau, avec lesquelles nous vivons une v\u00e9ritable relation de confiance et de collaboration.<br>Engag\u00e9e tr\u00e8s t\u00f4t dans la d\u00e9marche \u00c9glise verte, notre paroisse est aujourd&rsquo;hui labellis\u00e9e au niveau <em>Cep de vigne<\/em>. Dans toutes les dimensions de la vie de notre paroisse, nous essayons de prendre soin de la Cr\u00e9ation. Nous nous encourageons mutuellement dans la conversion \u00e9cologique.<br>\u2192 <em>En savoir plus sur le label \u00c9glise verte<\/em> : <a href=\"https:\/\/www.egliseverte.org\/\">https:\/\/www.egliseverte.org\/<\/a><\/p>\n\n\n\n<div class=\"wp-block-columns is-layout-flex wp-container-core-columns-is-layout-9d6595d7 wp-block-columns-is-layout-flex\">\n<div class=\"wp-block-column is-layout-flow wp-block-column-is-layout-flow\" style=\"flex-basis:100%\">\n<figure class=\"wp-block-gallery has-nested-images columns-default is-cropped wp-block-gallery-1 is-layout-flex wp-block-gallery-is-layout-flex\">\n<figure class=\"wp-block-image alignfull size-large is-style-default\"><img decoding=\"async\" data-id=\"1013\" src=\"https:\/\/protestants-haguenau.fr\/wp-content\/uploads\/2025\/11\/3_Jubile2-1.jpg\" alt=\"Plantation d'un arbre de Jud\u00e9e dans le jardin de l'\u00e9glise \u00e0 l'occasion des 500 ans de protestantisme \u00e0 Haguenau.\" class=\"wp-image-1013\"\/><\/figure>\n<\/figure>\n<\/div>\n<\/div>\n\n\n\n<p>Comme dans toutes les paroisses de l\u2019UEPAL, la vie de l\u2019\u00c9glise est port\u00e9e ensemble par la pasteure et le Conseil presbyt\u00e9ral.<br><em>\u2192 <a href=\"https:\/\/protestants-haguenau.fr\/index.php\/pasteurs-et-aumoniers\/\">Lien interne vers : Notre \u00e9quipe<\/a><\/em><\/p>\n\n\n\n<p><br>Nous faisons partie du consistoire de Bischwiller et plus largement de l\u2019Union des \u00c9glises Protestantes d\u2019Alsace et de Lorraine. Environ 3000 personnes sont rattach\u00e9es \u00e0 notre paroisse et re\u00e7oivent r\u00e9guli\u00e8rement nos informations.<\/p>\n\n\n\n<p>Qui que vous soyez, d\u2019o\u00f9 que vous veniez, vous \u00eates les bienvenus parmi nous&nbsp;!<br>Nous serons heureux de vous accueillir.<\/p>\n\n\n\n<p><\/p>\n\n\n\n<p><\/p>\n\n\n\n<p><\/p>\n\n\n\n<p class=\"has-text-align-center\"><em><strong>Servez le Seigneur dans la joie, venez \u00e0 lui avec des chants d\u2019all\u00e9gresse.<\/strong><\/em><\/p>\n\n\n\n<p class=\"has-text-align-center\">Psaume 100,2 <\/p>\n\n\n\n<p><\/p>\n\n\n\n<p><\/p>\n","protected":false},"excerpt":{"rendered":"<p>La Paroisse protestante de Haguenau est une communaut\u00e9 chaleureuse, priante et joyeuse, rassembl\u00e9e par l\u2019\u00c9vangile. Chaque dimanche, comme tout au long de la semaine, nous nous retrouvons pour c\u00e9l\u00e9brer, partager, <a class=\"more-link\" href=\"https:\/\/protestants-haguenau.fr\/index.php\/notre-communaute\/\">En savoir plus&#8230;<\/a><\/p>\n","protected":false},"author":1,"featured_media":1026,"parent":0,"menu_order":0,"comment_status":"closed","ping_status":"closed","template":"","meta":{"footnotes":""},"class_list":["post-777","page","type-page","status-publish","has-post-thumbnail","hentry"],"yoast_head":"<!-- This site is optimized with the Yoast SEO plugin v27.1.1 - https:\/\/yoast.com\/product\/yoast-seo-wordpress\/ -->\n<title>Notre communaut\u00e9 - Paroisse Protestante de Haguenau<\/title>\n<meta name=\"robots\" content=\"index, follow, max-snippet:-1, max-image-preview:large, max-video-preview:-1\" \/>\n<link rel=\"canonical\" href=\"https:\/\/protestants-haguenau.fr\/index.php\/notre-communaute\/\" \/>\n<meta property=\"og:locale\" content=\"fr_FR\" \/>\n<meta property=\"og:type\" content=\"article\" \/>\n<meta property=\"og:title\" content=\"Notre communaut\u00e9 - Paroisse Protestante de Haguenau\" \/>\n<meta property=\"og:description\" content=\"La Paroisse protestante de Haguenau est une communaut\u00e9 chaleureuse, priante et joyeuse, rassembl\u00e9e par l\u2019\u00c9vangile. Chaque dimanche, comme tout au long de la semaine, nous nous retrouvons pour c\u00e9l\u00e9brer, partager, En savoir plus...\" \/>\n<meta property=\"og:url\" content=\"https:\/\/protestants-haguenau.fr\/index.php\/notre-communaute\/\" \/>\n<meta property=\"og:site_name\" content=\"Paroisse Protestante de Haguenau\" \/>\n<meta property=\"article:publisher\" content=\"https:\/\/www.facebook.com\/paroisseprotestantehaguenau\/?locale=fr_FR\" \/>\n<meta property=\"article:modified_time\" content=\"2025-12-01T19:14:29+00:00\" \/>\n<meta property=\"og:image\" content=\"https:\/\/protestants-haguenau.fr\/wp-content\/uploads\/2025\/11\/Notre-communaute.png\" \/>\n\t<meta property=\"og:image:width\" content=\"1200\" \/>\n\t<meta property=\"og:image:height\" content=\"514\" \/>\n\t<meta property=\"og:image:type\" content=\"image\/png\" \/>\n<meta name=\"twitter:card\" content=\"summary_large_image\" \/>\n<meta name=\"twitter:label1\" content=\"Dur\u00e9e de lecture estim\u00e9e\" \/>\n\t<meta name=\"twitter:data1\" content=\"2 minutes\" \/>\n<script type=\"application\/ld+json\" class=\"yoast-schema-graph\">{\"@context\":\"https:\/\/schema.org\",\"@graph\":[{\"@type\":\"WebPage\",\"@id\":\"https:\/\/protestants-haguenau.fr\/index.php\/notre-communaute\/\",\"url\":\"https:\/\/protestants-haguenau.fr\/index.php\/notre-communaute\/\",\"name\":\"Notre communaut\u00e9 - Paroisse Protestante de Haguenau\",\"isPartOf\":{\"@id\":\"https:\/\/protestants-haguenau.fr\/#website\"},\"primaryImageOfPage\":{\"@id\":\"https:\/\/protestants-haguenau.fr\/index.php\/notre-communaute\/#primaryimage\"},\"image\":{\"@id\":\"https:\/\/protestants-haguenau.fr\/index.php\/notre-communaute\/#primaryimage\"},\"thumbnailUrl\":\"https:\/\/protestants-haguenau.fr\/wp-content\/uploads\/2025\/11\/Notre-communaute.png\",\"datePublished\":\"2025-11-25T12:26:13+00:00\",\"dateModified\":\"2025-12-01T19:14:29+00:00\",\"breadcrumb\":{\"@id\":\"https:\/\/protestants-haguenau.fr\/index.php\/notre-communaute\/#breadcrumb\"},\"inLanguage\":\"fr-FR\",\"potentialAction\":[{\"@type\":\"ReadAction\",\"target\":[\"https:\/\/protestants-haguenau.fr\/index.php\/notre-communaute\/\"]}]},{\"@type\":\"ImageObject\",\"inLanguage\":\"fr-FR\",\"@id\":\"https:\/\/protestants-haguenau.fr\/index.php\/notre-communaute\/#primaryimage\",\"url\":\"https:\/\/protestants-haguenau.fr\/wp-content\/uploads\/2025\/11\/Notre-communaute.png\",\"contentUrl\":\"https:\/\/protestants-haguenau.fr\/wp-content\/uploads\/2025\/11\/Notre-communaute.png\",\"width\":1200,\"height\":514},{\"@type\":\"BreadcrumbList\",\"@id\":\"https:\/\/protestants-haguenau.fr\/index.php\/notre-communaute\/#breadcrumb\",\"itemListElement\":[{\"@type\":\"ListItem\",\"position\":1,\"name\":\"Accueil\",\"item\":\"https:\/\/protestants-haguenau.fr\/\"},{\"@type\":\"ListItem\",\"position\":2,\"name\":\"Notre communaut\u00e9\"}]},{\"@type\":\"WebSite\",\"@id\":\"https:\/\/protestants-haguenau.fr\/#website\",\"url\":\"https:\/\/protestants-haguenau.fr\/\",\"name\":\"Paroisse Protestante de Haguenau\",\"description\":\"Actualit\u00e9s et informations\",\"publisher\":{\"@id\":\"https:\/\/protestants-haguenau.fr\/#organization\"},\"potentialAction\":[{\"@type\":\"SearchAction\",\"target\":{\"@type\":\"EntryPoint\",\"urlTemplate\":\"https:\/\/protestants-haguenau.fr\/?s={search_term_string}\"},\"query-input\":{\"@type\":\"PropertyValueSpecification\",\"valueRequired\":true,\"valueName\":\"search_term_string\"}}],\"inLanguage\":\"fr-FR\"},{\"@type\":\"Organization\",\"@id\":\"https:\/\/protestants-haguenau.fr\/#organization\",\"name\":\"Paroisse Protestante de Haguenau\",\"url\":\"https:\/\/protestants-haguenau.fr\/\",\"logo\":{\"@type\":\"ImageObject\",\"inLanguage\":\"fr-FR\",\"@id\":\"https:\/\/protestants-haguenau.fr\/#\/schema\/logo\/image\/\",\"url\":\"https:\/\/protestants-haguenau.fr\/wp-content\/uploads\/2025\/11\/cropped-Plan-de-travail-5.png\",\"contentUrl\":\"https:\/\/protestants-haguenau.fr\/wp-content\/uploads\/2025\/11\/cropped-Plan-de-travail-5.png\",\"width\":300,\"height\":138,\"caption\":\"Paroisse Protestante de Haguenau\"},\"image\":{\"@id\":\"https:\/\/protestants-haguenau.fr\/#\/schema\/logo\/image\/\"},\"sameAs\":[\"https:\/\/www.facebook.com\/paroisseprotestantehaguenau\/?locale=fr_FR\",\"https:\/\/www.instagram.com\/paroisseprotestantehaguenau\/\"]}]}<\/script>\n<!-- \/ Yoast SEO plugin. -->","yoast_head_json":{"title":"Notre communaut\u00e9 - Paroisse Protestante de Haguenau","robots":{"index":"index","follow":"follow","max-snippet":"max-snippet:-1","max-image-preview":"max-image-preview:large","max-video-preview":"max-video-preview:-1"},"canonical":"https:\/\/protestants-haguenau.fr\/index.php\/notre-communaute\/","og_locale":"fr_FR","og_type":"article","og_title":"Notre communaut\u00e9 - Paroisse Protestante de Haguenau","og_description":"La Paroisse protestante de Haguenau est une communaut\u00e9 chaleureuse, priante et joyeuse, rassembl\u00e9e par l\u2019\u00c9vangile. Chaque dimanche, comme tout au long de la semaine, nous nous retrouvons pour c\u00e9l\u00e9brer, partager, En savoir plus...","og_url":"https:\/\/protestants-haguenau.fr\/index.php\/notre-communaute\/","og_site_name":"Paroisse Protestante de Haguenau","article_publisher":"https:\/\/www.facebook.com\/paroisseprotestantehaguenau\/?locale=fr_FR","article_modified_time":"2025-12-01T19:14:29+00:00","og_image":[{"width":1200,"height":514,"url":"https:\/\/protestants-haguenau.fr\/wp-content\/uploads\/2025\/11\/Notre-communaute.png","type":"image\/png"}],"twitter_card":"summary_large_image","twitter_misc":{"Dur\u00e9e de lecture estim\u00e9e":"2 minutes"},"schema":{"@context":"https:\/\/schema.org","@graph":[{"@type":"WebPage","@id":"https:\/\/protestants-haguenau.fr\/index.php\/notre-communaute\/","url":"https:\/\/protestants-haguenau.fr\/index.php\/notre-communaute\/","name":"Notre communaut\u00e9 - Paroisse Protestante de Haguenau","isPartOf":{"@id":"https:\/\/protestants-haguenau.fr\/#website"},"primaryImageOfPage":{"@id":"https:\/\/protestants-haguenau.fr\/index.php\/notre-communaute\/#primaryimage"},"image":{"@id":"https:\/\/protestants-haguenau.fr\/index.php\/notre-communaute\/#primaryimage"},"thumbnailUrl":"https:\/\/protestants-haguenau.fr\/wp-content\/uploads\/2025\/11\/Notre-communaute.png","datePublished":"2025-11-25T12:26:13+00:00","dateModified":"2025-12-01T19:14:29+00:00","breadcrumb":{"@id":"https:\/\/protestants-haguenau.fr\/index.php\/notre-communaute\/#breadcrumb"},"inLanguage":"fr-FR","potentialAction":[{"@type":"ReadAction","target":["https:\/\/protestants-haguenau.fr\/index.php\/notre-communaute\/"]}]},{"@type":"ImageObject","inLanguage":"fr-FR","@id":"https:\/\/protestants-haguenau.fr\/index.php\/notre-communaute\/#primaryimage","url":"https:\/\/protestants-haguenau.fr\/wp-content\/uploads\/2025\/11\/Notre-communaute.png","contentUrl":"https:\/\/protestants-haguenau.fr\/wp-content\/uploads\/2025\/11\/Notre-communaute.png","width":1200,"height":514},{"@type":"BreadcrumbList","@id":"https:\/\/protestants-haguenau.fr\/index.php\/notre-communaute\/#breadcrumb","itemListElement":[{"@type":"ListItem","position":1,"name":"Accueil","item":"https:\/\/protestants-haguenau.fr\/"},{"@type":"ListItem","position":2,"name":"Notre communaut\u00e9"}]},{"@type":"WebSite","@id":"https:\/\/protestants-haguenau.fr\/#website","url":"https:\/\/protestants-haguenau.fr\/","name":"Paroisse Protestante de Haguenau","description":"Actualit\u00e9s et informations","publisher":{"@id":"https:\/\/protestants-haguenau.fr\/#organization"},"potentialAction":[{"@type":"SearchAction","target":{"@type":"EntryPoint","urlTemplate":"https:\/\/protestants-haguenau.fr\/?s={search_term_string}"},"query-input":{"@type":"PropertyValueSpecification","valueRequired":true,"valueName":"search_term_string"}}],"inLanguage":"fr-FR"},{"@type":"Organization","@id":"https:\/\/protestants-haguenau.fr\/#organization","name":"Paroisse Protestante de Haguenau","url":"https:\/\/protestants-haguenau.fr\/","logo":{"@type":"ImageObject","inLanguage":"fr-FR","@id":"https:\/\/protestants-haguenau.fr\/#\/schema\/logo\/image\/","url":"https:\/\/protestants-haguenau.fr\/wp-content\/uploads\/2025\/11\/cropped-Plan-de-travail-5.png","contentUrl":"https:\/\/protestants-haguenau.fr\/wp-content\/uploads\/2025\/11\/cropped-Plan-de-travail-5.png","width":300,"height":138,"caption":"Paroisse Protestante de Haguenau"},"image":{"@id":"https:\/\/protestants-haguenau.fr\/#\/schema\/logo\/image\/"},"sameAs":["https:\/\/www.facebook.com\/paroisseprotestantehaguenau\/?locale=fr_FR","https:\/\/www.instagram.com\/paroisseprotestantehaguenau\/"]}]}},"_links":{"self":[{"href":"https:\/\/protestants-haguenau.fr\/index.php\/wp-json\/wp\/v2\/pages\/777","targetHints":{"allow":["GET"]}}],"collection":[{"href":"https:\/\/protestants-haguenau.fr\/index.php\/wp-json\/wp\/v2\/pages"}],"about":[{"href":"https:\/\/protestants-haguenau.fr\/index.php\/wp-json\/wp\/v2\/types\/page"}],"author":[{"embeddable":true,"href":"https:\/\/protestants-haguenau.fr\/index.php\/wp-json\/wp\/v2\/users\/1"}],"replies":[{"embeddable":true,"href":"https:\/\/protestants-haguenau.fr\/index.php\/wp-json\/wp\/v2\/comments?post=777"}],"version-history":[{"count":17,"href":"https:\/\/protestants-haguenau.fr\/index.php\/wp-json\/wp\/v2\/pages\/777\/revisions"}],"predecessor-version":[{"id":1051,"href":"https:\/\/protestants-haguenau.fr\/index.php\/wp-json\/wp\/v2\/pages\/777\/revisions\/1051"}],"wp:featuredmedia":[{"embeddable":true,"href":"https:\/\/protestants-haguenau.fr\/index.php\/wp-json\/wp\/v2\/media\/1026"}],"wp:attachment":[{"href":"https:\/\/protestants-haguenau.fr\/index.php\/wp-json\/wp\/v2\/media?parent=777"}],"curies":[{"name":"wp","href":"https:\/\/api.w.org\/{rel}","templated":true}]}}