{"id":782,"date":"2025-11-25T13:29:23","date_gmt":"2025-11-25T12:29:23","guid":{"rendered":"https:\/\/protestants-haguenau.fr\/?page_id=782"},"modified":"2025-11-25T20:07:01","modified_gmt":"2025-11-25T19:07:01","slug":"vivre-sa-foi","status":"publish","type":"page","link":"https:\/\/protestants-haguenau.fr\/index.php\/vivre-sa-foi\/","title":{"rendered":"Vivre sa foi"},"content":{"rendered":"<div class=\"wp-block-image\">\n<figure class=\"aligncenter size-large is-resized\"><img loading=\"lazy\" decoding=\"async\" width=\"1024\" height=\"680\" src=\"https:\/\/protestants-haguenau.fr\/wp-content\/uploads\/2025\/11\/Foi-1024x680.jpg\" alt=\"Foi\" class=\"wp-image-903\" style=\"width:408px;height:auto\" srcset=\"https:\/\/protestants-haguenau.fr\/wp-content\/uploads\/2025\/11\/Foi-1024x680.jpg 1024w, https:\/\/protestants-haguenau.fr\/wp-content\/uploads\/2025\/11\/Foi-300x199.jpg 300w, https:\/\/protestants-haguenau.fr\/wp-content\/uploads\/2025\/11\/Foi-768x510.jpg 768w, https:\/\/protestants-haguenau.fr\/wp-content\/uploads\/2025\/11\/Foi-1536x1020.jpg 1536w, https:\/\/protestants-haguenau.fr\/wp-content\/uploads\/2025\/11\/Foi-2048x1360.jpg 2048w\" sizes=\"auto, (max-width: 1024px) 100vw, 1024px\" \/><\/figure>\n<\/div>\n\n\n<p class=\"has-text-align-left\"><strong>Vivre sa foi, <\/strong>c\u2019est avancer jour apr\u00e8s jour, nourri\u00b7e par la Parole, la pri\u00e8re, les rencontres et le partage.<br>\u00c0 la Paroisse protestante de Haguenau, nous croyons que la foi se vit en communaut\u00e9, dans la simplicit\u00e9 et la joie de cheminer ensemble.<br>Vous trouverez ici tout ce qui peut vous accompagner : les cultes, les temps de pri\u00e8re, ainsi que des ressources spirituelles pour nourrir votre vie int\u00e9rieure.<br>Que chacun y trouve un souffle, une lumi\u00e8re ou une invitation \u00e0 aller plus loin.<\/p>\n\n\n\n<p><\/p>\n","protected":false},"excerpt":{"rendered":"<p>Vivre sa foi, c\u2019est avancer jour apr\u00e8s jour, nourri\u00b7e par la Parole, la pri\u00e8re, les rencontres et le partage.\u00c0 la Paroisse protestante de Haguenau, nous croyons que la foi se <a class=\"more-link\" href=\"https:\/\/protestants-haguenau.fr\/index.php\/vivre-sa-foi\/\">En savoir plus&#8230;<\/a><\/p>\n","protected":false},"author":1,"featured_media":0,"parent":0,"menu_order":0,"comment_status":"closed","ping_status":"closed","template":"","meta":{"footnotes":""},"class_list":["post-782","page","type-page","status-publish","hentry"],"yoast_head":"<!-- This site is optimized with the Yoast SEO plugin v27.1.1 - https:\/\/yoast.com\/product\/yoast-seo-wordpress\/ -->\n<title>Vivre sa foi - Paroisse Protestante de Haguenau<\/title>\n<meta name=\"robots\" content=\"index, follow, max-snippet:-1, max-image-preview:large, max-video-preview:-1\" \/>\n<link rel=\"canonical\" href=\"https:\/\/protestants-haguenau.fr\/index.php\/vivre-sa-foi\/\" \/>\n<meta property=\"og:locale\" content=\"fr_FR\" \/>\n<meta property=\"og:type\" content=\"article\" \/>\n<meta property=\"og:title\" content=\"Vivre sa foi - Paroisse Protestante de Haguenau\" \/>\n<meta property=\"og:description\" content=\"Vivre sa foi, c\u2019est avancer jour apr\u00e8s jour, nourri\u00b7e par la Parole, la pri\u00e8re, les rencontres et le partage.\u00c0 la Paroisse protestante de Haguenau, nous croyons que la foi se En savoir plus...\" \/>\n<meta property=\"og:url\" content=\"https:\/\/protestants-haguenau.fr\/index.php\/vivre-sa-foi\/\" \/>\n<meta property=\"og:site_name\" content=\"Paroisse Protestante de Haguenau\" \/>\n<meta property=\"article:publisher\" content=\"https:\/\/www.facebook.com\/paroisseprotestantehaguenau\/?locale=fr_FR\" \/>\n<meta property=\"article:modified_time\" content=\"2025-11-25T19:07:01+00:00\" \/>\n<meta property=\"og:image\" content=\"https:\/\/protestants-haguenau.fr\/wp-content\/uploads\/2025\/11\/Foi-scaled.jpg\" \/>\n\t<meta property=\"og:image:width\" content=\"2560\" \/>\n\t<meta property=\"og:image:height\" content=\"1700\" \/>\n\t<meta property=\"og:image:type\" content=\"image\/jpeg\" \/>\n<meta name=\"twitter:card\" content=\"summary_large_image\" \/>\n<script type=\"application\/ld+json\" class=\"yoast-schema-graph\">{\"@context\":\"https:\/\/schema.org\",\"@graph\":[{\"@type\":\"WebPage\",\"@id\":\"https:\/\/protestants-haguenau.fr\/index.php\/vivre-sa-foi\/\",\"url\":\"https:\/\/protestants-haguenau.fr\/index.php\/vivre-sa-foi\/\",\"name\":\"Vivre sa foi - Paroisse Protestante de Haguenau\",\"isPartOf\":{\"@id\":\"https:\/\/protestants-haguenau.fr\/#website\"},\"primaryImageOfPage\":{\"@id\":\"https:\/\/protestants-haguenau.fr\/index.php\/vivre-sa-foi\/#primaryimage\"},\"image\":{\"@id\":\"https:\/\/protestants-haguenau.fr\/index.php\/vivre-sa-foi\/#primaryimage\"},\"thumbnailUrl\":\"https:\/\/protestants-haguenau.fr\/wp-content\/uploads\/2025\/11\/Foi-1024x680.jpg\",\"datePublished\":\"2025-11-25T12:29:23+00:00\",\"dateModified\":\"2025-11-25T19:07:01+00:00\",\"breadcrumb\":{\"@id\":\"https:\/\/protestants-haguenau.fr\/index.php\/vivre-sa-foi\/#breadcrumb\"},\"inLanguage\":\"fr-FR\",\"potentialAction\":[{\"@type\":\"ReadAction\",\"target\":[\"https:\/\/protestants-haguenau.fr\/index.php\/vivre-sa-foi\/\"]}]},{\"@type\":\"ImageObject\",\"inLanguage\":\"fr-FR\",\"@id\":\"https:\/\/protestants-haguenau.fr\/index.php\/vivre-sa-foi\/#primaryimage\",\"url\":\"https:\/\/protestants-haguenau.fr\/wp-content\/uploads\/2025\/11\/Foi-scaled.jpg\",\"contentUrl\":\"https:\/\/protestants-haguenau.fr\/wp-content\/uploads\/2025\/11\/Foi-scaled.jpg\",\"width\":2560,\"height\":1700,\"caption\":\"Foi\"},{\"@type\":\"BreadcrumbList\",\"@id\":\"https:\/\/protestants-haguenau.fr\/index.php\/vivre-sa-foi\/#breadcrumb\",\"itemListElement\":[{\"@type\":\"ListItem\",\"position\":1,\"name\":\"Accueil\",\"item\":\"https:\/\/protestants-haguenau.fr\/\"},{\"@type\":\"ListItem\",\"position\":2,\"name\":\"Vivre sa foi\"}]},{\"@type\":\"WebSite\",\"@id\":\"https:\/\/protestants-haguenau.fr\/#website\",\"url\":\"https:\/\/protestants-haguenau.fr\/\",\"name\":\"Paroisse Protestante de Haguenau\",\"description\":\"Actualit\u00e9s et informations\",\"publisher\":{\"@id\":\"https:\/\/protestants-haguenau.fr\/#organization\"},\"potentialAction\":[{\"@type\":\"SearchAction\",\"target\":{\"@type\":\"EntryPoint\",\"urlTemplate\":\"https:\/\/protestants-haguenau.fr\/?s={search_term_string}\"},\"query-input\":{\"@type\":\"PropertyValueSpecification\",\"valueRequired\":true,\"valueName\":\"search_term_string\"}}],\"inLanguage\":\"fr-FR\"},{\"@type\":\"Organization\",\"@id\":\"https:\/\/protestants-haguenau.fr\/#organization\",\"name\":\"Paroisse Protestante de Haguenau\",\"url\":\"https:\/\/protestants-haguenau.fr\/\",\"logo\":{\"@type\":\"ImageObject\",\"inLanguage\":\"fr-FR\",\"@id\":\"https:\/\/protestants-haguenau.fr\/#\/schema\/logo\/image\/\",\"url\":\"https:\/\/protestants-haguenau.fr\/wp-content\/uploads\/2025\/11\/cropped-Plan-de-travail-5.png\",\"contentUrl\":\"https:\/\/protestants-haguenau.fr\/wp-content\/uploads\/2025\/11\/cropped-Plan-de-travail-5.png\",\"width\":300,\"height\":138,\"caption\":\"Paroisse Protestante de Haguenau\"},\"image\":{\"@id\":\"https:\/\/protestants-haguenau.fr\/#\/schema\/logo\/image\/\"},\"sameAs\":[\"https:\/\/www.facebook.com\/paroisseprotestantehaguenau\/?locale=fr_FR\",\"https:\/\/www.instagram.com\/paroisseprotestantehaguenau\/\"]}]}<\/script>\n<!-- \/ Yoast SEO plugin. -->","yoast_head_json":{"title":"Vivre sa foi - Paroisse Protestante de Haguenau","robots":{"index":"index","follow":"follow","max-snippet":"max-snippet:-1","max-image-preview":"max-image-preview:large","max-video-preview":"max-video-preview:-1"},"canonical":"https:\/\/protestants-haguenau.fr\/index.php\/vivre-sa-foi\/","og_locale":"fr_FR","og_type":"article","og_title":"Vivre sa foi - Paroisse Protestante de Haguenau","og_description":"Vivre sa foi, c\u2019est avancer jour apr\u00e8s jour, nourri\u00b7e par la Parole, la pri\u00e8re, les rencontres et le partage.\u00c0 la Paroisse protestante de Haguenau, nous croyons que la foi se En savoir plus...","og_url":"https:\/\/protestants-haguenau.fr\/index.php\/vivre-sa-foi\/","og_site_name":"Paroisse Protestante de Haguenau","article_publisher":"https:\/\/www.facebook.com\/paroisseprotestantehaguenau\/?locale=fr_FR","article_modified_time":"2025-11-25T19:07:01+00:00","og_image":[{"width":2560,"height":1700,"url":"https:\/\/protestants-haguenau.fr\/wp-content\/uploads\/2025\/11\/Foi-scaled.jpg","type":"image\/jpeg"}],"twitter_card":"summary_large_image","schema":{"@context":"https:\/\/schema.org","@graph":[{"@type":"WebPage","@id":"https:\/\/protestants-haguenau.fr\/index.php\/vivre-sa-foi\/","url":"https:\/\/protestants-haguenau.fr\/index.php\/vivre-sa-foi\/","name":"Vivre sa foi - Paroisse Protestante de Haguenau","isPartOf":{"@id":"https:\/\/protestants-haguenau.fr\/#website"},"primaryImageOfPage":{"@id":"https:\/\/protestants-haguenau.fr\/index.php\/vivre-sa-foi\/#primaryimage"},"image":{"@id":"https:\/\/protestants-haguenau.fr\/index.php\/vivre-sa-foi\/#primaryimage"},"thumbnailUrl":"https:\/\/protestants-haguenau.fr\/wp-content\/uploads\/2025\/11\/Foi-1024x680.jpg","datePublished":"2025-11-25T12:29:23+00:00","dateModified":"2025-11-25T19:07:01+00:00","breadcrumb":{"@id":"https:\/\/protestants-haguenau.fr\/index.php\/vivre-sa-foi\/#breadcrumb"},"inLanguage":"fr-FR","potentialAction":[{"@type":"ReadAction","target":["https:\/\/protestants-haguenau.fr\/index.php\/vivre-sa-foi\/"]}]},{"@type":"ImageObject","inLanguage":"fr-FR","@id":"https:\/\/protestants-haguenau.fr\/index.php\/vivre-sa-foi\/#primaryimage","url":"https:\/\/protestants-haguenau.fr\/wp-content\/uploads\/2025\/11\/Foi-scaled.jpg","contentUrl":"https:\/\/protestants-haguenau.fr\/wp-content\/uploads\/2025\/11\/Foi-scaled.jpg","width":2560,"height":1700,"caption":"Foi"},{"@type":"BreadcrumbList","@id":"https:\/\/protestants-haguenau.fr\/index.php\/vivre-sa-foi\/#breadcrumb","itemListElement":[{"@type":"ListItem","position":1,"name":"Accueil","item":"https:\/\/protestants-haguenau.fr\/"},{"@type":"ListItem","position":2,"name":"Vivre sa foi"}]},{"@type":"WebSite","@id":"https:\/\/protestants-haguenau.fr\/#website","url":"https:\/\/protestants-haguenau.fr\/","name":"Paroisse Protestante de Haguenau","description":"Actualit\u00e9s et informations","publisher":{"@id":"https:\/\/protestants-haguenau.fr\/#organization"},"potentialAction":[{"@type":"SearchAction","target":{"@type":"EntryPoint","urlTemplate":"https:\/\/protestants-haguenau.fr\/?s={search_term_string}"},"query-input":{"@type":"PropertyValueSpecification","valueRequired":true,"valueName":"search_term_string"}}],"inLanguage":"fr-FR"},{"@type":"Organization","@id":"https:\/\/protestants-haguenau.fr\/#organization","name":"Paroisse Protestante de Haguenau","url":"https:\/\/protestants-haguenau.fr\/","logo":{"@type":"ImageObject","inLanguage":"fr-FR","@id":"https:\/\/protestants-haguenau.fr\/#\/schema\/logo\/image\/","url":"https:\/\/protestants-haguenau.fr\/wp-content\/uploads\/2025\/11\/cropped-Plan-de-travail-5.png","contentUrl":"https:\/\/protestants-haguenau.fr\/wp-content\/uploads\/2025\/11\/cropped-Plan-de-travail-5.png","width":300,"height":138,"caption":"Paroisse Protestante de Haguenau"},"image":{"@id":"https:\/\/protestants-haguenau.fr\/#\/schema\/logo\/image\/"},"sameAs":["https:\/\/www.facebook.com\/paroisseprotestantehaguenau\/?locale=fr_FR","https:\/\/www.instagram.com\/paroisseprotestantehaguenau\/"]}]}},"_links":{"self":[{"href":"https:\/\/protestants-haguenau.fr\/index.php\/wp-json\/wp\/v2\/pages\/782","targetHints":{"allow":["GET"]}}],"collection":[{"href":"https:\/\/protestants-haguenau.fr\/index.php\/wp-json\/wp\/v2\/pages"}],"about":[{"href":"https:\/\/protestants-haguenau.fr\/index.php\/wp-json\/wp\/v2\/types\/page"}],"author":[{"embeddable":true,"href":"https:\/\/protestants-haguenau.fr\/index.php\/wp-json\/wp\/v2\/users\/1"}],"replies":[{"embeddable":true,"href":"https:\/\/protestants-haguenau.fr\/index.php\/wp-json\/wp\/v2\/comments?post=782"}],"version-history":[{"count":4,"href":"https:\/\/protestants-haguenau.fr\/index.php\/wp-json\/wp\/v2\/pages\/782\/revisions"}],"predecessor-version":[{"id":906,"href":"https:\/\/protestants-haguenau.fr\/index.php\/wp-json\/wp\/v2\/pages\/782\/revisions\/906"}],"wp:attachment":[{"href":"https:\/\/protestants-haguenau.fr\/index.php\/wp-json\/wp\/v2\/media?parent=782"}],"curies":[{"name":"wp","href":"https:\/\/api.w.org\/{rel}","templated":true}]}}