{"id":795,"date":"2025-11-25T13:38:54","date_gmt":"2025-11-25T12:38:54","guid":{"rendered":"https:\/\/protestants-haguenau.fr\/?page_id=795"},"modified":"2025-11-28T16:20:02","modified_gmt":"2025-11-28T15:20:02","slug":"etapes-de-la-vie","status":"publish","type":"page","link":"https:\/\/protestants-haguenau.fr\/index.php\/etapes-de-la-vie\/","title":{"rendered":"\u00c9tapes de la vie"},"content":{"rendered":"\n<figure class=\"wp-block-image size-full is-resized\"><img loading=\"lazy\" decoding=\"async\" width=\"397\" height=\"150\" src=\"https:\/\/protestants-haguenau.fr\/wp-content\/uploads\/2025\/11\/Etapes-de-la-vie.png\" alt=\"\" class=\"wp-image-1029\" style=\"width:780px;height:auto\" srcset=\"https:\/\/protestants-haguenau.fr\/wp-content\/uploads\/2025\/11\/Etapes-de-la-vie.png 397w, https:\/\/protestants-haguenau.fr\/wp-content\/uploads\/2025\/11\/Etapes-de-la-vie-300x113.png 300w\" sizes=\"auto, (max-width: 397px) 100vw, 397px\" \/><\/figure>\n\n\n\n<p>La vie est faite de passages, de recommencements, de choix, de joies lumineuses et de moments plus fragiles.<br>\u00c0 chacun de ces tournants, Dieu se tient l\u00e0 \u2014 discret, fid\u00e8le, bienveillant \u2014 et l\u2019\u00c9glise offre un espace pour le reconna\u00eetre et l\u2019inviter \u00e0 marcher avec nous.<\/p>\n\n\n\n<p>\u00c0 la Paroisse protestante de Haguenau, nous accompagnons ces \u00e9tapes avec douceur : le bapt\u00eame qui r\u00e9v\u00e8le l\u2019amour premier de Dieu, la confirmation qui affirme une foi qui grandit, le mariage qui unit deux vies sous son regard, ou encore la c\u00e9l\u00e9bration d\u2019adieu qui confie nos d\u00e9funts \u00e0 sa paix.<\/p>\n\n\n\n<p>Chaque geste, chaque pri\u00e8re, chaque parole partag\u00e9e dit quelque chose de cette pr\u00e9sence de Dieu qui nous porte.<br>Vous n\u2019\u00eates jamais seuls : nous sommes l\u00e0 pour pr\u00e9parer, c\u00e9l\u00e9brer, entourer \u2014 et laisser la lumi\u00e8re de Dieu \u00e9clairer ces moments essentiels.<\/p>\n","protected":false},"excerpt":{"rendered":"<p>La vie est faite de passages, de recommencements, de choix, de joies lumineuses et de moments plus fragiles.\u00c0 chacun de ces tournants, Dieu se tient l\u00e0 \u2014 discret, fid\u00e8le, bienveillant <a class=\"more-link\" href=\"https:\/\/protestants-haguenau.fr\/index.php\/etapes-de-la-vie\/\">En savoir plus&#8230;<\/a><\/p>\n","protected":false},"author":1,"featured_media":1029,"parent":0,"menu_order":0,"comment_status":"closed","ping_status":"closed","template":"","meta":{"footnotes":""},"class_list":["post-795","page","type-page","status-publish","has-post-thumbnail","hentry"],"yoast_head":"<!-- This site is optimized with the Yoast SEO plugin v27.1.1 - https:\/\/yoast.com\/product\/yoast-seo-wordpress\/ -->\n<title>\u00c9tapes de la vie - Paroisse Protestante de Haguenau<\/title>\n<meta name=\"robots\" content=\"index, follow, max-snippet:-1, max-image-preview:large, max-video-preview:-1\" \/>\n<link rel=\"canonical\" href=\"https:\/\/protestants-haguenau.fr\/index.php\/etapes-de-la-vie\/\" \/>\n<meta property=\"og:locale\" content=\"fr_FR\" \/>\n<meta property=\"og:type\" content=\"article\" \/>\n<meta property=\"og:title\" content=\"\u00c9tapes de la vie - Paroisse Protestante de Haguenau\" \/>\n<meta property=\"og:description\" content=\"La vie est faite de passages, de recommencements, de choix, de joies lumineuses et de moments plus fragiles.\u00c0 chacun de ces tournants, Dieu se tient l\u00e0 \u2014 discret, fid\u00e8le, bienveillant En savoir plus...\" \/>\n<meta property=\"og:url\" content=\"https:\/\/protestants-haguenau.fr\/index.php\/etapes-de-la-vie\/\" \/>\n<meta property=\"og:site_name\" content=\"Paroisse Protestante de Haguenau\" \/>\n<meta property=\"article:publisher\" content=\"https:\/\/www.facebook.com\/paroisseprotestantehaguenau\/?locale=fr_FR\" \/>\n<meta property=\"article:modified_time\" content=\"2025-11-28T15:20:02+00:00\" \/>\n<meta property=\"og:image\" content=\"https:\/\/protestants-haguenau.fr\/wp-content\/uploads\/2025\/11\/Etapes-de-la-vie.png\" \/>\n\t<meta property=\"og:image:width\" content=\"397\" \/>\n\t<meta property=\"og:image:height\" content=\"150\" \/>\n\t<meta property=\"og:image:type\" content=\"image\/png\" \/>\n<meta name=\"twitter:card\" content=\"summary_large_image\" \/>\n<meta name=\"twitter:label1\" content=\"Dur\u00e9e de lecture estim\u00e9e\" \/>\n\t<meta name=\"twitter:data1\" content=\"1 minute\" \/>\n<script type=\"application\/ld+json\" class=\"yoast-schema-graph\">{\"@context\":\"https:\/\/schema.org\",\"@graph\":[{\"@type\":\"WebPage\",\"@id\":\"https:\/\/protestants-haguenau.fr\/index.php\/etapes-de-la-vie\/\",\"url\":\"https:\/\/protestants-haguenau.fr\/index.php\/etapes-de-la-vie\/\",\"name\":\"\u00c9tapes de la vie - Paroisse Protestante de Haguenau\",\"isPartOf\":{\"@id\":\"https:\/\/protestants-haguenau.fr\/#website\"},\"primaryImageOfPage\":{\"@id\":\"https:\/\/protestants-haguenau.fr\/index.php\/etapes-de-la-vie\/#primaryimage\"},\"image\":{\"@id\":\"https:\/\/protestants-haguenau.fr\/index.php\/etapes-de-la-vie\/#primaryimage\"},\"thumbnailUrl\":\"https:\/\/protestants-haguenau.fr\/wp-content\/uploads\/2025\/11\/Etapes-de-la-vie.png\",\"datePublished\":\"2025-11-25T12:38:54+00:00\",\"dateModified\":\"2025-11-28T15:20:02+00:00\",\"breadcrumb\":{\"@id\":\"https:\/\/protestants-haguenau.fr\/index.php\/etapes-de-la-vie\/#breadcrumb\"},\"inLanguage\":\"fr-FR\",\"potentialAction\":[{\"@type\":\"ReadAction\",\"target\":[\"https:\/\/protestants-haguenau.fr\/index.php\/etapes-de-la-vie\/\"]}]},{\"@type\":\"ImageObject\",\"inLanguage\":\"fr-FR\",\"@id\":\"https:\/\/protestants-haguenau.fr\/index.php\/etapes-de-la-vie\/#primaryimage\",\"url\":\"https:\/\/protestants-haguenau.fr\/wp-content\/uploads\/2025\/11\/Etapes-de-la-vie.png\",\"contentUrl\":\"https:\/\/protestants-haguenau.fr\/wp-content\/uploads\/2025\/11\/Etapes-de-la-vie.png\",\"width\":397,\"height\":150},{\"@type\":\"BreadcrumbList\",\"@id\":\"https:\/\/protestants-haguenau.fr\/index.php\/etapes-de-la-vie\/#breadcrumb\",\"itemListElement\":[{\"@type\":\"ListItem\",\"position\":1,\"name\":\"Accueil\",\"item\":\"https:\/\/protestants-haguenau.fr\/\"},{\"@type\":\"ListItem\",\"position\":2,\"name\":\"\u00c9tapes de la vie\"}]},{\"@type\":\"WebSite\",\"@id\":\"https:\/\/protestants-haguenau.fr\/#website\",\"url\":\"https:\/\/protestants-haguenau.fr\/\",\"name\":\"Paroisse Protestante de Haguenau\",\"description\":\"Actualit\u00e9s et informations\",\"publisher\":{\"@id\":\"https:\/\/protestants-haguenau.fr\/#organization\"},\"potentialAction\":[{\"@type\":\"SearchAction\",\"target\":{\"@type\":\"EntryPoint\",\"urlTemplate\":\"https:\/\/protestants-haguenau.fr\/?s={search_term_string}\"},\"query-input\":{\"@type\":\"PropertyValueSpecification\",\"valueRequired\":true,\"valueName\":\"search_term_string\"}}],\"inLanguage\":\"fr-FR\"},{\"@type\":\"Organization\",\"@id\":\"https:\/\/protestants-haguenau.fr\/#organization\",\"name\":\"Paroisse Protestante de Haguenau\",\"url\":\"https:\/\/protestants-haguenau.fr\/\",\"logo\":{\"@type\":\"ImageObject\",\"inLanguage\":\"fr-FR\",\"@id\":\"https:\/\/protestants-haguenau.fr\/#\/schema\/logo\/image\/\",\"url\":\"https:\/\/protestants-haguenau.fr\/wp-content\/uploads\/2025\/11\/cropped-Plan-de-travail-5.png\",\"contentUrl\":\"https:\/\/protestants-haguenau.fr\/wp-content\/uploads\/2025\/11\/cropped-Plan-de-travail-5.png\",\"width\":300,\"height\":138,\"caption\":\"Paroisse Protestante de Haguenau\"},\"image\":{\"@id\":\"https:\/\/protestants-haguenau.fr\/#\/schema\/logo\/image\/\"},\"sameAs\":[\"https:\/\/www.facebook.com\/paroisseprotestantehaguenau\/?locale=fr_FR\",\"https:\/\/www.instagram.com\/paroisseprotestantehaguenau\/\"]}]}<\/script>\n<!-- \/ Yoast SEO plugin. -->","yoast_head_json":{"title":"\u00c9tapes de la vie - Paroisse Protestante de Haguenau","robots":{"index":"index","follow":"follow","max-snippet":"max-snippet:-1","max-image-preview":"max-image-preview:large","max-video-preview":"max-video-preview:-1"},"canonical":"https:\/\/protestants-haguenau.fr\/index.php\/etapes-de-la-vie\/","og_locale":"fr_FR","og_type":"article","og_title":"\u00c9tapes de la vie - Paroisse Protestante de Haguenau","og_description":"La vie est faite de passages, de recommencements, de choix, de joies lumineuses et de moments plus fragiles.\u00c0 chacun de ces tournants, Dieu se tient l\u00e0 \u2014 discret, fid\u00e8le, bienveillant En savoir plus...","og_url":"https:\/\/protestants-haguenau.fr\/index.php\/etapes-de-la-vie\/","og_site_name":"Paroisse Protestante de Haguenau","article_publisher":"https:\/\/www.facebook.com\/paroisseprotestantehaguenau\/?locale=fr_FR","article_modified_time":"2025-11-28T15:20:02+00:00","og_image":[{"width":397,"height":150,"url":"https:\/\/protestants-haguenau.fr\/wp-content\/uploads\/2025\/11\/Etapes-de-la-vie.png","type":"image\/png"}],"twitter_card":"summary_large_image","twitter_misc":{"Dur\u00e9e de lecture estim\u00e9e":"1 minute"},"schema":{"@context":"https:\/\/schema.org","@graph":[{"@type":"WebPage","@id":"https:\/\/protestants-haguenau.fr\/index.php\/etapes-de-la-vie\/","url":"https:\/\/protestants-haguenau.fr\/index.php\/etapes-de-la-vie\/","name":"\u00c9tapes de la vie - Paroisse Protestante de Haguenau","isPartOf":{"@id":"https:\/\/protestants-haguenau.fr\/#website"},"primaryImageOfPage":{"@id":"https:\/\/protestants-haguenau.fr\/index.php\/etapes-de-la-vie\/#primaryimage"},"image":{"@id":"https:\/\/protestants-haguenau.fr\/index.php\/etapes-de-la-vie\/#primaryimage"},"thumbnailUrl":"https:\/\/protestants-haguenau.fr\/wp-content\/uploads\/2025\/11\/Etapes-de-la-vie.png","datePublished":"2025-11-25T12:38:54+00:00","dateModified":"2025-11-28T15:20:02+00:00","breadcrumb":{"@id":"https:\/\/protestants-haguenau.fr\/index.php\/etapes-de-la-vie\/#breadcrumb"},"inLanguage":"fr-FR","potentialAction":[{"@type":"ReadAction","target":["https:\/\/protestants-haguenau.fr\/index.php\/etapes-de-la-vie\/"]}]},{"@type":"ImageObject","inLanguage":"fr-FR","@id":"https:\/\/protestants-haguenau.fr\/index.php\/etapes-de-la-vie\/#primaryimage","url":"https:\/\/protestants-haguenau.fr\/wp-content\/uploads\/2025\/11\/Etapes-de-la-vie.png","contentUrl":"https:\/\/protestants-haguenau.fr\/wp-content\/uploads\/2025\/11\/Etapes-de-la-vie.png","width":397,"height":150},{"@type":"BreadcrumbList","@id":"https:\/\/protestants-haguenau.fr\/index.php\/etapes-de-la-vie\/#breadcrumb","itemListElement":[{"@type":"ListItem","position":1,"name":"Accueil","item":"https:\/\/protestants-haguenau.fr\/"},{"@type":"ListItem","position":2,"name":"\u00c9tapes de la vie"}]},{"@type":"WebSite","@id":"https:\/\/protestants-haguenau.fr\/#website","url":"https:\/\/protestants-haguenau.fr\/","name":"Paroisse Protestante de Haguenau","description":"Actualit\u00e9s et informations","publisher":{"@id":"https:\/\/protestants-haguenau.fr\/#organization"},"potentialAction":[{"@type":"SearchAction","target":{"@type":"EntryPoint","urlTemplate":"https:\/\/protestants-haguenau.fr\/?s={search_term_string}"},"query-input":{"@type":"PropertyValueSpecification","valueRequired":true,"valueName":"search_term_string"}}],"inLanguage":"fr-FR"},{"@type":"Organization","@id":"https:\/\/protestants-haguenau.fr\/#organization","name":"Paroisse Protestante de Haguenau","url":"https:\/\/protestants-haguenau.fr\/","logo":{"@type":"ImageObject","inLanguage":"fr-FR","@id":"https:\/\/protestants-haguenau.fr\/#\/schema\/logo\/image\/","url":"https:\/\/protestants-haguenau.fr\/wp-content\/uploads\/2025\/11\/cropped-Plan-de-travail-5.png","contentUrl":"https:\/\/protestants-haguenau.fr\/wp-content\/uploads\/2025\/11\/cropped-Plan-de-travail-5.png","width":300,"height":138,"caption":"Paroisse Protestante de Haguenau"},"image":{"@id":"https:\/\/protestants-haguenau.fr\/#\/schema\/logo\/image\/"},"sameAs":["https:\/\/www.facebook.com\/paroisseprotestantehaguenau\/?locale=fr_FR","https:\/\/www.instagram.com\/paroisseprotestantehaguenau\/"]}]}},"_links":{"self":[{"href":"https:\/\/protestants-haguenau.fr\/index.php\/wp-json\/wp\/v2\/pages\/795","targetHints":{"allow":["GET"]}}],"collection":[{"href":"https:\/\/protestants-haguenau.fr\/index.php\/wp-json\/wp\/v2\/pages"}],"about":[{"href":"https:\/\/protestants-haguenau.fr\/index.php\/wp-json\/wp\/v2\/types\/page"}],"author":[{"embeddable":true,"href":"https:\/\/protestants-haguenau.fr\/index.php\/wp-json\/wp\/v2\/users\/1"}],"replies":[{"embeddable":true,"href":"https:\/\/protestants-haguenau.fr\/index.php\/wp-json\/wp\/v2\/comments?post=795"}],"version-history":[{"count":5,"href":"https:\/\/protestants-haguenau.fr\/index.php\/wp-json\/wp\/v2\/pages\/795\/revisions"}],"predecessor-version":[{"id":1033,"href":"https:\/\/protestants-haguenau.fr\/index.php\/wp-json\/wp\/v2\/pages\/795\/revisions\/1033"}],"wp:featuredmedia":[{"embeddable":true,"href":"https:\/\/protestants-haguenau.fr\/index.php\/wp-json\/wp\/v2\/media\/1029"}],"wp:attachment":[{"href":"https:\/\/protestants-haguenau.fr\/index.php\/wp-json\/wp\/v2\/media?parent=795"}],"curies":[{"name":"wp","href":"https:\/\/api.w.org\/{rel}","templated":true}]}}