{"id":804,"date":"2025-11-25T13:42:00","date_gmt":"2025-11-25T12:42:00","guid":{"rendered":"https:\/\/protestants-haguenau.fr\/?page_id=804"},"modified":"2025-11-27T16:52:05","modified_gmt":"2025-11-27T15:52:05","slug":"visites-a-domicile","status":"publish","type":"page","link":"https:\/\/protestants-haguenau.fr\/index.php\/visites-a-domicile\/","title":{"rendered":"Visites \u00e0 domicile"},"content":{"rendered":"\n<p class=\"has-text-align-center\"><strong>Galates 6,2<\/strong><br>\u00ab Portez les fardeaux les uns des autres. \u00bb<\/p>\n\n\n\n<p>Certaines personnes de notre paroisse \u2014 en raison de l\u2019\u00e2ge, de la maladie, d\u2019une difficult\u00e9 passag\u00e8re ou simplement de l\u2019isolement \u2014 ne peuvent plus participer aussi facilement \u00e0 la vie communautaire.<br>Pour que le lien reste vivant, un groupe de visite se rend r\u00e9guli\u00e8rement aupr\u00e8s de celles et ceux qui ont besoin d\u2019une pr\u00e9sence, d\u2019une \u00e9coute ou d\u2019un moment partag\u00e9.<\/p>\n\n\n\n<p>Ces visites peuvent \u00eatre r\u00e9alis\u00e9es \u00e0 la demande d\u2019une personne ou d\u2019un proche.<br>Elles peuvent aussi \u00eatre propos\u00e9es de l\u2019initiative des visiteuses, lorsqu\u2019un lien particulier existe ou lorsqu\u2019un besoin se fait sentir.<br>Dans tous les cas, les visites sont toujours annonc\u00e9es \u00e0 l\u2019avance : il n\u2019y a jamais de passage inopin\u00e9.<\/p>\n\n\n\n<p>Ce service repose sur une pr\u00e9sence attentive, d\u00e9licate et respectueuse : \u00e9couter, prendre des nouvelles, partager un moment simple, rappeler que chacun garde une place dans la communaut\u00e9, m\u00eame \u00e0 distance.<br>C\u2019est un geste discret, profond\u00e9ment humain, qui veille sur la continuit\u00e9 du lien.<\/p>\n\n\n\n<p>Les personnes engag\u00e9es dans ce minist\u00e8re ont accept\u00e9 de se former afin de vivre ce service avec justesse, respect de l\u2019intimit\u00e9 et bienveillance.<\/p>\n\n\n\n<p>Si vous souhaitez recevoir une visite \u2014 pour vous-m\u00eame ou pour un proche \u2014 vous pouvez en faire la demande aupr\u00e8s du secr\u00e9tariat de la paroisse.<br>Nous prendrons contact avec vous pour convenir d\u2019un moment.<\/p>\n\n\n\n<p>Nous exprimons ici notre reconnaissance chaleureuse \u00e0 toutes celles (et peut-\u00eatre bient\u00f4t ceux) qui accomplissent ce service.<br>Leur engagement humble et fid\u00e8le contribue de mani\u00e8re essentielle \u00e0 faire vivre la solidarit\u00e9 et l\u2019attention mutuelle au sein de notre communaut\u00e9.<\/p>\n","protected":false},"excerpt":{"rendered":"<p>Galates 6,2\u00ab Portez les fardeaux les uns des autres. \u00bb Certaines personnes de notre paroisse \u2014 en raison de l\u2019\u00e2ge, de la maladie, d\u2019une difficult\u00e9 passag\u00e8re ou simplement de l\u2019isolement <a class=\"more-link\" href=\"https:\/\/protestants-haguenau.fr\/index.php\/visites-a-domicile\/\">En savoir plus&#8230;<\/a><\/p>\n","protected":false},"author":1,"featured_media":0,"parent":0,"menu_order":0,"comment_status":"closed","ping_status":"closed","template":"","meta":{"footnotes":""},"class_list":["post-804","page","type-page","status-publish","hentry"],"yoast_head":"<!-- This site is optimized with the Yoast SEO plugin v27.1.1 - https:\/\/yoast.com\/product\/yoast-seo-wordpress\/ -->\n<title>Visites \u00e0 domicile - Paroisse Protestante de Haguenau<\/title>\n<meta name=\"robots\" content=\"index, follow, max-snippet:-1, max-image-preview:large, max-video-preview:-1\" \/>\n<link rel=\"canonical\" href=\"https:\/\/protestants-haguenau.fr\/index.php\/visites-a-domicile\/\" \/>\n<meta property=\"og:locale\" content=\"fr_FR\" \/>\n<meta property=\"og:type\" content=\"article\" \/>\n<meta property=\"og:title\" content=\"Visites \u00e0 domicile - Paroisse Protestante de Haguenau\" \/>\n<meta property=\"og:description\" content=\"Galates 6,2\u00ab Portez les fardeaux les uns des autres. \u00bb Certaines personnes de notre paroisse \u2014 en raison de l\u2019\u00e2ge, de la maladie, d\u2019une difficult\u00e9 passag\u00e8re ou simplement de l\u2019isolement En savoir plus...\" \/>\n<meta property=\"og:url\" content=\"https:\/\/protestants-haguenau.fr\/index.php\/visites-a-domicile\/\" \/>\n<meta property=\"og:site_name\" content=\"Paroisse Protestante de Haguenau\" \/>\n<meta property=\"article:publisher\" content=\"https:\/\/www.facebook.com\/paroisseprotestantehaguenau\/?locale=fr_FR\" \/>\n<meta property=\"article:modified_time\" content=\"2025-11-27T15:52:05+00:00\" \/>\n<meta property=\"og:image\" content=\"https:\/\/protestants-haguenau.fr\/wp-content\/uploads\/2026\/03\/Images-banniere-site.png\" \/>\n\t<meta property=\"og:image:width\" content=\"1200\" \/>\n\t<meta property=\"og:image:height\" content=\"514\" \/>\n\t<meta property=\"og:image:type\" content=\"image\/png\" \/>\n<meta name=\"twitter:card\" content=\"summary_large_image\" \/>\n<meta name=\"twitter:label1\" content=\"Dur\u00e9e de lecture estim\u00e9e\" \/>\n\t<meta name=\"twitter:data1\" content=\"1 minute\" \/>\n<script type=\"application\/ld+json\" class=\"yoast-schema-graph\">{\"@context\":\"https:\/\/schema.org\",\"@graph\":[{\"@type\":\"WebPage\",\"@id\":\"https:\/\/protestants-haguenau.fr\/index.php\/visites-a-domicile\/\",\"url\":\"https:\/\/protestants-haguenau.fr\/index.php\/visites-a-domicile\/\",\"name\":\"Visites \u00e0 domicile - Paroisse Protestante de Haguenau\",\"isPartOf\":{\"@id\":\"https:\/\/protestants-haguenau.fr\/#website\"},\"datePublished\":\"2025-11-25T12:42:00+00:00\",\"dateModified\":\"2025-11-27T15:52:05+00:00\",\"breadcrumb\":{\"@id\":\"https:\/\/protestants-haguenau.fr\/index.php\/visites-a-domicile\/#breadcrumb\"},\"inLanguage\":\"fr-FR\",\"potentialAction\":[{\"@type\":\"ReadAction\",\"target\":[\"https:\/\/protestants-haguenau.fr\/index.php\/visites-a-domicile\/\"]}]},{\"@type\":\"BreadcrumbList\",\"@id\":\"https:\/\/protestants-haguenau.fr\/index.php\/visites-a-domicile\/#breadcrumb\",\"itemListElement\":[{\"@type\":\"ListItem\",\"position\":1,\"name\":\"Accueil\",\"item\":\"https:\/\/protestants-haguenau.fr\/\"},{\"@type\":\"ListItem\",\"position\":2,\"name\":\"Visites \u00e0 domicile\"}]},{\"@type\":\"WebSite\",\"@id\":\"https:\/\/protestants-haguenau.fr\/#website\",\"url\":\"https:\/\/protestants-haguenau.fr\/\",\"name\":\"Paroisse Protestante de Haguenau\",\"description\":\"Actualit\u00e9s et informations\",\"publisher\":{\"@id\":\"https:\/\/protestants-haguenau.fr\/#organization\"},\"potentialAction\":[{\"@type\":\"SearchAction\",\"target\":{\"@type\":\"EntryPoint\",\"urlTemplate\":\"https:\/\/protestants-haguenau.fr\/?s={search_term_string}\"},\"query-input\":{\"@type\":\"PropertyValueSpecification\",\"valueRequired\":true,\"valueName\":\"search_term_string\"}}],\"inLanguage\":\"fr-FR\"},{\"@type\":\"Organization\",\"@id\":\"https:\/\/protestants-haguenau.fr\/#organization\",\"name\":\"Paroisse Protestante de Haguenau\",\"url\":\"https:\/\/protestants-haguenau.fr\/\",\"logo\":{\"@type\":\"ImageObject\",\"inLanguage\":\"fr-FR\",\"@id\":\"https:\/\/protestants-haguenau.fr\/#\/schema\/logo\/image\/\",\"url\":\"https:\/\/protestants-haguenau.fr\/wp-content\/uploads\/2025\/11\/cropped-Plan-de-travail-5.png\",\"contentUrl\":\"https:\/\/protestants-haguenau.fr\/wp-content\/uploads\/2025\/11\/cropped-Plan-de-travail-5.png\",\"width\":300,\"height\":138,\"caption\":\"Paroisse Protestante de Haguenau\"},\"image\":{\"@id\":\"https:\/\/protestants-haguenau.fr\/#\/schema\/logo\/image\/\"},\"sameAs\":[\"https:\/\/www.facebook.com\/paroisseprotestantehaguenau\/?locale=fr_FR\",\"https:\/\/www.instagram.com\/paroisseprotestantehaguenau\/\"]}]}<\/script>\n<!-- \/ Yoast SEO plugin. -->","yoast_head_json":{"title":"Visites \u00e0 domicile - Paroisse Protestante de Haguenau","robots":{"index":"index","follow":"follow","max-snippet":"max-snippet:-1","max-image-preview":"max-image-preview:large","max-video-preview":"max-video-preview:-1"},"canonical":"https:\/\/protestants-haguenau.fr\/index.php\/visites-a-domicile\/","og_locale":"fr_FR","og_type":"article","og_title":"Visites \u00e0 domicile - Paroisse Protestante de Haguenau","og_description":"Galates 6,2\u00ab Portez les fardeaux les uns des autres. \u00bb Certaines personnes de notre paroisse \u2014 en raison de l\u2019\u00e2ge, de la maladie, d\u2019une difficult\u00e9 passag\u00e8re ou simplement de l\u2019isolement En savoir plus...","og_url":"https:\/\/protestants-haguenau.fr\/index.php\/visites-a-domicile\/","og_site_name":"Paroisse Protestante de Haguenau","article_publisher":"https:\/\/www.facebook.com\/paroisseprotestantehaguenau\/?locale=fr_FR","article_modified_time":"2025-11-27T15:52:05+00:00","og_image":[{"width":1200,"height":514,"url":"https:\/\/protestants-haguenau.fr\/wp-content\/uploads\/2026\/03\/Images-banniere-site.png","type":"image\/png"}],"twitter_card":"summary_large_image","twitter_misc":{"Dur\u00e9e de lecture estim\u00e9e":"1 minute"},"schema":{"@context":"https:\/\/schema.org","@graph":[{"@type":"WebPage","@id":"https:\/\/protestants-haguenau.fr\/index.php\/visites-a-domicile\/","url":"https:\/\/protestants-haguenau.fr\/index.php\/visites-a-domicile\/","name":"Visites \u00e0 domicile - Paroisse Protestante de Haguenau","isPartOf":{"@id":"https:\/\/protestants-haguenau.fr\/#website"},"datePublished":"2025-11-25T12:42:00+00:00","dateModified":"2025-11-27T15:52:05+00:00","breadcrumb":{"@id":"https:\/\/protestants-haguenau.fr\/index.php\/visites-a-domicile\/#breadcrumb"},"inLanguage":"fr-FR","potentialAction":[{"@type":"ReadAction","target":["https:\/\/protestants-haguenau.fr\/index.php\/visites-a-domicile\/"]}]},{"@type":"BreadcrumbList","@id":"https:\/\/protestants-haguenau.fr\/index.php\/visites-a-domicile\/#breadcrumb","itemListElement":[{"@type":"ListItem","position":1,"name":"Accueil","item":"https:\/\/protestants-haguenau.fr\/"},{"@type":"ListItem","position":2,"name":"Visites \u00e0 domicile"}]},{"@type":"WebSite","@id":"https:\/\/protestants-haguenau.fr\/#website","url":"https:\/\/protestants-haguenau.fr\/","name":"Paroisse Protestante de Haguenau","description":"Actualit\u00e9s et informations","publisher":{"@id":"https:\/\/protestants-haguenau.fr\/#organization"},"potentialAction":[{"@type":"SearchAction","target":{"@type":"EntryPoint","urlTemplate":"https:\/\/protestants-haguenau.fr\/?s={search_term_string}"},"query-input":{"@type":"PropertyValueSpecification","valueRequired":true,"valueName":"search_term_string"}}],"inLanguage":"fr-FR"},{"@type":"Organization","@id":"https:\/\/protestants-haguenau.fr\/#organization","name":"Paroisse Protestante de Haguenau","url":"https:\/\/protestants-haguenau.fr\/","logo":{"@type":"ImageObject","inLanguage":"fr-FR","@id":"https:\/\/protestants-haguenau.fr\/#\/schema\/logo\/image\/","url":"https:\/\/protestants-haguenau.fr\/wp-content\/uploads\/2025\/11\/cropped-Plan-de-travail-5.png","contentUrl":"https:\/\/protestants-haguenau.fr\/wp-content\/uploads\/2025\/11\/cropped-Plan-de-travail-5.png","width":300,"height":138,"caption":"Paroisse Protestante de Haguenau"},"image":{"@id":"https:\/\/protestants-haguenau.fr\/#\/schema\/logo\/image\/"},"sameAs":["https:\/\/www.facebook.com\/paroisseprotestantehaguenau\/?locale=fr_FR","https:\/\/www.instagram.com\/paroisseprotestantehaguenau\/"]}]}},"_links":{"self":[{"href":"https:\/\/protestants-haguenau.fr\/index.php\/wp-json\/wp\/v2\/pages\/804","targetHints":{"allow":["GET"]}}],"collection":[{"href":"https:\/\/protestants-haguenau.fr\/index.php\/wp-json\/wp\/v2\/pages"}],"about":[{"href":"https:\/\/protestants-haguenau.fr\/index.php\/wp-json\/wp\/v2\/types\/page"}],"author":[{"embeddable":true,"href":"https:\/\/protestants-haguenau.fr\/index.php\/wp-json\/wp\/v2\/users\/1"}],"replies":[{"embeddable":true,"href":"https:\/\/protestants-haguenau.fr\/index.php\/wp-json\/wp\/v2\/comments?post=804"}],"version-history":[{"count":2,"href":"https:\/\/protestants-haguenau.fr\/index.php\/wp-json\/wp\/v2\/pages\/804\/revisions"}],"predecessor-version":[{"id":966,"href":"https:\/\/protestants-haguenau.fr\/index.php\/wp-json\/wp\/v2\/pages\/804\/revisions\/966"}],"wp:attachment":[{"href":"https:\/\/protestants-haguenau.fr\/index.php\/wp-json\/wp\/v2\/media?parent=804"}],"curies":[{"name":"wp","href":"https:\/\/api.w.org\/{rel}","templated":true}]}}