{"id":806,"date":"2025-11-25T13:42:15","date_gmt":"2025-11-25T12:42:15","guid":{"rendered":"https:\/\/protestants-haguenau.fr\/?page_id=806"},"modified":"2026-02-27T07:39:58","modified_gmt":"2026-02-27T06:39:58","slug":"devenir-benevole","status":"publish","type":"page","link":"https:\/\/protestants-haguenau.fr\/index.php\/devenir-benevole\/","title":{"rendered":"Services"},"content":{"rendered":"\n<p>Servir : une belle mani\u00e8re de faire vivre la paroisse<\/p>\n\n\n\n<p class=\"has-text-align-center\"><strong>Colossiens 3,23<\/strong><br>\u00ab Tout ce que vous faites, faites-le de bon c\u0153ur. \u00bb<\/p>\n\n\n\n<p>La vie de notre communaut\u00e9 repose sur de nombreuses personnes qui, avec simplicit\u00e9 et g\u00e9n\u00e9rosit\u00e9, donnent de leur temps pour faire vivre la paroisse.<br>Il n\u2019y a pas de petit service : chacun compte, chacun est pr\u00e9cieux.<\/p>\n\n\n\n<p>Des services vari\u00e9s\u2026 et autant de talents que de besoins<\/p>\n\n\n\n<p>Les possibilit\u00e9s de donner un coup de main sont tr\u00e8s diverses :<br>pr\u00e9parer une salle, entretenir un espace, fleurir l\u2019\u00e9glise, aider lors d\u2019une f\u00eate, ranger, bricoler, accueillir, imaginer une d\u00e9coration\u2026 ou tant d\u2019autres petites t\u00e2ches qui, mises bout \u00e0 bout, font vivre notre communaut\u00e9.<\/p>\n\n\n\n<p>Quelle que soit votre disponibilit\u00e9 ou votre comp\u00e9tence, il y a une place pour vous.<\/p>\n\n\n\n<p>Merci \u00e0 celles et ceux qui servent dans l\u2019ombre<\/p>\n\n\n\n<p>Beaucoup de ces services passent inaper\u00e7us\u2026 et pourtant, ils sont indispensables.<br>Nous exprimons ici notre profonde reconnaissance \u00e0 toutes les personnes fid\u00e8les et discr\u00e8tes qui donnent de leur temps sans compter : gr\u00e2ce \u00e0 elles, la paroisse reste vivante, accueillante et belle.<\/p>\n\n\n\n<p><strong>Envie d\u2019aider ?<\/strong><\/p>\n\n\n\n<p>Vous pouvez contacter le secr\u00e9tariat de la paroisse :<br><strong>T\u00e9l\u00e9phone :<\/strong>\u00a003 88 93 87 17<br><strong>E-mail :<\/strong>\u00a0pph@protestants-haguenau.fr<\/p>\n\n\n\n<p><br>Nous serons heureux de vous orienter selon vos envies et disponibilit\u00e9s.<\/p>\n\n\n\n<p><em>\u201cChacun a re\u00e7u un don particulier : qu\u2019il le mette au service des autres.\u201d<\/em><\/p>\n\n\n\n<p><em>(1 Pierre 4,10)<\/em><\/p>\n","protected":false},"excerpt":{"rendered":"<p>Servir : une belle mani\u00e8re de faire vivre la paroisse Colossiens 3,23\u00ab Tout ce que vous faites, faites-le de bon c\u0153ur. \u00bb La vie de notre communaut\u00e9 repose sur de <a class=\"more-link\" href=\"https:\/\/protestants-haguenau.fr\/index.php\/devenir-benevole\/\">En savoir plus&#8230;<\/a><\/p>\n","protected":false},"author":1,"featured_media":0,"parent":0,"menu_order":0,"comment_status":"closed","ping_status":"closed","template":"","meta":{"footnotes":""},"class_list":["post-806","page","type-page","status-publish","hentry"],"yoast_head":"<!-- This site is optimized with the Yoast SEO plugin v27.1.1 - https:\/\/yoast.com\/product\/yoast-seo-wordpress\/ -->\n<title>Services - Paroisse Protestante de Haguenau<\/title>\n<meta name=\"robots\" content=\"index, follow, max-snippet:-1, max-image-preview:large, max-video-preview:-1\" \/>\n<link rel=\"canonical\" href=\"https:\/\/protestants-haguenau.fr\/index.php\/devenir-benevole\/\" \/>\n<meta property=\"og:locale\" content=\"fr_FR\" \/>\n<meta property=\"og:type\" content=\"article\" \/>\n<meta property=\"og:title\" content=\"Services - Paroisse Protestante de Haguenau\" \/>\n<meta property=\"og:description\" content=\"Servir : une belle mani\u00e8re de faire vivre la paroisse Colossiens 3,23\u00ab Tout ce que vous faites, faites-le de bon c\u0153ur. \u00bb La vie de notre communaut\u00e9 repose sur de En savoir plus...\" \/>\n<meta property=\"og:url\" content=\"https:\/\/protestants-haguenau.fr\/index.php\/devenir-benevole\/\" \/>\n<meta property=\"og:site_name\" content=\"Paroisse Protestante de Haguenau\" \/>\n<meta property=\"article:publisher\" content=\"https:\/\/www.facebook.com\/paroisseprotestantehaguenau\/?locale=fr_FR\" \/>\n<meta property=\"article:modified_time\" content=\"2026-02-27T06:39:58+00:00\" \/>\n<meta property=\"og:image\" content=\"https:\/\/protestants-haguenau.fr\/wp-content\/uploads\/2026\/03\/Images-banniere-site.png\" \/>\n\t<meta property=\"og:image:width\" content=\"1200\" \/>\n\t<meta property=\"og:image:height\" content=\"514\" \/>\n\t<meta property=\"og:image:type\" content=\"image\/png\" \/>\n<meta name=\"twitter:card\" content=\"summary_large_image\" \/>\n<meta name=\"twitter:label1\" content=\"Dur\u00e9e de lecture estim\u00e9e\" \/>\n\t<meta name=\"twitter:data1\" content=\"2 minutes\" \/>\n<script type=\"application\/ld+json\" class=\"yoast-schema-graph\">{\"@context\":\"https:\/\/schema.org\",\"@graph\":[{\"@type\":\"WebPage\",\"@id\":\"https:\/\/protestants-haguenau.fr\/index.php\/devenir-benevole\/\",\"url\":\"https:\/\/protestants-haguenau.fr\/index.php\/devenir-benevole\/\",\"name\":\"Services - Paroisse Protestante de Haguenau\",\"isPartOf\":{\"@id\":\"https:\/\/protestants-haguenau.fr\/#website\"},\"datePublished\":\"2025-11-25T12:42:15+00:00\",\"dateModified\":\"2026-02-27T06:39:58+00:00\",\"breadcrumb\":{\"@id\":\"https:\/\/protestants-haguenau.fr\/index.php\/devenir-benevole\/#breadcrumb\"},\"inLanguage\":\"fr-FR\",\"potentialAction\":[{\"@type\":\"ReadAction\",\"target\":[\"https:\/\/protestants-haguenau.fr\/index.php\/devenir-benevole\/\"]}]},{\"@type\":\"BreadcrumbList\",\"@id\":\"https:\/\/protestants-haguenau.fr\/index.php\/devenir-benevole\/#breadcrumb\",\"itemListElement\":[{\"@type\":\"ListItem\",\"position\":1,\"name\":\"Accueil\",\"item\":\"https:\/\/protestants-haguenau.fr\/\"},{\"@type\":\"ListItem\",\"position\":2,\"name\":\"Services\"}]},{\"@type\":\"WebSite\",\"@id\":\"https:\/\/protestants-haguenau.fr\/#website\",\"url\":\"https:\/\/protestants-haguenau.fr\/\",\"name\":\"Paroisse Protestante de Haguenau\",\"description\":\"Actualit\u00e9s et informations\",\"publisher\":{\"@id\":\"https:\/\/protestants-haguenau.fr\/#organization\"},\"potentialAction\":[{\"@type\":\"SearchAction\",\"target\":{\"@type\":\"EntryPoint\",\"urlTemplate\":\"https:\/\/protestants-haguenau.fr\/?s={search_term_string}\"},\"query-input\":{\"@type\":\"PropertyValueSpecification\",\"valueRequired\":true,\"valueName\":\"search_term_string\"}}],\"inLanguage\":\"fr-FR\"},{\"@type\":\"Organization\",\"@id\":\"https:\/\/protestants-haguenau.fr\/#organization\",\"name\":\"Paroisse Protestante de Haguenau\",\"url\":\"https:\/\/protestants-haguenau.fr\/\",\"logo\":{\"@type\":\"ImageObject\",\"inLanguage\":\"fr-FR\",\"@id\":\"https:\/\/protestants-haguenau.fr\/#\/schema\/logo\/image\/\",\"url\":\"https:\/\/protestants-haguenau.fr\/wp-content\/uploads\/2025\/11\/cropped-Plan-de-travail-5.png\",\"contentUrl\":\"https:\/\/protestants-haguenau.fr\/wp-content\/uploads\/2025\/11\/cropped-Plan-de-travail-5.png\",\"width\":300,\"height\":138,\"caption\":\"Paroisse Protestante de Haguenau\"},\"image\":{\"@id\":\"https:\/\/protestants-haguenau.fr\/#\/schema\/logo\/image\/\"},\"sameAs\":[\"https:\/\/www.facebook.com\/paroisseprotestantehaguenau\/?locale=fr_FR\",\"https:\/\/www.instagram.com\/paroisseprotestantehaguenau\/\"]}]}<\/script>\n<!-- \/ Yoast SEO plugin. -->","yoast_head_json":{"title":"Services - Paroisse Protestante de Haguenau","robots":{"index":"index","follow":"follow","max-snippet":"max-snippet:-1","max-image-preview":"max-image-preview:large","max-video-preview":"max-video-preview:-1"},"canonical":"https:\/\/protestants-haguenau.fr\/index.php\/devenir-benevole\/","og_locale":"fr_FR","og_type":"article","og_title":"Services - Paroisse Protestante de Haguenau","og_description":"Servir : une belle mani\u00e8re de faire vivre la paroisse Colossiens 3,23\u00ab Tout ce que vous faites, faites-le de bon c\u0153ur. \u00bb La vie de notre communaut\u00e9 repose sur de En savoir plus...","og_url":"https:\/\/protestants-haguenau.fr\/index.php\/devenir-benevole\/","og_site_name":"Paroisse Protestante de Haguenau","article_publisher":"https:\/\/www.facebook.com\/paroisseprotestantehaguenau\/?locale=fr_FR","article_modified_time":"2026-02-27T06:39:58+00:00","og_image":[{"width":1200,"height":514,"url":"https:\/\/protestants-haguenau.fr\/wp-content\/uploads\/2026\/03\/Images-banniere-site.png","type":"image\/png"}],"twitter_card":"summary_large_image","twitter_misc":{"Dur\u00e9e de lecture estim\u00e9e":"2 minutes"},"schema":{"@context":"https:\/\/schema.org","@graph":[{"@type":"WebPage","@id":"https:\/\/protestants-haguenau.fr\/index.php\/devenir-benevole\/","url":"https:\/\/protestants-haguenau.fr\/index.php\/devenir-benevole\/","name":"Services - Paroisse Protestante de Haguenau","isPartOf":{"@id":"https:\/\/protestants-haguenau.fr\/#website"},"datePublished":"2025-11-25T12:42:15+00:00","dateModified":"2026-02-27T06:39:58+00:00","breadcrumb":{"@id":"https:\/\/protestants-haguenau.fr\/index.php\/devenir-benevole\/#breadcrumb"},"inLanguage":"fr-FR","potentialAction":[{"@type":"ReadAction","target":["https:\/\/protestants-haguenau.fr\/index.php\/devenir-benevole\/"]}]},{"@type":"BreadcrumbList","@id":"https:\/\/protestants-haguenau.fr\/index.php\/devenir-benevole\/#breadcrumb","itemListElement":[{"@type":"ListItem","position":1,"name":"Accueil","item":"https:\/\/protestants-haguenau.fr\/"},{"@type":"ListItem","position":2,"name":"Services"}]},{"@type":"WebSite","@id":"https:\/\/protestants-haguenau.fr\/#website","url":"https:\/\/protestants-haguenau.fr\/","name":"Paroisse Protestante de Haguenau","description":"Actualit\u00e9s et informations","publisher":{"@id":"https:\/\/protestants-haguenau.fr\/#organization"},"potentialAction":[{"@type":"SearchAction","target":{"@type":"EntryPoint","urlTemplate":"https:\/\/protestants-haguenau.fr\/?s={search_term_string}"},"query-input":{"@type":"PropertyValueSpecification","valueRequired":true,"valueName":"search_term_string"}}],"inLanguage":"fr-FR"},{"@type":"Organization","@id":"https:\/\/protestants-haguenau.fr\/#organization","name":"Paroisse Protestante de Haguenau","url":"https:\/\/protestants-haguenau.fr\/","logo":{"@type":"ImageObject","inLanguage":"fr-FR","@id":"https:\/\/protestants-haguenau.fr\/#\/schema\/logo\/image\/","url":"https:\/\/protestants-haguenau.fr\/wp-content\/uploads\/2025\/11\/cropped-Plan-de-travail-5.png","contentUrl":"https:\/\/protestants-haguenau.fr\/wp-content\/uploads\/2025\/11\/cropped-Plan-de-travail-5.png","width":300,"height":138,"caption":"Paroisse Protestante de Haguenau"},"image":{"@id":"https:\/\/protestants-haguenau.fr\/#\/schema\/logo\/image\/"},"sameAs":["https:\/\/www.facebook.com\/paroisseprotestantehaguenau\/?locale=fr_FR","https:\/\/www.instagram.com\/paroisseprotestantehaguenau\/"]}]}},"_links":{"self":[{"href":"https:\/\/protestants-haguenau.fr\/index.php\/wp-json\/wp\/v2\/pages\/806","targetHints":{"allow":["GET"]}}],"collection":[{"href":"https:\/\/protestants-haguenau.fr\/index.php\/wp-json\/wp\/v2\/pages"}],"about":[{"href":"https:\/\/protestants-haguenau.fr\/index.php\/wp-json\/wp\/v2\/types\/page"}],"author":[{"embeddable":true,"href":"https:\/\/protestants-haguenau.fr\/index.php\/wp-json\/wp\/v2\/users\/1"}],"replies":[{"embeddable":true,"href":"https:\/\/protestants-haguenau.fr\/index.php\/wp-json\/wp\/v2\/comments?post=806"}],"version-history":[{"count":4,"href":"https:\/\/protestants-haguenau.fr\/index.php\/wp-json\/wp\/v2\/pages\/806\/revisions"}],"predecessor-version":[{"id":1434,"href":"https:\/\/protestants-haguenau.fr\/index.php\/wp-json\/wp\/v2\/pages\/806\/revisions\/1434"}],"wp:attachment":[{"href":"https:\/\/protestants-haguenau.fr\/index.php\/wp-json\/wp\/v2\/media?parent=806"}],"curies":[{"name":"wp","href":"https:\/\/api.w.org\/{rel}","templated":true}]}}